{"id":121596,"date":"2025-06-26T17:11:05","date_gmt":"2025-06-26T20:11:05","guid":{"rendered":"https:\/\/www.argensend.com\/?post_type=product&#038;p=121596"},"modified":"2025-06-26T17:13:36","modified_gmt":"2025-06-26T20:13:36","slug":"cocinero-aceite-oliva-virgen-500ml-x1-unidad","status":"publish","type":"product","link":"https:\/\/www.argensend.com\/en\/product\/cocinero-aceite-oliva-virgen-500ml-x1-unidad\/","title":{"rendered":"Cocinero &#8211; Aceite Oliva Virgen &#8211; 500ml x1 Unidad"},"content":{"rendered":"<p>Este producto es un aceite de oliva virgen de alta calidad, ideal para realzar el sabor de tus comidas. Su presentaci\u00f3n de 500ml es perfecta para tener en tu cocina y utilizar en tus recetas favoritas. El aceite de oliva virgen es conocido por sus beneficios para la salud, ya que es rico en \u00e1cidos grasos monoinsaturados que son buenos para el coraz\u00f3n. Adem\u00e1s, es una fuente de antioxidantes que ayudan a proteger el cuerpo contra el da\u00f1o de los radicales libres. Este aceite de oliva virgen es un producto esencial en cualquier cocina, ya sea para aderezar ensaladas, para cocinar o para preparar deliciosas salsas.<\/p>","protected":false},"excerpt":{"rendered":"<p>Este producto es un aceite de oliva virgen de alta calidad, ideal para realzar el sabor de tus comidas. Su presentaci\u00f3n de 500ml es perfecta&#8230;<\/p>","protected":false},"featured_media":121597,"comment_status":"closed","ping_status":"closed","template":"","meta":{"_acf_changed":false,"om_disable_all_campaigns":false,"_monsterinsights_skip_tracking":false,"_monsterinsights_sitenote_active":false,"_monsterinsights_sitenote_note":"","_monsterinsights_sitenote_category":0},"etheme_brands":[],"product_brand":[],"product_cat":[2130],"product_tag":[10751,437,5101,1536,4463],"class_list":{"0":"post-121596","1":"product","2":"type-product","3":"status-publish","4":"has-post-thumbnail","6":"product_cat-sal-especias","7":"product_tag-500ml","8":"product_tag-aceite","9":"product_tag-cocinero","10":"product_tag-oliva","11":"product_tag-virgen","13":"first","14":"instock","15":"taxable","16":"shipping-taxable","17":"purchasable","18":"product-type-simple"},"acf":[],"aioseo_notices":[],"_links":{"self":[{"href":"https:\/\/www.argensend.com\/en\/wp-json\/wp\/v2\/product\/121596","targetHints":{"allow":["GET"]}}],"collection":[{"href":"https:\/\/www.argensend.com\/en\/wp-json\/wp\/v2\/product"}],"about":[{"href":"https:\/\/www.argensend.com\/en\/wp-json\/wp\/v2\/types\/product"}],"replies":[{"embeddable":true,"href":"https:\/\/www.argensend.com\/en\/wp-json\/wp\/v2\/comments?post=121596"}],"version-history":[{"count":1,"href":"https:\/\/www.argensend.com\/en\/wp-json\/wp\/v2\/product\/121596\/revisions"}],"predecessor-version":[{"id":121598,"href":"https:\/\/www.argensend.com\/en\/wp-json\/wp\/v2\/product\/121596\/revisions\/121598"}],"wp:featuredmedia":[{"embeddable":true,"href":"https:\/\/www.argensend.com\/en\/wp-json\/wp\/v2\/media\/121597"}],"wp:attachment":[{"href":"https:\/\/www.argensend.com\/en\/wp-json\/wp\/v2\/media?parent=121596"}],"wp:term":[{"taxonomy":"brand","embeddable":true,"href":"https:\/\/www.argensend.com\/en\/wp-json\/wp\/v2\/etheme_brands?post=121596"},{"taxonomy":"product_brand","embeddable":true,"href":"https:\/\/www.argensend.com\/en\/wp-json\/wp\/v2\/product_brand?post=121596"},{"taxonomy":"product_cat","embeddable":true,"href":"https:\/\/www.argensend.com\/en\/wp-json\/wp\/v2\/product_cat?post=121596"},{"taxonomy":"product_tag","embeddable":true,"href":"https:\/\/www.argensend.com\/en\/wp-json\/wp\/v2\/product_tag?post=121596"}],"curies":[{"name":"wp","href":"https:\/\/api.w.org\/{rel}","templated":true}]}}