{"id":121604,"date":"2025-06-27T14:16:44","date_gmt":"2025-06-27T17:16:44","guid":{"rendered":"https:\/\/www.argensend.com\/?post_type=product&#038;p=121604"},"modified":"2025-06-27T14:18:55","modified_gmt":"2025-06-27T17:18:55","slug":"cocinero-aceite-oliva-extra-virgen-intenso-500ml-x1-unidad","status":"publish","type":"product","link":"https:\/\/www.argensend.com\/en\/product\/cocinero-aceite-oliva-extra-virgen-intenso-500ml-x1-unidad\/","title":{"rendered":"Cocinero &#8211; Aceite Oliva Extra Virgen Intenso &#8211; 500ml x1 Unidad"},"content":{"rendered":"<div>Disfruta de la excelencia en cada bocado con el Aceite de Oliva Extra Intenso de 500 ml Cocinero Sin TACC. Este aceite de oliva virgen extra de alta calidad destaca por su sabor intenso y aroma caracter\u00edstico que realza el sabor de tus platos favoritos. Adem\u00e1s, al ser apto para cel\u00edacos y estar libre de gluten, es una opci\u00f3n segura y deliciosa para todos. Aporta beneficios para la salud al ser rico en \u00e1cidos grasos saludables y antioxidantes, convirti\u00e9ndose en el aliado perfecto para tus ensaladas, pastas y preparaciones gourmet. Descubre la calidad y versatilidad de este aceite de oliva premium en cada cocina.<\/div>\n<div><\/div>","protected":false},"excerpt":{"rendered":"<p>Disfruta de la excelencia en cada bocado con el Aceite de Oliva Extra Intenso de 500 ml Cocinero Sin TACC. Este aceite de oliva virgen&#8230;<\/p>","protected":false},"featured_media":121605,"comment_status":"closed","ping_status":"closed","template":"","meta":{"_acf_changed":false,"om_disable_all_campaigns":false,"_monsterinsights_skip_tracking":false,"_monsterinsights_sitenote_active":false,"_monsterinsights_sitenote_note":"","_monsterinsights_sitenote_category":0},"etheme_brands":[],"product_brand":[],"product_cat":[2130],"product_tag":[10751,437,5101,443,1735,1536],"class_list":{"0":"post-121604","1":"product","2":"type-product","3":"status-publish","4":"has-post-thumbnail","6":"product_cat-sal-especias","7":"product_tag-500ml","8":"product_tag-aceite","9":"product_tag-cocinero","10":"product_tag-extra-virgen","11":"product_tag-intenso","12":"product_tag-oliva","14":"first","15":"instock","16":"taxable","17":"shipping-taxable","18":"purchasable","19":"product-type-simple"},"acf":[],"aioseo_notices":[],"_links":{"self":[{"href":"https:\/\/www.argensend.com\/en\/wp-json\/wp\/v2\/product\/121604","targetHints":{"allow":["GET"]}}],"collection":[{"href":"https:\/\/www.argensend.com\/en\/wp-json\/wp\/v2\/product"}],"about":[{"href":"https:\/\/www.argensend.com\/en\/wp-json\/wp\/v2\/types\/product"}],"replies":[{"embeddable":true,"href":"https:\/\/www.argensend.com\/en\/wp-json\/wp\/v2\/comments?post=121604"}],"version-history":[{"count":1,"href":"https:\/\/www.argensend.com\/en\/wp-json\/wp\/v2\/product\/121604\/revisions"}],"predecessor-version":[{"id":121606,"href":"https:\/\/www.argensend.com\/en\/wp-json\/wp\/v2\/product\/121604\/revisions\/121606"}],"wp:featuredmedia":[{"embeddable":true,"href":"https:\/\/www.argensend.com\/en\/wp-json\/wp\/v2\/media\/121605"}],"wp:attachment":[{"href":"https:\/\/www.argensend.com\/en\/wp-json\/wp\/v2\/media?parent=121604"}],"wp:term":[{"taxonomy":"brand","embeddable":true,"href":"https:\/\/www.argensend.com\/en\/wp-json\/wp\/v2\/etheme_brands?post=121604"},{"taxonomy":"product_brand","embeddable":true,"href":"https:\/\/www.argensend.com\/en\/wp-json\/wp\/v2\/product_brand?post=121604"},{"taxonomy":"product_cat","embeddable":true,"href":"https:\/\/www.argensend.com\/en\/wp-json\/wp\/v2\/product_cat?post=121604"},{"taxonomy":"product_tag","embeddable":true,"href":"https:\/\/www.argensend.com\/en\/wp-json\/wp\/v2\/product_tag?post=121604"}],"curies":[{"name":"wp","href":"https:\/\/api.w.org\/{rel}","templated":true}]}}