{"id":121619,"date":"2025-06-27T15:56:22","date_gmt":"2025-06-27T18:56:22","guid":{"rendered":"https:\/\/www.argensend.com\/?post_type=product&#038;p=121619"},"modified":"2025-06-27T15:59:44","modified_gmt":"2025-06-27T18:59:44","slug":"listerine-enjuague-bucal-cool-mint-frescura-suave-500ml-x4-unidades","status":"publish","type":"product","link":"https:\/\/www.argensend.com\/en\/product\/listerine-enjuague-bucal-cool-mint-frescura-suave-500ml-x4-unidades\/","title":{"rendered":"Listerine &#8211; Enjuague Bucal Cool Mint Frescura Suave &#8211; 500ml x4 Unidades"},"content":{"rendered":"<p>El enjuague bucal Listerine Zero Menta Suave es libre de alcohol y brinda un sabor m\u00e1s suave. Ayuda a combatir los g\u00e9rmenes que causan el mal aliento y la placa bacteriana, protegiendo las enc\u00ed\u00adas.<\/p>","protected":false},"excerpt":{"rendered":"<div class=\"text-item\">\n<div class=\"rich-text\">\n<p><strong><span style=\"font-family: Arial; font-size: large;\">Modo de uso:<\/span><\/strong><\/p>\n<p><span style=\"font-family: Arial; font-size: large;\">El cepillado regular dos veces al d\u00eda con la pasta de dientes natural\u00a0 Weleda previene las manchas y la acumulaci\u00f3n de sarro. Para mejores resultados, \u00faselo en un cepillo de dientes seco.\u00a0<\/span><\/p>\n<\/div>\n<\/div>\n<div class=\"text-item\">\n<h3><span style=\"font-family: Arial; font-size: large;\">Beneficios<\/span><\/h3>\n<div class=\"rich-text\">\n<p><span style=\"font-family: Arial; font-size: large;\">La sal marina tiene un efecto que estimula la salivaci\u00f3n en la boca. En Weleda formulamos esta pasta dental salina para permitir que la saliva haga su trabajo<br \/>\nnatural, limpiando suavemente toda la boca. Los extractos naturales de ra\u00edz de ratania, mirra y corteza de casta\u00f1o, tonifican las enc\u00edas, mientras que las<br \/>\nsuaves part\u00edculas abrasivas limpian los dientes para evitar la formaci\u00f3n de placa y sarro, protegiendo contra la formaci\u00f3n de caries. El sabor \u00e1cido y salado es a\u00fan<br \/>\nm\u00e1s refrescante con el aceite esencial de menta, para una limpieza dental fresca y sin fl\u00faor.<\/span><\/p>\n<\/div>\n<\/div>","protected":false},"featured_media":121620,"comment_status":"open","ping_status":"closed","template":"","meta":{"_acf_changed":false,"om_disable_all_campaigns":false,"_monsterinsights_skip_tracking":false,"_monsterinsights_sitenote_active":false,"_monsterinsights_sitenote_note":"","_monsterinsights_sitenote_category":0},"etheme_brands":[],"product_brand":[],"product_cat":[8935],"product_tag":[10759,10755,10395,10753,10758,9673,10754],"class_list":{"0":"post-121619","1":"product","2":"type-product","3":"status-publish","4":"has-post-thumbnail","6":"product_cat-belleza-y-salud","7":"product_tag-cool-mint","8":"product_tag-cuidado-total","9":"product_tag-dentifrico","10":"product_tag-enjuage-bucal","11":"product_tag-frescura-suave","12":"product_tag-higiene","13":"product_tag-menta-suave","15":"first","16":"instock","17":"taxable","18":"shipping-taxable","19":"purchasable","20":"product-type-simple"},"acf":[],"aioseo_notices":[],"_links":{"self":[{"href":"https:\/\/www.argensend.com\/en\/wp-json\/wp\/v2\/product\/121619","targetHints":{"allow":["GET"]}}],"collection":[{"href":"https:\/\/www.argensend.com\/en\/wp-json\/wp\/v2\/product"}],"about":[{"href":"https:\/\/www.argensend.com\/en\/wp-json\/wp\/v2\/types\/product"}],"replies":[{"embeddable":true,"href":"https:\/\/www.argensend.com\/en\/wp-json\/wp\/v2\/comments?post=121619"}],"version-history":[{"count":1,"href":"https:\/\/www.argensend.com\/en\/wp-json\/wp\/v2\/product\/121619\/revisions"}],"predecessor-version":[{"id":121621,"href":"https:\/\/www.argensend.com\/en\/wp-json\/wp\/v2\/product\/121619\/revisions\/121621"}],"wp:featuredmedia":[{"embeddable":true,"href":"https:\/\/www.argensend.com\/en\/wp-json\/wp\/v2\/media\/121620"}],"wp:attachment":[{"href":"https:\/\/www.argensend.com\/en\/wp-json\/wp\/v2\/media?parent=121619"}],"wp:term":[{"taxonomy":"brand","embeddable":true,"href":"https:\/\/www.argensend.com\/en\/wp-json\/wp\/v2\/etheme_brands?post=121619"},{"taxonomy":"product_brand","embeddable":true,"href":"https:\/\/www.argensend.com\/en\/wp-json\/wp\/v2\/product_brand?post=121619"},{"taxonomy":"product_cat","embeddable":true,"href":"https:\/\/www.argensend.com\/en\/wp-json\/wp\/v2\/product_cat?post=121619"},{"taxonomy":"product_tag","embeddable":true,"href":"https:\/\/www.argensend.com\/en\/wp-json\/wp\/v2\/product_tag?post=121619"}],"curies":[{"name":"wp","href":"https:\/\/api.w.org\/{rel}","templated":true}]}}