{"id":121652,"date":"2025-06-30T13:51:52","date_gmt":"2025-06-30T16:51:52","guid":{"rendered":"https:\/\/www.argensend.com\/?post_type=product&#038;p=121652"},"modified":"2025-06-30T14:24:04","modified_gmt":"2025-06-30T17:24:04","slug":"nivea-protector-labial-humectante-med-repair-144gr-x3-unidades","status":"publish","type":"product","link":"https:\/\/www.argensend.com\/en\/product\/nivea-protector-labial-humectante-med-repair-144gr-x3-unidades\/","title":{"rendered":"Nivea &#8211; Protector Labial Humectante Med Repair &#8211; 14,4gr x3 unidades"},"content":{"rendered":"<p>Brinda protecci\u00f3n instant\u00e1nea a los labios y los repara. Su delicada f\u00f3rmula con Aceites de origen natural crea una barrera de protecci\u00f3n para los labios, manteni\u00e9ndolos suaves y humectados por 24 horas. Repara y evita el resecamiento.<\/p>","protected":false},"excerpt":{"rendered":"<p>Brinda protecci\u00f3n instant\u00e1nea a los labios y los repara. Su delicada f\u00f3rmula con Aceites de origen natural crea una barrera de protecci\u00f3n para los labios,&#8230;<\/p>","protected":false},"featured_media":121653,"comment_status":"closed","ping_status":"closed","template":"","meta":{"_acf_changed":false,"om_disable_all_campaigns":false,"_monsterinsights_skip_tracking":false,"_monsterinsights_sitenote_active":false,"_monsterinsights_sitenote_note":"","_monsterinsights_sitenote_category":0},"etheme_brands":[],"product_brand":[],"product_cat":[8935,8819],"product_tag":[10768,1268,5426,4489,10769,6437,10767],"class_list":{"0":"post-121652","1":"product","2":"type-product","3":"status-publish","4":"has-post-thumbnail","6":"product_cat-belleza-y-salud","7":"product_cat-farmacia","8":"product_tag-14-4gr","9":"product_tag-3-unidades","10":"product_tag-balsamo","11":"product_tag-humectante","12":"product_tag-med-repair","13":"product_tag-nivea","14":"product_tag-protector-labial","16":"first","17":"instock","18":"taxable","19":"shipping-taxable","20":"purchasable","21":"product-type-simple"},"acf":[],"aioseo_notices":[],"_links":{"self":[{"href":"https:\/\/www.argensend.com\/en\/wp-json\/wp\/v2\/product\/121652","targetHints":{"allow":["GET"]}}],"collection":[{"href":"https:\/\/www.argensend.com\/en\/wp-json\/wp\/v2\/product"}],"about":[{"href":"https:\/\/www.argensend.com\/en\/wp-json\/wp\/v2\/types\/product"}],"replies":[{"embeddable":true,"href":"https:\/\/www.argensend.com\/en\/wp-json\/wp\/v2\/comments?post=121652"}],"version-history":[{"count":3,"href":"https:\/\/www.argensend.com\/en\/wp-json\/wp\/v2\/product\/121652\/revisions"}],"predecessor-version":[{"id":121670,"href":"https:\/\/www.argensend.com\/en\/wp-json\/wp\/v2\/product\/121652\/revisions\/121670"}],"wp:featuredmedia":[{"embeddable":true,"href":"https:\/\/www.argensend.com\/en\/wp-json\/wp\/v2\/media\/121653"}],"wp:attachment":[{"href":"https:\/\/www.argensend.com\/en\/wp-json\/wp\/v2\/media?parent=121652"}],"wp:term":[{"taxonomy":"brand","embeddable":true,"href":"https:\/\/www.argensend.com\/en\/wp-json\/wp\/v2\/etheme_brands?post=121652"},{"taxonomy":"product_brand","embeddable":true,"href":"https:\/\/www.argensend.com\/en\/wp-json\/wp\/v2\/product_brand?post=121652"},{"taxonomy":"product_cat","embeddable":true,"href":"https:\/\/www.argensend.com\/en\/wp-json\/wp\/v2\/product_cat?post=121652"},{"taxonomy":"product_tag","embeddable":true,"href":"https:\/\/www.argensend.com\/en\/wp-json\/wp\/v2\/product_tag?post=121652"}],"curies":[{"name":"wp","href":"https:\/\/api.w.org\/{rel}","templated":true}]}}