{"id":121658,"date":"2025-06-30T14:03:18","date_gmt":"2025-06-30T17:03:18","guid":{"rendered":"https:\/\/www.argensend.com\/?post_type=product&#038;p=121658"},"modified":"2025-06-30T14:23:45","modified_gmt":"2025-06-30T17:23:45","slug":"nivea-protector-labial-soft-rose-humectante-144gr-x3-unidades","status":"publish","type":"product","link":"https:\/\/www.argensend.com\/en\/product\/nivea-protector-labial-soft-rose-humectante-144gr-x3-unidades\/","title":{"rendered":"Nivea &#8211; Protector Labial Soft Ros\u00e9 Humectante &#8211; 14,4gr x3 unidades"},"content":{"rendered":"<p>Mantiene los labios humectados por 24 horas. Su f\u00f3rmula con Extracto de Flor de Rosa se funde instant\u00e1neamente y resalta el tono rosa natural de los labios, dej\u00e1ndolos suaves y protegidos. Es adecuado para todo tipo de pieles.<\/p>","protected":false},"excerpt":{"rendered":"<p>Mantiene los labios humectados por 24 horas. Su f\u00f3rmula con Extracto de Flor de Rosa se funde instant\u00e1neamente y resalta el tono rosa natural de&#8230;<\/p>","protected":false},"featured_media":121659,"comment_status":"closed","ping_status":"closed","template":"","meta":{"_acf_changed":false,"om_disable_all_campaigns":false,"_monsterinsights_skip_tracking":false,"_monsterinsights_sitenote_active":false,"_monsterinsights_sitenote_note":"","_monsterinsights_sitenote_category":0},"etheme_brands":[],"product_brand":[],"product_cat":[8935,8819],"product_tag":[10768,1268,5426,4489,6437,10767,10770],"class_list":{"0":"post-121658","1":"product","2":"type-product","3":"status-publish","4":"has-post-thumbnail","6":"product_cat-belleza-y-salud","7":"product_cat-farmacia","8":"product_tag-14-4gr","9":"product_tag-3-unidades","10":"product_tag-balsamo","11":"product_tag-humectante","12":"product_tag-nivea","13":"product_tag-protector-labial","14":"product_tag-soft-rose","16":"first","17":"instock","18":"taxable","19":"shipping-taxable","20":"purchasable","21":"product-type-simple"},"acf":[],"aioseo_notices":[],"_links":{"self":[{"href":"https:\/\/www.argensend.com\/en\/wp-json\/wp\/v2\/product\/121658","targetHints":{"allow":["GET"]}}],"collection":[{"href":"https:\/\/www.argensend.com\/en\/wp-json\/wp\/v2\/product"}],"about":[{"href":"https:\/\/www.argensend.com\/en\/wp-json\/wp\/v2\/types\/product"}],"replies":[{"embeddable":true,"href":"https:\/\/www.argensend.com\/en\/wp-json\/wp\/v2\/comments?post=121658"}],"version-history":[{"count":2,"href":"https:\/\/www.argensend.com\/en\/wp-json\/wp\/v2\/product\/121658\/revisions"}],"predecessor-version":[{"id":121669,"href":"https:\/\/www.argensend.com\/en\/wp-json\/wp\/v2\/product\/121658\/revisions\/121669"}],"wp:featuredmedia":[{"embeddable":true,"href":"https:\/\/www.argensend.com\/en\/wp-json\/wp\/v2\/media\/121659"}],"wp:attachment":[{"href":"https:\/\/www.argensend.com\/en\/wp-json\/wp\/v2\/media?parent=121658"}],"wp:term":[{"taxonomy":"brand","embeddable":true,"href":"https:\/\/www.argensend.com\/en\/wp-json\/wp\/v2\/etheme_brands?post=121658"},{"taxonomy":"product_brand","embeddable":true,"href":"https:\/\/www.argensend.com\/en\/wp-json\/wp\/v2\/product_brand?post=121658"},{"taxonomy":"product_cat","embeddable":true,"href":"https:\/\/www.argensend.com\/en\/wp-json\/wp\/v2\/product_cat?post=121658"},{"taxonomy":"product_tag","embeddable":true,"href":"https:\/\/www.argensend.com\/en\/wp-json\/wp\/v2\/product_tag?post=121658"}],"curies":[{"name":"wp","href":"https:\/\/api.w.org\/{rel}","templated":true}]}}