{"id":121664,"date":"2025-06-30T14:18:08","date_gmt":"2025-06-30T17:18:08","guid":{"rendered":"https:\/\/www.argensend.com\/?post_type=product&#038;p=121664"},"modified":"2025-06-30T14:21:17","modified_gmt":"2025-06-30T17:21:17","slug":"nivea-protector-labial-vainilla-buttercream-humectante-144gr-x3-unidades","status":"publish","type":"product","link":"https:\/\/www.argensend.com\/en\/product\/nivea-protector-labial-vainilla-buttercream-humectante-144gr-x3-unidades\/","title":{"rendered":"Nivea &#8211; Protector Labial Vainilla Buttercream Humectante &#8211; 14,4gr x3 unidades"},"content":{"rendered":"<p>Cuida los labios para mantenerlos suaves y protegerlos del resecamiento durante todo el d\u00eda. Adem\u00e1s, mantiene los labios hidratados por 24 horas. Es adecuado para todo tipo de pieles y est\u00e1 probado dermatol\u00f3gicamente.<\/p>","protected":false},"excerpt":{"rendered":"<p>Cuida los labios para mantenerlos suaves y protegerlos del resecamiento durante todo el d\u00eda. Adem\u00e1s, mantiene los labios hidratados por 24 horas. Es adecuado para&#8230;<\/p>","protected":false},"featured_media":121667,"comment_status":"closed","ping_status":"closed","template":"","meta":{"_acf_changed":false,"om_disable_all_campaigns":false,"_monsterinsights_skip_tracking":false,"_monsterinsights_sitenote_active":false,"_monsterinsights_sitenote_note":"","_monsterinsights_sitenote_category":0},"etheme_brands":[],"product_brand":[],"product_cat":[8935,8819],"product_tag":[10768,1268,5426,4489,6437,10767,10771],"class_list":{"0":"post-121664","1":"product","2":"type-product","3":"status-publish","4":"has-post-thumbnail","6":"product_cat-belleza-y-salud","7":"product_cat-farmacia","8":"product_tag-14-4gr","9":"product_tag-3-unidades","10":"product_tag-balsamo","11":"product_tag-humectante","12":"product_tag-nivea","13":"product_tag-protector-labial","14":"product_tag-vainilla-buttercream","16":"first","17":"instock","18":"taxable","19":"shipping-taxable","20":"purchasable","21":"product-type-simple"},"acf":[],"aioseo_notices":[],"_links":{"self":[{"href":"https:\/\/www.argensend.com\/en\/wp-json\/wp\/v2\/product\/121664","targetHints":{"allow":["GET"]}}],"collection":[{"href":"https:\/\/www.argensend.com\/en\/wp-json\/wp\/v2\/product"}],"about":[{"href":"https:\/\/www.argensend.com\/en\/wp-json\/wp\/v2\/types\/product"}],"replies":[{"embeddable":true,"href":"https:\/\/www.argensend.com\/en\/wp-json\/wp\/v2\/comments?post=121664"}],"version-history":[{"count":1,"href":"https:\/\/www.argensend.com\/en\/wp-json\/wp\/v2\/product\/121664\/revisions"}],"predecessor-version":[{"id":121668,"href":"https:\/\/www.argensend.com\/en\/wp-json\/wp\/v2\/product\/121664\/revisions\/121668"}],"wp:featuredmedia":[{"embeddable":true,"href":"https:\/\/www.argensend.com\/en\/wp-json\/wp\/v2\/media\/121667"}],"wp:attachment":[{"href":"https:\/\/www.argensend.com\/en\/wp-json\/wp\/v2\/media?parent=121664"}],"wp:term":[{"taxonomy":"brand","embeddable":true,"href":"https:\/\/www.argensend.com\/en\/wp-json\/wp\/v2\/etheme_brands?post=121664"},{"taxonomy":"product_brand","embeddable":true,"href":"https:\/\/www.argensend.com\/en\/wp-json\/wp\/v2\/product_brand?post=121664"},{"taxonomy":"product_cat","embeddable":true,"href":"https:\/\/www.argensend.com\/en\/wp-json\/wp\/v2\/product_cat?post=121664"},{"taxonomy":"product_tag","embeddable":true,"href":"https:\/\/www.argensend.com\/en\/wp-json\/wp\/v2\/product_tag?post=121664"}],"curies":[{"name":"wp","href":"https:\/\/api.w.org\/{rel}","templated":true}]}}