{"id":121685,"date":"2025-06-30T15:40:01","date_gmt":"2025-06-30T18:40:01","guid":{"rendered":"https:\/\/www.argensend.com\/?post_type=product&#038;p=121685"},"modified":"2025-06-30T15:42:31","modified_gmt":"2025-06-30T18:42:31","slug":"nivea-rose-care-agua-micelar-bifasica-desmaquillante-para-todo-tipo-de-piel-400ml-x1-unidad","status":"publish","type":"product","link":"https:\/\/www.argensend.com\/en\/product\/nivea-rose-care-agua-micelar-bifasica-desmaquillante-para-todo-tipo-de-piel-400ml-x1-unidad\/","title":{"rendered":"Nivea &#8211; Rose Care Agua Micelar Bif\u00e1sica Desmaquillante Para Todo Tipo De Piel &#8211; 400ml x1 Unidad"},"content":{"rendered":"<p>Ideal para maquillaje a prueba de agua con Agua de Rosas Org\u00e1nica, posee una f\u00f3rmula que limpia profundamente y purifica, remueve efectivamente el maquillaje a prueba de agua, entrega hidrataci\u00f3n inmediata y prolongada por 24 horas.<\/p>","protected":false},"excerpt":{"rendered":"<p>Ideal para maquillaje a prueba de agua con Agua de Rosas Org\u00e1nica, posee una f\u00f3rmula que limpia profundamente y purifica, remueve efectivamente el maquillaje a&#8230;<\/p>","protected":false},"featured_media":121686,"comment_status":"closed","ping_status":"closed","template":"","meta":{"_acf_changed":false,"om_disable_all_campaigns":false,"_monsterinsights_skip_tracking":false,"_monsterinsights_sitenote_active":false,"_monsterinsights_sitenote_note":"","_monsterinsights_sitenote_category":0},"etheme_brands":[],"product_brand":[],"product_cat":[8935,8819],"product_tag":[9158,9735,10777,9217,6437,10778],"class_list":{"0":"post-121685","1":"product","2":"type-product","3":"status-publish","4":"has-post-thumbnail","6":"product_cat-belleza-y-salud","7":"product_cat-farmacia","8":"product_tag-400ml","9":"product_tag-agua-micelar","10":"product_tag-bifasica","11":"product_tag-desmaquillante","12":"product_tag-nivea","13":"product_tag-todo-tipo-de-piel","15":"first","16":"instock","17":"taxable","18":"shipping-taxable","19":"purchasable","20":"product-type-simple"},"acf":[],"aioseo_notices":[],"_links":{"self":[{"href":"https:\/\/www.argensend.com\/en\/wp-json\/wp\/v2\/product\/121685","targetHints":{"allow":["GET"]}}],"collection":[{"href":"https:\/\/www.argensend.com\/en\/wp-json\/wp\/v2\/product"}],"about":[{"href":"https:\/\/www.argensend.com\/en\/wp-json\/wp\/v2\/types\/product"}],"replies":[{"embeddable":true,"href":"https:\/\/www.argensend.com\/en\/wp-json\/wp\/v2\/comments?post=121685"}],"version-history":[{"count":1,"href":"https:\/\/www.argensend.com\/en\/wp-json\/wp\/v2\/product\/121685\/revisions"}],"predecessor-version":[{"id":121687,"href":"https:\/\/www.argensend.com\/en\/wp-json\/wp\/v2\/product\/121685\/revisions\/121687"}],"wp:featuredmedia":[{"embeddable":true,"href":"https:\/\/www.argensend.com\/en\/wp-json\/wp\/v2\/media\/121686"}],"wp:attachment":[{"href":"https:\/\/www.argensend.com\/en\/wp-json\/wp\/v2\/media?parent=121685"}],"wp:term":[{"taxonomy":"brand","embeddable":true,"href":"https:\/\/www.argensend.com\/en\/wp-json\/wp\/v2\/etheme_brands?post=121685"},{"taxonomy":"product_brand","embeddable":true,"href":"https:\/\/www.argensend.com\/en\/wp-json\/wp\/v2\/product_brand?post=121685"},{"taxonomy":"product_cat","embeddable":true,"href":"https:\/\/www.argensend.com\/en\/wp-json\/wp\/v2\/product_cat?post=121685"},{"taxonomy":"product_tag","embeddable":true,"href":"https:\/\/www.argensend.com\/en\/wp-json\/wp\/v2\/product_tag?post=121685"}],"curies":[{"name":"wp","href":"https:\/\/api.w.org\/{rel}","templated":true}]}}