{"id":121688,"date":"2025-06-30T15:55:16","date_gmt":"2025-06-30T18:55:16","guid":{"rendered":"https:\/\/www.argensend.com\/?post_type=product&#038;p=121688"},"modified":"2025-06-30T15:57:26","modified_gmt":"2025-06-30T18:57:26","slug":"nivea-energizante-agua-micelar-complejo-de-aminoacidos-para-todo-tipo-de-piel-400ml-x1-unidad","status":"publish","type":"product","link":"https:\/\/www.argensend.com\/en\/product\/nivea-energizante-agua-micelar-complejo-de-aminoacidos-para-todo-tipo-de-piel-400ml-x1-unidad\/","title":{"rendered":"Nivea &#8211; Energizante Agua Micelar Complejo De Amino\u00e1cidos Para Todo Tipo De Piel &#8211; 400ml x1 Unidad"},"content":{"rendered":"<p>Limpia profundamente y remueve eficazmente el maquillaje. Su f\u00f3rmula contiene antioxidantes: vitamina C, vitamina B3 y extracto de ar\u00e1ndano, ingredientes que energizan y revitalizan la piel, dej\u00e1ndola fresca y suave.<\/p>","protected":false},"excerpt":{"rendered":"<p>Limpia profundamente y remueve eficazmente el maquillaje. Su f\u00f3rmula contiene antioxidantes: vitamina C, vitamina B3 y extracto de ar\u00e1ndano, ingredientes que energizan y revitalizan la&#8230;<\/p>","protected":false},"featured_media":121689,"comment_status":"closed","ping_status":"closed","template":"","meta":{"_acf_changed":false,"om_disable_all_campaigns":false,"_monsterinsights_skip_tracking":false,"_monsterinsights_sitenote_active":false,"_monsterinsights_sitenote_note":"","_monsterinsights_sitenote_category":0},"etheme_brands":[],"product_brand":[],"product_cat":[8935,8819],"product_tag":[9158,9735,10779,4322,6437,10778],"class_list":{"0":"post-121688","1":"product","2":"type-product","3":"status-publish","4":"has-post-thumbnail","6":"product_cat-belleza-y-salud","7":"product_cat-farmacia","8":"product_tag-400ml","9":"product_tag-agua-micelar","10":"product_tag-complejo-de-aminoacidos","11":"product_tag-energizante","12":"product_tag-nivea","13":"product_tag-todo-tipo-de-piel","15":"first","16":"instock","17":"taxable","18":"shipping-taxable","19":"purchasable","20":"product-type-simple"},"acf":[],"aioseo_notices":[],"_links":{"self":[{"href":"https:\/\/www.argensend.com\/en\/wp-json\/wp\/v2\/product\/121688","targetHints":{"allow":["GET"]}}],"collection":[{"href":"https:\/\/www.argensend.com\/en\/wp-json\/wp\/v2\/product"}],"about":[{"href":"https:\/\/www.argensend.com\/en\/wp-json\/wp\/v2\/types\/product"}],"replies":[{"embeddable":true,"href":"https:\/\/www.argensend.com\/en\/wp-json\/wp\/v2\/comments?post=121688"}],"version-history":[{"count":2,"href":"https:\/\/www.argensend.com\/en\/wp-json\/wp\/v2\/product\/121688\/revisions"}],"predecessor-version":[{"id":121691,"href":"https:\/\/www.argensend.com\/en\/wp-json\/wp\/v2\/product\/121688\/revisions\/121691"}],"wp:featuredmedia":[{"embeddable":true,"href":"https:\/\/www.argensend.com\/en\/wp-json\/wp\/v2\/media\/121689"}],"wp:attachment":[{"href":"https:\/\/www.argensend.com\/en\/wp-json\/wp\/v2\/media?parent=121688"}],"wp:term":[{"taxonomy":"brand","embeddable":true,"href":"https:\/\/www.argensend.com\/en\/wp-json\/wp\/v2\/etheme_brands?post=121688"},{"taxonomy":"product_brand","embeddable":true,"href":"https:\/\/www.argensend.com\/en\/wp-json\/wp\/v2\/product_brand?post=121688"},{"taxonomy":"product_cat","embeddable":true,"href":"https:\/\/www.argensend.com\/en\/wp-json\/wp\/v2\/product_cat?post=121688"},{"taxonomy":"product_tag","embeddable":true,"href":"https:\/\/www.argensend.com\/en\/wp-json\/wp\/v2\/product_tag?post=121688"}],"curies":[{"name":"wp","href":"https:\/\/api.w.org\/{rel}","templated":true}]}}