{"id":121711,"date":"2025-07-01T13:42:04","date_gmt":"2025-07-01T16:42:04","guid":{"rendered":"https:\/\/www.argensend.com\/?post_type=product&#038;p=121711"},"modified":"2025-07-01T13:45:19","modified_gmt":"2025-07-01T16:45:19","slug":"nivea-cuidado-nutritivo-5-en-1-crema-facial-100ml-x3-unidades","status":"publish","type":"product","link":"https:\/\/www.argensend.com\/en\/product\/nivea-cuidado-nutritivo-5-en-1-crema-facial-100ml-x3-unidades\/","title":{"rendered":"Nivea &#8211; Cuidado Nutritivo 5 En 1 Crema Facial &#8211; 100ml x3 Unidades"},"content":{"rendered":"<p>Nutrici\u00f3n intensiva sin sensaci\u00f3n grasosa para el cuidado facial. Experiment\u00e1 una crema que nutre tu piel sin dejar sensaci\u00f3n grasosa. F\u00f3rmula con hidronutrientes que se absorben inmediatamente en tu piel, obteniendo una profunda nutrici\u00f3n.<\/p>","protected":false},"excerpt":{"rendered":"<p>Nutrici\u00f3n intensiva sin sensaci\u00f3n grasosa para el cuidado facial. Experiment\u00e1 una crema que nutre tu piel sin dejar sensaci\u00f3n grasosa. F\u00f3rmula con hidronutrientes que se&#8230;<\/p>","protected":false},"featured_media":121712,"comment_status":"closed","ping_status":"closed","template":"","meta":{"_acf_changed":false,"om_disable_all_campaigns":false,"_monsterinsights_skip_tracking":false,"_monsterinsights_sitenote_active":false,"_monsterinsights_sitenote_note":"","_monsterinsights_sitenote_category":0},"etheme_brands":[],"product_brand":[],"product_cat":[8819,8820],"product_tag":[10786,10775,466,10790,6437],"class_list":{"0":"post-121711","1":"product","2":"type-product","3":"status-publish","4":"has-post-thumbnail","6":"product_cat-farmacia","7":"product_cat-jabones-y-shampoo","8":"product_tag-100ml","9":"product_tag-5-en-1","10":"product_tag-crema-facial","11":"product_tag-cuidado-nutritivo","12":"product_tag-nivea","14":"first","15":"instock","16":"taxable","17":"shipping-taxable","18":"purchasable","19":"product-type-simple"},"acf":[],"aioseo_notices":[],"_links":{"self":[{"href":"https:\/\/www.argensend.com\/en\/wp-json\/wp\/v2\/product\/121711","targetHints":{"allow":["GET"]}}],"collection":[{"href":"https:\/\/www.argensend.com\/en\/wp-json\/wp\/v2\/product"}],"about":[{"href":"https:\/\/www.argensend.com\/en\/wp-json\/wp\/v2\/types\/product"}],"replies":[{"embeddable":true,"href":"https:\/\/www.argensend.com\/en\/wp-json\/wp\/v2\/comments?post=121711"}],"version-history":[{"count":1,"href":"https:\/\/www.argensend.com\/en\/wp-json\/wp\/v2\/product\/121711\/revisions"}],"predecessor-version":[{"id":121713,"href":"https:\/\/www.argensend.com\/en\/wp-json\/wp\/v2\/product\/121711\/revisions\/121713"}],"wp:featuredmedia":[{"embeddable":true,"href":"https:\/\/www.argensend.com\/en\/wp-json\/wp\/v2\/media\/121712"}],"wp:attachment":[{"href":"https:\/\/www.argensend.com\/en\/wp-json\/wp\/v2\/media?parent=121711"}],"wp:term":[{"taxonomy":"brand","embeddable":true,"href":"https:\/\/www.argensend.com\/en\/wp-json\/wp\/v2\/etheme_brands?post=121711"},{"taxonomy":"product_brand","embeddable":true,"href":"https:\/\/www.argensend.com\/en\/wp-json\/wp\/v2\/product_brand?post=121711"},{"taxonomy":"product_cat","embeddable":true,"href":"https:\/\/www.argensend.com\/en\/wp-json\/wp\/v2\/product_cat?post=121711"},{"taxonomy":"product_tag","embeddable":true,"href":"https:\/\/www.argensend.com\/en\/wp-json\/wp\/v2\/product_tag?post=121711"}],"curies":[{"name":"wp","href":"https:\/\/api.w.org\/{rel}","templated":true}]}}