{"id":121714,"date":"2025-07-01T14:03:10","date_gmt":"2025-07-01T17:03:10","guid":{"rendered":"https:\/\/www.argensend.com\/?post_type=product&#038;p=121714"},"modified":"2025-07-01T14:05:05","modified_gmt":"2025-07-01T17:05:05","slug":"nivea-cuidado-limpiadora-5-en-1-crema-facial-100ml-x3-unidades","status":"publish","type":"product","link":"https:\/\/www.argensend.com\/en\/product\/nivea-cuidado-limpiadora-5-en-1-crema-facial-100ml-x3-unidades\/","title":{"rendered":"Nivea &#8211; Cuidado Limpiadora 5 En 1 Crema Facial &#8211; 100ml x3 Unidades"},"content":{"rendered":"<p>La crema facial Nivea Cuidado Limpiadora te brinda los siguientes beneficios: Deja tu piel limpia y radiante. Su f\u00f3rmula exclusiva limpia y nutre la piel profundamente. Puede utilizarse para sacar el maquillaje del rostro. Puede utilizarse como mascarilla facial, removi\u00e9ndose f\u00e1cilmente con un algod\u00f3n. Brinda una sensaci\u00f3n de suavidad en la piel y no la deja grasosa. Apta para todo tipo de piel. Combinala con nuestras cremas humectantes Cuidado (Antiarrugas, Nutritivo, Sensitive o Radiante y Uniforme) y arm\u00e1 tu rutina facial ideal.<\/p>","protected":false},"excerpt":{"rendered":"<p>La crema facial Nivea Cuidado Limpiadora te brinda los siguientes beneficios: Deja tu piel limpia y radiante. Su f\u00f3rmula exclusiva limpia y nutre la piel&#8230;<\/p>","protected":false},"featured_media":121715,"comment_status":"closed","ping_status":"closed","template":"","meta":{"_acf_changed":false,"om_disable_all_campaigns":false,"_monsterinsights_skip_tracking":false,"_monsterinsights_sitenote_active":false,"_monsterinsights_sitenote_note":"","_monsterinsights_sitenote_category":0},"etheme_brands":[],"product_brand":[],"product_cat":[8819,8820],"product_tag":[10786,10775,466,10791,6437],"class_list":{"0":"post-121714","1":"product","2":"type-product","3":"status-publish","4":"has-post-thumbnail","6":"product_cat-farmacia","7":"product_cat-jabones-y-shampoo","8":"product_tag-100ml","9":"product_tag-5-en-1","10":"product_tag-crema-facial","11":"product_tag-cuidado-limpiadora","12":"product_tag-nivea","14":"first","15":"instock","16":"taxable","17":"shipping-taxable","18":"purchasable","19":"product-type-simple"},"acf":[],"aioseo_notices":[],"_links":{"self":[{"href":"https:\/\/www.argensend.com\/en\/wp-json\/wp\/v2\/product\/121714","targetHints":{"allow":["GET"]}}],"collection":[{"href":"https:\/\/www.argensend.com\/en\/wp-json\/wp\/v2\/product"}],"about":[{"href":"https:\/\/www.argensend.com\/en\/wp-json\/wp\/v2\/types\/product"}],"replies":[{"embeddable":true,"href":"https:\/\/www.argensend.com\/en\/wp-json\/wp\/v2\/comments?post=121714"}],"version-history":[{"count":1,"href":"https:\/\/www.argensend.com\/en\/wp-json\/wp\/v2\/product\/121714\/revisions"}],"predecessor-version":[{"id":121716,"href":"https:\/\/www.argensend.com\/en\/wp-json\/wp\/v2\/product\/121714\/revisions\/121716"}],"wp:featuredmedia":[{"embeddable":true,"href":"https:\/\/www.argensend.com\/en\/wp-json\/wp\/v2\/media\/121715"}],"wp:attachment":[{"href":"https:\/\/www.argensend.com\/en\/wp-json\/wp\/v2\/media?parent=121714"}],"wp:term":[{"taxonomy":"brand","embeddable":true,"href":"https:\/\/www.argensend.com\/en\/wp-json\/wp\/v2\/etheme_brands?post=121714"},{"taxonomy":"product_brand","embeddable":true,"href":"https:\/\/www.argensend.com\/en\/wp-json\/wp\/v2\/product_brand?post=121714"},{"taxonomy":"product_cat","embeddable":true,"href":"https:\/\/www.argensend.com\/en\/wp-json\/wp\/v2\/product_cat?post=121714"},{"taxonomy":"product_tag","embeddable":true,"href":"https:\/\/www.argensend.com\/en\/wp-json\/wp\/v2\/product_tag?post=121714"}],"curies":[{"name":"wp","href":"https:\/\/api.w.org\/{rel}","templated":true}]}}