{"id":121730,"date":"2025-07-01T15:41:34","date_gmt":"2025-07-01T18:41:34","guid":{"rendered":"https:\/\/www.argensend.com\/?post_type=product&#038;p=121730"},"modified":"2025-07-01T15:43:14","modified_gmt":"2025-07-01T18:43:14","slug":"nivea-cellular-lift-expert-crema-facial-antiedad-de-dia-fps-30-con-bakuchiol-50ml-x1-unidad","status":"publish","type":"product","link":"https:\/\/www.argensend.com\/en\/product\/nivea-cellular-lift-expert-crema-facial-antiedad-de-dia-fps-30-con-bakuchiol-50ml-x1-unidad\/","title":{"rendered":"Nivea &#8211; Cellular Lift Expert Crema Facial Antiedad De D\u00eda Fps 30 Con Bakuchiol &#8211; 50ml x1 Unidad"},"content":{"rendered":"<p>Ayuda a reducir las arrugas profundas y mejora la firmeza de la piel, dej\u00e1ndola hidratada por 24 horas. Su f\u00f3rmula contiene un ingrediente clave: Bakuchiol, que aumenta la producci\u00f3n de col\u00e1geno y recupera la elasticidad de la piel.<\/p>","protected":false},"excerpt":{"rendered":"<p>Ayuda a reducir las arrugas profundas y mejora la firmeza de la piel, dej\u00e1ndola hidratada por 24 horas. Su f\u00f3rmula contiene un ingrediente clave: Bakuchiol,&#8230;<\/p>","protected":false},"featured_media":121731,"comment_status":"closed","ping_status":"closed","template":"","meta":{"_acf_changed":false,"om_disable_all_campaigns":false,"_monsterinsights_skip_tracking":false,"_monsterinsights_sitenote_active":false,"_monsterinsights_sitenote_note":"","_monsterinsights_sitenote_category":0},"etheme_brands":[],"product_brand":[],"product_cat":[8819,8820],"product_tag":[10797,10732,10798,466,10799,10800,6437],"class_list":{"0":"post-121730","1":"product","2":"type-product","3":"status-publish","4":"has-post-thumbnail","6":"product_cat-farmacia","7":"product_cat-jabones-y-shampoo","8":"product_tag-50ml","9":"product_tag-antiage","10":"product_tag-cellular-lift-expert","11":"product_tag-crema-facial","12":"product_tag-de-dia","13":"product_tag-fps30","14":"product_tag-nivea","16":"first","17":"instock","18":"taxable","19":"shipping-taxable","20":"purchasable","21":"product-type-simple"},"acf":[],"aioseo_notices":[],"_links":{"self":[{"href":"https:\/\/www.argensend.com\/en\/wp-json\/wp\/v2\/product\/121730","targetHints":{"allow":["GET"]}}],"collection":[{"href":"https:\/\/www.argensend.com\/en\/wp-json\/wp\/v2\/product"}],"about":[{"href":"https:\/\/www.argensend.com\/en\/wp-json\/wp\/v2\/types\/product"}],"replies":[{"embeddable":true,"href":"https:\/\/www.argensend.com\/en\/wp-json\/wp\/v2\/comments?post=121730"}],"version-history":[{"count":1,"href":"https:\/\/www.argensend.com\/en\/wp-json\/wp\/v2\/product\/121730\/revisions"}],"predecessor-version":[{"id":121732,"href":"https:\/\/www.argensend.com\/en\/wp-json\/wp\/v2\/product\/121730\/revisions\/121732"}],"wp:featuredmedia":[{"embeddable":true,"href":"https:\/\/www.argensend.com\/en\/wp-json\/wp\/v2\/media\/121731"}],"wp:attachment":[{"href":"https:\/\/www.argensend.com\/en\/wp-json\/wp\/v2\/media?parent=121730"}],"wp:term":[{"taxonomy":"brand","embeddable":true,"href":"https:\/\/www.argensend.com\/en\/wp-json\/wp\/v2\/etheme_brands?post=121730"},{"taxonomy":"product_brand","embeddable":true,"href":"https:\/\/www.argensend.com\/en\/wp-json\/wp\/v2\/product_brand?post=121730"},{"taxonomy":"product_cat","embeddable":true,"href":"https:\/\/www.argensend.com\/en\/wp-json\/wp\/v2\/product_cat?post=121730"},{"taxonomy":"product_tag","embeddable":true,"href":"https:\/\/www.argensend.com\/en\/wp-json\/wp\/v2\/product_tag?post=121730"}],"curies":[{"name":"wp","href":"https:\/\/api.w.org\/{rel}","templated":true}]}}