{"id":121736,"date":"2025-07-01T15:50:45","date_gmt":"2025-07-01T18:50:45","guid":{"rendered":"https:\/\/www.argensend.com\/?post_type=product&#038;p=121736"},"modified":"2025-07-01T15:53:22","modified_gmt":"2025-07-01T18:53:22","slug":"nivea-cellular-expert-filler-serum-rellenador-con-acido-hialuronico-30ml-x1-unidad","status":"publish","type":"product","link":"https:\/\/www.argensend.com\/en\/product\/nivea-cellular-expert-filler-serum-rellenador-con-acido-hialuronico-30ml-x1-unidad\/","title":{"rendered":"Nivea &#8211; Cellular Expert Filler S\u00e9rum Rellenador Con \u00e1cido Hialur\u00f3nico &#8211; 30ml x1 Unidad"},"content":{"rendered":"<p>El S\u00e9rum Rellenador Nivea Cellular Expert Filler es una soluci\u00f3n avanzada para activar las c\u00e9lulas de la piel y frenar los signos de envejecimiento. Formulado con \u00c1cido Hialur\u00f3nico, potente hidratante que alisa las arrugas y rellena visiblemente la piel.<\/p>","protected":false},"excerpt":{"rendered":"<p>El S\u00e9rum Rellenador Nivea Cellular Expert Filler es una soluci\u00f3n avanzada para activar las c\u00e9lulas de la piel y frenar los signos de envejecimiento. Formulado&#8230;<\/p>","protected":false},"featured_media":121737,"comment_status":"closed","ping_status":"closed","template":"","meta":{"_acf_changed":false,"om_disable_all_campaigns":false,"_monsterinsights_skip_tracking":false,"_monsterinsights_sitenote_active":false,"_monsterinsights_sitenote_note":"","_monsterinsights_sitenote_category":0},"etheme_brands":[],"product_brand":[],"product_cat":[8819,8820],"product_tag":[10801,7707,10732,10798,6437,10802],"class_list":{"0":"post-121736","1":"product","2":"type-product","3":"status-publish","4":"has-post-thumbnail","6":"product_cat-farmacia","7":"product_cat-jabones-y-shampoo","8":"product_tag-30ml","9":"product_tag-acido-hialuronico","10":"product_tag-antiage","11":"product_tag-cellular-lift-expert","12":"product_tag-nivea","13":"product_tag-serum-rellenadaor","15":"first","16":"instock","17":"taxable","18":"shipping-taxable","19":"purchasable","20":"product-type-simple"},"acf":[],"aioseo_notices":[],"_links":{"self":[{"href":"https:\/\/www.argensend.com\/en\/wp-json\/wp\/v2\/product\/121736","targetHints":{"allow":["GET"]}}],"collection":[{"href":"https:\/\/www.argensend.com\/en\/wp-json\/wp\/v2\/product"}],"about":[{"href":"https:\/\/www.argensend.com\/en\/wp-json\/wp\/v2\/types\/product"}],"replies":[{"embeddable":true,"href":"https:\/\/www.argensend.com\/en\/wp-json\/wp\/v2\/comments?post=121736"}],"version-history":[{"count":1,"href":"https:\/\/www.argensend.com\/en\/wp-json\/wp\/v2\/product\/121736\/revisions"}],"predecessor-version":[{"id":121738,"href":"https:\/\/www.argensend.com\/en\/wp-json\/wp\/v2\/product\/121736\/revisions\/121738"}],"wp:featuredmedia":[{"embeddable":true,"href":"https:\/\/www.argensend.com\/en\/wp-json\/wp\/v2\/media\/121737"}],"wp:attachment":[{"href":"https:\/\/www.argensend.com\/en\/wp-json\/wp\/v2\/media?parent=121736"}],"wp:term":[{"taxonomy":"brand","embeddable":true,"href":"https:\/\/www.argensend.com\/en\/wp-json\/wp\/v2\/etheme_brands?post=121736"},{"taxonomy":"product_brand","embeddable":true,"href":"https:\/\/www.argensend.com\/en\/wp-json\/wp\/v2\/product_brand?post=121736"},{"taxonomy":"product_cat","embeddable":true,"href":"https:\/\/www.argensend.com\/en\/wp-json\/wp\/v2\/product_cat?post=121736"},{"taxonomy":"product_tag","embeddable":true,"href":"https:\/\/www.argensend.com\/en\/wp-json\/wp\/v2\/product_tag?post=121736"}],"curies":[{"name":"wp","href":"https:\/\/api.w.org\/{rel}","templated":true}]}}