{"id":121739,"date":"2025-07-01T16:20:57","date_gmt":"2025-07-01T19:20:57","guid":{"rendered":"https:\/\/www.argensend.com\/?post_type=product&#038;p=121739"},"modified":"2025-07-01T16:24:43","modified_gmt":"2025-07-01T19:24:43","slug":"nivea-cellular-expert-filler-combo-x1-set","status":"publish","type":"product","link":"https:\/\/www.argensend.com\/en\/product\/nivea-cellular-expert-filler-combo-x1-set\/","title":{"rendered":"Nivea &#8211; Cellular Expert Filler Combo &#8211; x1 Set"},"content":{"rendered":"<p>&#8211; 1 Nivea Cellular Expert Filler S\u00e9rum Rellenador Con \u00e1cido Hialur\u00f3nico X 30ml<br \/>\n&#8211; 1 Nivea Cellular Lift Expert Crema Facial Antiedad De D\u00eda Fps 30 Con Bakuchiol X 50ml<br \/>\n&#8211; 1 Nivea Cellular Lift Expert Crema Facial Antiedad De Noche Con Bakuchiol X 50ml<\/p>","protected":false},"excerpt":{"rendered":"<p>&#8211; 1 Nivea Cellular Expert Filler S\u00e9rum Rellenador Con \u00e1cido Hialur\u00f3nico X 30ml &#8211; 1 Nivea Cellular Lift Expert Crema Facial Antiedad De D\u00eda Fps&#8230;<\/p>","protected":false},"featured_media":121740,"comment_status":"closed","ping_status":"closed","template":"","meta":{"_acf_changed":false,"om_disable_all_campaigns":false,"_monsterinsights_skip_tracking":false,"_monsterinsights_sitenote_active":false,"_monsterinsights_sitenote_note":"","_monsterinsights_sitenote_category":0},"etheme_brands":[],"product_brand":[],"product_cat":[8819,8820],"product_tag":[10803,7707,10732,10798,10804,6437,10802],"class_list":{"0":"post-121739","1":"product","2":"type-product","3":"status-publish","4":"has-post-thumbnail","6":"product_cat-farmacia","7":"product_cat-jabones-y-shampoo","8":"product_tag-130ml","9":"product_tag-acido-hialuronico","10":"product_tag-antiage","11":"product_tag-cellular-lift-expert","12":"product_tag-combo-completo","13":"product_tag-nivea","14":"product_tag-serum-rellenadaor","16":"first","17":"instock","18":"taxable","19":"shipping-taxable","20":"purchasable","21":"product-type-simple"},"acf":[],"aioseo_notices":[],"_links":{"self":[{"href":"https:\/\/www.argensend.com\/en\/wp-json\/wp\/v2\/product\/121739","targetHints":{"allow":["GET"]}}],"collection":[{"href":"https:\/\/www.argensend.com\/en\/wp-json\/wp\/v2\/product"}],"about":[{"href":"https:\/\/www.argensend.com\/en\/wp-json\/wp\/v2\/types\/product"}],"replies":[{"embeddable":true,"href":"https:\/\/www.argensend.com\/en\/wp-json\/wp\/v2\/comments?post=121739"}],"version-history":[{"count":1,"href":"https:\/\/www.argensend.com\/en\/wp-json\/wp\/v2\/product\/121739\/revisions"}],"predecessor-version":[{"id":121741,"href":"https:\/\/www.argensend.com\/en\/wp-json\/wp\/v2\/product\/121739\/revisions\/121741"}],"wp:featuredmedia":[{"embeddable":true,"href":"https:\/\/www.argensend.com\/en\/wp-json\/wp\/v2\/media\/121740"}],"wp:attachment":[{"href":"https:\/\/www.argensend.com\/en\/wp-json\/wp\/v2\/media?parent=121739"}],"wp:term":[{"taxonomy":"brand","embeddable":true,"href":"https:\/\/www.argensend.com\/en\/wp-json\/wp\/v2\/etheme_brands?post=121739"},{"taxonomy":"product_brand","embeddable":true,"href":"https:\/\/www.argensend.com\/en\/wp-json\/wp\/v2\/product_brand?post=121739"},{"taxonomy":"product_cat","embeddable":true,"href":"https:\/\/www.argensend.com\/en\/wp-json\/wp\/v2\/product_cat?post=121739"},{"taxonomy":"product_tag","embeddable":true,"href":"https:\/\/www.argensend.com\/en\/wp-json\/wp\/v2\/product_tag?post=121739"}],"curies":[{"name":"wp","href":"https:\/\/api.w.org\/{rel}","templated":true}]}}