{"id":121742,"date":"2025-07-01T16:46:06","date_gmt":"2025-07-01T19:46:06","guid":{"rendered":"https:\/\/www.argensend.com\/?post_type=product&#038;p=121742"},"modified":"2025-07-01T16:49:07","modified_gmt":"2025-07-01T19:49:07","slug":"nivea-q10-energy-crema-facial-de-noche-50ml-x2-unidades","status":"publish","type":"product","link":"https:\/\/www.argensend.com\/en\/product\/nivea-q10-energy-crema-facial-de-noche-50ml-x2-unidades\/","title":{"rendered":"Nivea &#8211; Q10 Energy Crema Facial De Noche &#8211; 50ml x2 Unidades"},"content":{"rendered":"<p>Proporciona a la piel tres eficaces antioxidantes esenciales: Vitamina C, E y Coenzima Q10 100% id\u00e9ntica a la de la piel, para regenerar la piel durante las horas de sue\u00f1o y lucir un rostro m\u00e1s radiante y de aspecto saludable.<\/p>","protected":false},"excerpt":{"rendered":"<p>Proporciona a la piel tres eficaces antioxidantes esenciales: Vitamina C, E y Coenzima Q10 100% id\u00e9ntica a la de la piel, para regenerar la piel&#8230;<\/p>","protected":false},"featured_media":121743,"comment_status":"closed","ping_status":"closed","template":"","meta":{"_acf_changed":false,"om_disable_all_campaigns":false,"_monsterinsights_skip_tracking":false,"_monsterinsights_sitenote_active":false,"_monsterinsights_sitenote_note":"","_monsterinsights_sitenote_category":0},"etheme_brands":[],"product_brand":[],"product_cat":[8819,8820],"product_tag":[10797,10805,10806,466,6437,9462],"class_list":{"0":"post-121742","1":"product","2":"type-product","3":"status-publish","4":"has-post-thumbnail","6":"product_cat-farmacia","7":"product_cat-jabones-y-shampoo","8":"product_tag-50ml","9":"product_tag-anti-arrugas","10":"product_tag-anti-oxidantes","11":"product_tag-crema-facial","12":"product_tag-nivea","13":"product_tag-noche","15":"first","16":"instock","17":"taxable","18":"shipping-taxable","19":"purchasable","20":"product-type-simple"},"acf":[],"aioseo_notices":[],"_links":{"self":[{"href":"https:\/\/www.argensend.com\/en\/wp-json\/wp\/v2\/product\/121742","targetHints":{"allow":["GET"]}}],"collection":[{"href":"https:\/\/www.argensend.com\/en\/wp-json\/wp\/v2\/product"}],"about":[{"href":"https:\/\/www.argensend.com\/en\/wp-json\/wp\/v2\/types\/product"}],"replies":[{"embeddable":true,"href":"https:\/\/www.argensend.com\/en\/wp-json\/wp\/v2\/comments?post=121742"}],"version-history":[{"count":1,"href":"https:\/\/www.argensend.com\/en\/wp-json\/wp\/v2\/product\/121742\/revisions"}],"predecessor-version":[{"id":121744,"href":"https:\/\/www.argensend.com\/en\/wp-json\/wp\/v2\/product\/121742\/revisions\/121744"}],"wp:featuredmedia":[{"embeddable":true,"href":"https:\/\/www.argensend.com\/en\/wp-json\/wp\/v2\/media\/121743"}],"wp:attachment":[{"href":"https:\/\/www.argensend.com\/en\/wp-json\/wp\/v2\/media?parent=121742"}],"wp:term":[{"taxonomy":"brand","embeddable":true,"href":"https:\/\/www.argensend.com\/en\/wp-json\/wp\/v2\/etheme_brands?post=121742"},{"taxonomy":"product_brand","embeddable":true,"href":"https:\/\/www.argensend.com\/en\/wp-json\/wp\/v2\/product_brand?post=121742"},{"taxonomy":"product_cat","embeddable":true,"href":"https:\/\/www.argensend.com\/en\/wp-json\/wp\/v2\/product_cat?post=121742"},{"taxonomy":"product_tag","embeddable":true,"href":"https:\/\/www.argensend.com\/en\/wp-json\/wp\/v2\/product_tag?post=121742"}],"curies":[{"name":"wp","href":"https:\/\/api.w.org\/{rel}","templated":true}]}}