{"id":121745,"date":"2025-07-01T16:55:20","date_gmt":"2025-07-01T19:55:20","guid":{"rendered":"https:\/\/www.argensend.com\/?post_type=product&#038;p=121745"},"modified":"2025-07-01T16:57:43","modified_gmt":"2025-07-01T19:57:43","slug":"nivea-q10-energy-crema-facial-de-dia-fps15-antiarrugas-antifatiga-50ml-x2-unidades","status":"publish","type":"product","link":"https:\/\/www.argensend.com\/en\/product\/nivea-q10-energy-crema-facial-de-dia-fps15-antiarrugas-antifatiga-50ml-x2-unidades\/","title":{"rendered":"Nivea &#8211; Q10 Energy Crema Facial De D\u00ed\u00ada Fps15 Antiarrugas Antifatiga &#8211; 50ml x2 Unidades"},"content":{"rendered":"<p>Proporciona a la piel tres eficaces antioxidantes esenciales: Vitamina C, E y Coenzima Q10 100% id\u00e9ntica a la de la piel, para regenerar la piel durante las horas de sue\u00f1o y lucir un rostro m\u00e1s radiante y de aspecto saludable.<\/p>","protected":false},"excerpt":{"rendered":"<p>Proporciona a la piel tres eficaces antioxidantes esenciales: Vitamina C, E y Coenzima Q10 100% id\u00e9ntica a la de la piel, para regenerar la piel&#8230;<\/p>","protected":false},"featured_media":121746,"comment_status":"closed","ping_status":"closed","template":"","meta":{"_acf_changed":false,"om_disable_all_campaigns":false,"_monsterinsights_skip_tracking":false,"_monsterinsights_sitenote_active":false,"_monsterinsights_sitenote_note":"","_monsterinsights_sitenote_category":0},"etheme_brands":[],"product_brand":[],"product_cat":[8819,8820],"product_tag":[10807,10797,10805,10808,466,6260,6437],"class_list":{"0":"post-121745","1":"product","2":"type-product","3":"status-publish","4":"has-post-thumbnail","6":"product_cat-farmacia","7":"product_cat-jabones-y-shampoo","8":"product_tag-15fps","9":"product_tag-50ml","10":"product_tag-anti-arrugas","11":"product_tag-anti-fatiga","12":"product_tag-crema-facial","13":"product_tag-dia","14":"product_tag-nivea","16":"first","17":"instock","18":"taxable","19":"shipping-taxable","20":"purchasable","21":"product-type-simple"},"acf":[],"aioseo_notices":[],"_links":{"self":[{"href":"https:\/\/www.argensend.com\/en\/wp-json\/wp\/v2\/product\/121745","targetHints":{"allow":["GET"]}}],"collection":[{"href":"https:\/\/www.argensend.com\/en\/wp-json\/wp\/v2\/product"}],"about":[{"href":"https:\/\/www.argensend.com\/en\/wp-json\/wp\/v2\/types\/product"}],"replies":[{"embeddable":true,"href":"https:\/\/www.argensend.com\/en\/wp-json\/wp\/v2\/comments?post=121745"}],"version-history":[{"count":1,"href":"https:\/\/www.argensend.com\/en\/wp-json\/wp\/v2\/product\/121745\/revisions"}],"predecessor-version":[{"id":121747,"href":"https:\/\/www.argensend.com\/en\/wp-json\/wp\/v2\/product\/121745\/revisions\/121747"}],"wp:featuredmedia":[{"embeddable":true,"href":"https:\/\/www.argensend.com\/en\/wp-json\/wp\/v2\/media\/121746"}],"wp:attachment":[{"href":"https:\/\/www.argensend.com\/en\/wp-json\/wp\/v2\/media?parent=121745"}],"wp:term":[{"taxonomy":"brand","embeddable":true,"href":"https:\/\/www.argensend.com\/en\/wp-json\/wp\/v2\/etheme_brands?post=121745"},{"taxonomy":"product_brand","embeddable":true,"href":"https:\/\/www.argensend.com\/en\/wp-json\/wp\/v2\/product_brand?post=121745"},{"taxonomy":"product_cat","embeddable":true,"href":"https:\/\/www.argensend.com\/en\/wp-json\/wp\/v2\/product_cat?post=121745"},{"taxonomy":"product_tag","embeddable":true,"href":"https:\/\/www.argensend.com\/en\/wp-json\/wp\/v2\/product_tag?post=121745"}],"curies":[{"name":"wp","href":"https:\/\/api.w.org\/{rel}","templated":true}]}}