{"id":121753,"date":"2025-07-02T08:26:16","date_gmt":"2025-07-02T11:26:16","guid":{"rendered":"https:\/\/www.argensend.com\/?post_type=product&#038;p=121753"},"modified":"2025-07-02T08:30:04","modified_gmt":"2025-07-02T11:30:04","slug":"nivea-q10-energy-expert-combo-x1-set","status":"publish","type":"product","link":"https:\/\/www.argensend.com\/en\/product\/nivea-q10-energy-expert-combo-x1-set\/","title":{"rendered":"Nivea &#8211; Q10 Energy Expert Combo &#8211; x1 Set"},"content":{"rendered":"<p>&#8211; 1 Nivea Q10 Antiarrugas Expert S\u00e9rum Facial Doble Acci\u00f3n Cl\u00ednicamente Probado X 30ml<br \/>\n&#8211; 1 Nivea Q10 Energy Crema Facial De D\u00ed\u00ada Fps15 Antiarrugas Antifatiga X 50ml<br \/>\n&#8211; 1 Nivea Q10 Energy Crema Facial De Noche X 50ml<\/p>","protected":false},"excerpt":{"rendered":"<p>&#8211; 1 Nivea Q10 Antiarrugas Expert S\u00e9rum Facial Doble Acci\u00f3n Cl\u00ednicamente Probado X 30ml &#8211; 1 Nivea Q10 Energy Crema Facial De D\u00ed\u00ada Fps15 Antiarrugas&#8230;<\/p>","protected":false},"featured_media":121754,"comment_status":"closed","ping_status":"closed","template":"","meta":{"_acf_changed":false,"om_disable_all_campaigns":false,"_monsterinsights_skip_tracking":false,"_monsterinsights_sitenote_active":false,"_monsterinsights_sitenote_note":"","_monsterinsights_sitenote_category":0},"etheme_brands":[],"product_brand":[],"product_cat":[8819,8820],"product_tag":[10803,10805,277,10811,10812,10810,6437,10809],"class_list":{"0":"post-121753","1":"product","2":"type-product","3":"status-publish","4":"has-post-thumbnail","6":"product_cat-farmacia","7":"product_cat-jabones-y-shampoo","8":"product_tag-130ml","9":"product_tag-anti-arrugas","10":"product_tag-combo","11":"product_tag-crema-dia","12":"product_tag-crema-noche","13":"product_tag-doble-accion","14":"product_tag-nivea","15":"product_tag-serum-facial","17":"first","18":"instock","19":"taxable","20":"shipping-taxable","21":"purchasable","22":"product-type-simple"},"acf":[],"aioseo_notices":[],"_links":{"self":[{"href":"https:\/\/www.argensend.com\/en\/wp-json\/wp\/v2\/product\/121753","targetHints":{"allow":["GET"]}}],"collection":[{"href":"https:\/\/www.argensend.com\/en\/wp-json\/wp\/v2\/product"}],"about":[{"href":"https:\/\/www.argensend.com\/en\/wp-json\/wp\/v2\/types\/product"}],"replies":[{"embeddable":true,"href":"https:\/\/www.argensend.com\/en\/wp-json\/wp\/v2\/comments?post=121753"}],"version-history":[{"count":1,"href":"https:\/\/www.argensend.com\/en\/wp-json\/wp\/v2\/product\/121753\/revisions"}],"predecessor-version":[{"id":121756,"href":"https:\/\/www.argensend.com\/en\/wp-json\/wp\/v2\/product\/121753\/revisions\/121756"}],"wp:featuredmedia":[{"embeddable":true,"href":"https:\/\/www.argensend.com\/en\/wp-json\/wp\/v2\/media\/121754"}],"wp:attachment":[{"href":"https:\/\/www.argensend.com\/en\/wp-json\/wp\/v2\/media?parent=121753"}],"wp:term":[{"taxonomy":"brand","embeddable":true,"href":"https:\/\/www.argensend.com\/en\/wp-json\/wp\/v2\/etheme_brands?post=121753"},{"taxonomy":"product_brand","embeddable":true,"href":"https:\/\/www.argensend.com\/en\/wp-json\/wp\/v2\/product_brand?post=121753"},{"taxonomy":"product_cat","embeddable":true,"href":"https:\/\/www.argensend.com\/en\/wp-json\/wp\/v2\/product_cat?post=121753"},{"taxonomy":"product_tag","embeddable":true,"href":"https:\/\/www.argensend.com\/en\/wp-json\/wp\/v2\/product_tag?post=121753"}],"curies":[{"name":"wp","href":"https:\/\/api.w.org\/{rel}","templated":true}]}}