{"id":121773,"date":"2025-07-02T10:00:22","date_gmt":"2025-07-02T13:00:22","guid":{"rendered":"https:\/\/www.argensend.com\/?post_type=product&#038;p=121773"},"modified":"2025-07-02T10:05:55","modified_gmt":"2025-07-02T13:05:55","slug":"nivea-protector-solar-fps-65-5en1-protect-hidrate-babies-kids-200ml-x1-unidad","status":"publish","type":"product","link":"https:\/\/www.argensend.com\/en\/product\/nivea-protector-solar-fps-65-5en1-protect-hidrate-babies-kids-200ml-x1-unidad\/","title":{"rendered":"Nivea &#8211; Protector Solar Fps 65 5en1 Protect &#038; Hidrate Babies &#038; Kids &#8211; 200ml x1 Unidad"},"content":{"rendered":"<p>Brinda protecci\u00f3n e hidrataci\u00f3n en la delicada piel de los ni\u00f1os por mucho m\u00e1s tiempo. Su f\u00f3rmula especial mantiene los niveles de hidrataci\u00f3n de la piel constante reduciendo la p\u00e9rdida de agua gracias a sus componentes de Pantenol y Glicerina.<\/p>","protected":false},"excerpt":{"rendered":"<p>Brinda protecci\u00f3n e hidrataci\u00f3n en la delicada piel de los ni\u00f1os por mucho m\u00e1s tiempo. Su f\u00f3rmula especial mantiene los niveles de hidrataci\u00f3n de la&#8230;<\/p>","protected":false},"featured_media":121774,"comment_status":"closed","ping_status":"closed","template":"","meta":{"_acf_changed":false,"om_disable_all_campaigns":false,"_monsterinsights_skip_tracking":false,"_monsterinsights_sitenote_active":false,"_monsterinsights_sitenote_note":"","_monsterinsights_sitenote_category":0},"etheme_brands":[],"product_brand":[],"product_cat":[8935,8819],"product_tag":[9157,10825,10827,6437,6513,10826],"class_list":{"0":"post-121773","1":"product","2":"type-product","3":"status-publish","4":"has-post-thumbnail","6":"product_cat-belleza-y-salud","7":"product_cat-farmacia","8":"product_tag-200ml","9":"product_tag-65fps","10":"product_tag-bebes-y-ninos","11":"product_tag-nivea","12":"product_tag-protector-solar","13":"product_tag-protege-e-hidrata","15":"first","16":"instock","17":"taxable","18":"shipping-taxable","19":"purchasable","20":"product-type-simple"},"acf":[],"aioseo_notices":[],"_links":{"self":[{"href":"https:\/\/www.argensend.com\/en\/wp-json\/wp\/v2\/product\/121773","targetHints":{"allow":["GET"]}}],"collection":[{"href":"https:\/\/www.argensend.com\/en\/wp-json\/wp\/v2\/product"}],"about":[{"href":"https:\/\/www.argensend.com\/en\/wp-json\/wp\/v2\/types\/product"}],"replies":[{"embeddable":true,"href":"https:\/\/www.argensend.com\/en\/wp-json\/wp\/v2\/comments?post=121773"}],"version-history":[{"count":1,"href":"https:\/\/www.argensend.com\/en\/wp-json\/wp\/v2\/product\/121773\/revisions"}],"predecessor-version":[{"id":121775,"href":"https:\/\/www.argensend.com\/en\/wp-json\/wp\/v2\/product\/121773\/revisions\/121775"}],"wp:featuredmedia":[{"embeddable":true,"href":"https:\/\/www.argensend.com\/en\/wp-json\/wp\/v2\/media\/121774"}],"wp:attachment":[{"href":"https:\/\/www.argensend.com\/en\/wp-json\/wp\/v2\/media?parent=121773"}],"wp:term":[{"taxonomy":"brand","embeddable":true,"href":"https:\/\/www.argensend.com\/en\/wp-json\/wp\/v2\/etheme_brands?post=121773"},{"taxonomy":"product_brand","embeddable":true,"href":"https:\/\/www.argensend.com\/en\/wp-json\/wp\/v2\/product_brand?post=121773"},{"taxonomy":"product_cat","embeddable":true,"href":"https:\/\/www.argensend.com\/en\/wp-json\/wp\/v2\/product_cat?post=121773"},{"taxonomy":"product_tag","embeddable":true,"href":"https:\/\/www.argensend.com\/en\/wp-json\/wp\/v2\/product_tag?post=121773"}],"curies":[{"name":"wp","href":"https:\/\/api.w.org\/{rel}","templated":true}]}}