{"id":121792,"date":"2025-07-02T11:38:26","date_gmt":"2025-07-02T14:38:26","guid":{"rendered":"https:\/\/www.argensend.com\/?post_type=product&#038;p=121792"},"modified":"2025-07-02T11:41:39","modified_gmt":"2025-07-02T14:41:39","slug":"arcor-simple-colageno-en-pastillas-de-goma-x3-cajas-28-unidades-cada-uno","status":"publish","type":"product","link":"https:\/\/www.argensend.com\/en\/product\/arcor-simple-colageno-en-pastillas-de-goma-x3-cajas-28-unidades-cada-uno\/","title":{"rendered":"Arcor &#8211; Simple Colageno En Pastillas De Goma &#8211; x3 Cajas &#8211; 28 unidades Cada Uno"},"content":{"rendered":"<p>Descubre el secreto para una piel radiante y un cuerpo saludable con nuestro Suplemento Simple Col\u00e1geno. Estas deliciosas pastillas de goma con sabor a frutilla son el complemento dietario perfecto para tu rutina diaria. Cada bolsa contiene 28 unidades, suficiente para un mes completo de cuidado personal. El col\u00e1geno es conocido por sus beneficios para la piel, el cabello y las u\u00f1as, ayudando a mantenerlos fuertes y j\u00f3venes.<\/p>","protected":false},"excerpt":{"rendered":"<p>Descubre el secreto para una piel radiante y un cuerpo saludable con nuestro Suplemento Simple Col\u00e1geno. Estas deliciosas pastillas de goma con sabor a frutilla&#8230;<\/p>","protected":false},"featured_media":121793,"comment_status":"closed","ping_status":"closed","template":"","meta":{"_acf_changed":false,"om_disable_all_campaigns":false,"_monsterinsights_skip_tracking":false,"_monsterinsights_sitenote_active":false,"_monsterinsights_sitenote_note":"","_monsterinsights_sitenote_category":0},"etheme_brands":[],"product_brand":[],"product_cat":[8819],"product_tag":[8398,10830,300,10832,10829],"class_list":{"0":"post-121792","1":"product","2":"type-product","3":"status-publish","4":"has-post-thumbnail","6":"product_cat-farmacia","7":"product_tag-28-unidades","8":"product_tag-3-cajas","9":"product_tag-arcor","10":"product_tag-collageno","11":"product_tag-vitaminas","13":"first","14":"instock","15":"taxable","16":"shipping-taxable","17":"purchasable","18":"product-type-simple"},"acf":[],"aioseo_notices":[],"_links":{"self":[{"href":"https:\/\/www.argensend.com\/en\/wp-json\/wp\/v2\/product\/121792","targetHints":{"allow":["GET"]}}],"collection":[{"href":"https:\/\/www.argensend.com\/en\/wp-json\/wp\/v2\/product"}],"about":[{"href":"https:\/\/www.argensend.com\/en\/wp-json\/wp\/v2\/types\/product"}],"replies":[{"embeddable":true,"href":"https:\/\/www.argensend.com\/en\/wp-json\/wp\/v2\/comments?post=121792"}],"version-history":[{"count":2,"href":"https:\/\/www.argensend.com\/en\/wp-json\/wp\/v2\/product\/121792\/revisions"}],"predecessor-version":[{"id":121795,"href":"https:\/\/www.argensend.com\/en\/wp-json\/wp\/v2\/product\/121792\/revisions\/121795"}],"wp:featuredmedia":[{"embeddable":true,"href":"https:\/\/www.argensend.com\/en\/wp-json\/wp\/v2\/media\/121793"}],"wp:attachment":[{"href":"https:\/\/www.argensend.com\/en\/wp-json\/wp\/v2\/media?parent=121792"}],"wp:term":[{"taxonomy":"brand","embeddable":true,"href":"https:\/\/www.argensend.com\/en\/wp-json\/wp\/v2\/etheme_brands?post=121792"},{"taxonomy":"product_brand","embeddable":true,"href":"https:\/\/www.argensend.com\/en\/wp-json\/wp\/v2\/product_brand?post=121792"},{"taxonomy":"product_cat","embeddable":true,"href":"https:\/\/www.argensend.com\/en\/wp-json\/wp\/v2\/product_cat?post=121792"},{"taxonomy":"product_tag","embeddable":true,"href":"https:\/\/www.argensend.com\/en\/wp-json\/wp\/v2\/product_tag?post=121792"}],"curies":[{"name":"wp","href":"https:\/\/api.w.org\/{rel}","templated":true}]}}