{"id":121812,"date":"2025-07-02T13:16:02","date_gmt":"2025-07-02T16:16:02","guid":{"rendered":"https:\/\/www.argensend.com\/?post_type=product&#038;p=121812"},"modified":"2025-07-02T13:22:30","modified_gmt":"2025-07-02T16:22:30","slug":"102-plus-vitaminas-y-minerales-efervescente-1-box-x30-sobres","status":"publish","type":"product","link":"https:\/\/www.argensend.com\/en\/product\/102-plus-vitaminas-y-minerales-efervescente-1-box-x30-sobres\/","title":{"rendered":"102 Plus &#8211; Vitaminas Y Minerales Efervescente &#8211; 1 Box x30 sobres"},"content":{"rendered":"<p>Es un complejo multivitam\u00ed\u00adnico y polimineral para ayudarte a sentirte bien todos los d\u00ed\u00adas. Su presentaci\u00f3n efervescente resulta ideal para quienes prefieren incluir vitaminas y minerales a su dieta de una manera pr\u00e1ctica, c\u00f3moda y sencilla.<\/p>","protected":false},"excerpt":{"rendered":"<p>Es un complejo multivitam\u00ed\u00adnico y polimineral para ayudarte a sentirte bien todos los d\u00ed\u00adas. Su presentaci\u00f3n efervescente resulta ideal para quienes prefieren incluir vitaminas y&#8230;<\/p>","protected":false},"featured_media":121813,"comment_status":"closed","ping_status":"closed","template":"","meta":{"_acf_changed":false,"om_disable_all_campaigns":false,"_monsterinsights_skip_tracking":false,"_monsterinsights_sitenote_active":false,"_monsterinsights_sitenote_note":"","_monsterinsights_sitenote_category":0},"etheme_brands":[],"product_brand":[],"product_cat":[8819],"product_tag":[10833,10834,10837,5193,10829],"class_list":{"0":"post-121812","1":"product","2":"type-product","3":"status-publish","4":"has-post-thumbnail","6":"product_cat-farmacia","7":"product_tag-102-plus","8":"product_tag-30-comprimidos","9":"product_tag-efervescente","10":"product_tag-minerales","11":"product_tag-vitaminas","13":"first","14":"instock","15":"taxable","16":"shipping-taxable","17":"purchasable","18":"product-type-simple"},"acf":[],"aioseo_notices":[],"_links":{"self":[{"href":"https:\/\/www.argensend.com\/en\/wp-json\/wp\/v2\/product\/121812","targetHints":{"allow":["GET"]}}],"collection":[{"href":"https:\/\/www.argensend.com\/en\/wp-json\/wp\/v2\/product"}],"about":[{"href":"https:\/\/www.argensend.com\/en\/wp-json\/wp\/v2\/types\/product"}],"replies":[{"embeddable":true,"href":"https:\/\/www.argensend.com\/en\/wp-json\/wp\/v2\/comments?post=121812"}],"version-history":[{"count":2,"href":"https:\/\/www.argensend.com\/en\/wp-json\/wp\/v2\/product\/121812\/revisions"}],"predecessor-version":[{"id":121816,"href":"https:\/\/www.argensend.com\/en\/wp-json\/wp\/v2\/product\/121812\/revisions\/121816"}],"wp:featuredmedia":[{"embeddable":true,"href":"https:\/\/www.argensend.com\/en\/wp-json\/wp\/v2\/media\/121813"}],"wp:attachment":[{"href":"https:\/\/www.argensend.com\/en\/wp-json\/wp\/v2\/media?parent=121812"}],"wp:term":[{"taxonomy":"brand","embeddable":true,"href":"https:\/\/www.argensend.com\/en\/wp-json\/wp\/v2\/etheme_brands?post=121812"},{"taxonomy":"product_brand","embeddable":true,"href":"https:\/\/www.argensend.com\/en\/wp-json\/wp\/v2\/product_brand?post=121812"},{"taxonomy":"product_cat","embeddable":true,"href":"https:\/\/www.argensend.com\/en\/wp-json\/wp\/v2\/product_cat?post=121812"},{"taxonomy":"product_tag","embeddable":true,"href":"https:\/\/www.argensend.com\/en\/wp-json\/wp\/v2\/product_tag?post=121812"}],"curies":[{"name":"wp","href":"https:\/\/api.w.org\/{rel}","templated":true}]}}