{"id":121842,"date":"2025-07-03T14:38:19","date_gmt":"2025-07-03T17:38:19","guid":{"rendered":"https:\/\/www.argensend.com\/?post_type=product&#038;p=121842"},"modified":"2025-07-03T14:48:29","modified_gmt":"2025-07-03T17:48:29","slug":"rayito-de-sol-crema-bronceadora-fps8-piel-normal-70gr-x2-unidades","status":"publish","type":"product","link":"https:\/\/www.argensend.com\/en\/product\/rayito-de-sol-crema-bronceadora-fps8-piel-normal-70gr-x2-unidades\/","title":{"rendered":"Rayito De Sol &#8211; Crema Bronceadora Fps8 Piel Normal &#8211; 70gr x2 Unidades"},"content":{"rendered":"<p>Protecci\u00f3n solar baja. Crema bronceadora de consistencia untuosa, rica en emolientes y cera de abejas. Al ser una crema con color brinda adem\u00e1s un efecto Glow instant\u00e1neo. Provee una humectaci\u00f3n intensa y mejora la suavidad de la piel.<\/p>","protected":false},"excerpt":{"rendered":"<p>No te pierdas la deliciosa sensaci\u00f3n de proteger tu piel con este nuevo Aceite Solar, que combina las propiedades extraordinarias del Aceite de Jojoba con el de Macadamia adem\u00e1s de una cuidadosa combinaci\u00f3n de emolientes y filtros solares para tener una piel extraordinariamente suave, sedosa, bien nutrida y protegida. Te ayuda a lograr un tono bronceado dorado intenso, duradero mientras te ofrece ALTA protecci\u00f3n frente a la radiaci\u00f3n solar. Resistente al agua.<\/p>\n<p>\u2022 Protege la piel de las quemaduras solares<br \/>\n\u2022 Brinda protecci\u00f3n solar amplio espectro (UVA + UVB)<br \/>\n\u2022 Preserva la humedad natural de la piel, sobre todo cuando hay exposici\u00f3n solar que es cuando m\u00e1s la pierde.<br \/>\n\u2022 Suaviza, dejando una sensaci\u00f3n placentera aterciopelada y liviana. No grasa.<br \/>\n\u2022 Contribuye a la obtenci\u00f3n de un tono bronceado m\u00e1s intenso y duradero.<br \/>\n\u2022 Resistente al agua<br \/>\n\u2022 Apto para pieles poco sensibles.<\/p>","protected":false},"featured_media":121843,"comment_status":"closed","ping_status":"closed","template":"","meta":{"_acf_changed":false,"om_disable_all_campaigns":false,"_monsterinsights_skip_tracking":false,"_monsterinsights_sitenote_active":false,"_monsterinsights_sitenote_note":"","_monsterinsights_sitenote_category":0},"etheme_brands":[],"product_brand":[],"product_cat":[8819],"product_tag":[10845,10844,3246,1612,456,6513,7844],"class_list":{"0":"post-121842","1":"product","2":"type-product","3":"status-publish","4":"has-post-thumbnail","6":"product_cat-farmacia","7":"product_tag-70gr","8":"product_tag-8fps","9":"product_tag-beauty","10":"product_tag-belleza","11":"product_tag-crema","12":"product_tag-protector-solar","13":"product_tag-rayito-de-sol","15":"first","16":"instock","17":"taxable","18":"shipping-taxable","19":"purchasable","20":"product-type-simple"},"acf":[],"aioseo_notices":[],"_links":{"self":[{"href":"https:\/\/www.argensend.com\/en\/wp-json\/wp\/v2\/product\/121842","targetHints":{"allow":["GET"]}}],"collection":[{"href":"https:\/\/www.argensend.com\/en\/wp-json\/wp\/v2\/product"}],"about":[{"href":"https:\/\/www.argensend.com\/en\/wp-json\/wp\/v2\/types\/product"}],"replies":[{"embeddable":true,"href":"https:\/\/www.argensend.com\/en\/wp-json\/wp\/v2\/comments?post=121842"}],"version-history":[{"count":1,"href":"https:\/\/www.argensend.com\/en\/wp-json\/wp\/v2\/product\/121842\/revisions"}],"predecessor-version":[{"id":121844,"href":"https:\/\/www.argensend.com\/en\/wp-json\/wp\/v2\/product\/121842\/revisions\/121844"}],"wp:featuredmedia":[{"embeddable":true,"href":"https:\/\/www.argensend.com\/en\/wp-json\/wp\/v2\/media\/121843"}],"wp:attachment":[{"href":"https:\/\/www.argensend.com\/en\/wp-json\/wp\/v2\/media?parent=121842"}],"wp:term":[{"taxonomy":"brand","embeddable":true,"href":"https:\/\/www.argensend.com\/en\/wp-json\/wp\/v2\/etheme_brands?post=121842"},{"taxonomy":"product_brand","embeddable":true,"href":"https:\/\/www.argensend.com\/en\/wp-json\/wp\/v2\/product_brand?post=121842"},{"taxonomy":"product_cat","embeddable":true,"href":"https:\/\/www.argensend.com\/en\/wp-json\/wp\/v2\/product_cat?post=121842"},{"taxonomy":"product_tag","embeddable":true,"href":"https:\/\/www.argensend.com\/en\/wp-json\/wp\/v2\/product_tag?post=121842"}],"curies":[{"name":"wp","href":"https:\/\/api.w.org\/{rel}","templated":true}]}}