{"id":121845,"date":"2025-07-03T15:24:06","date_gmt":"2025-07-03T18:24:06","guid":{"rendered":"https:\/\/www.argensend.com\/?post_type=product&#038;p=121845"},"modified":"2025-07-03T15:27:34","modified_gmt":"2025-07-03T18:27:34","slug":"loreal-paris-hidra-total-5-expert-crema-humectante-antiarrugas-50gr-x2-unidades","status":"publish","type":"product","link":"https:\/\/www.argensend.com\/en\/product\/loreal-paris-hidra-total-5-expert-crema-humectante-antiarrugas-50gr-x2-unidades\/","title":{"rendered":"Loreal Paris &#8211; Hidra Total 5 Expert Crema Humectante Antiarrugas &#8211; 50gr x2 Unidades"},"content":{"rendered":"<p>Crema hidratante antiarrugas, permite un contorno redefinido y una piel m\u00e1s firme. Especialmente dise\u00f1ada para combatir estos signos de la edad. Ayuda a la reconstrucci\u00f3n celular de la piel, luchando contra el adelgazamiento de la epidermis.<\/p>","protected":false},"excerpt":{"rendered":"<p>Crema hidratante antiarrugas, permite un contorno redefinido y una piel m\u00e1s firme. Especialmente dise\u00f1ada para combatir estos signos de la edad. Ayuda a la reconstrucci\u00f3n&#8230;<\/p>","protected":false},"featured_media":121846,"comment_status":"closed","ping_status":"closed","template":"","meta":{"_acf_changed":false,"om_disable_all_campaigns":false,"_monsterinsights_skip_tracking":false,"_monsterinsights_sitenote_active":false,"_monsterinsights_sitenote_note":"","_monsterinsights_sitenote_category":0},"etheme_brands":[],"product_brand":[],"product_cat":[8935,8819],"product_tag":[10786,10805,456,10847,4489,10846],"class_list":{"0":"post-121845","1":"product","2":"type-product","3":"status-publish","4":"has-post-thumbnail","6":"product_cat-belleza-y-salud","7":"product_cat-farmacia","8":"product_tag-100ml","9":"product_tag-anti-arrugas","10":"product_tag-crema","11":"product_tag-hidra-total-5","12":"product_tag-humectante","13":"product_tag-loreal-paris","15":"first","16":"instock","17":"taxable","18":"shipping-taxable","19":"purchasable","20":"product-type-simple"},"acf":[],"aioseo_notices":[],"_links":{"self":[{"href":"https:\/\/www.argensend.com\/en\/wp-json\/wp\/v2\/product\/121845","targetHints":{"allow":["GET"]}}],"collection":[{"href":"https:\/\/www.argensend.com\/en\/wp-json\/wp\/v2\/product"}],"about":[{"href":"https:\/\/www.argensend.com\/en\/wp-json\/wp\/v2\/types\/product"}],"replies":[{"embeddable":true,"href":"https:\/\/www.argensend.com\/en\/wp-json\/wp\/v2\/comments?post=121845"}],"version-history":[{"count":1,"href":"https:\/\/www.argensend.com\/en\/wp-json\/wp\/v2\/product\/121845\/revisions"}],"predecessor-version":[{"id":121847,"href":"https:\/\/www.argensend.com\/en\/wp-json\/wp\/v2\/product\/121845\/revisions\/121847"}],"wp:featuredmedia":[{"embeddable":true,"href":"https:\/\/www.argensend.com\/en\/wp-json\/wp\/v2\/media\/121846"}],"wp:attachment":[{"href":"https:\/\/www.argensend.com\/en\/wp-json\/wp\/v2\/media?parent=121845"}],"wp:term":[{"taxonomy":"brand","embeddable":true,"href":"https:\/\/www.argensend.com\/en\/wp-json\/wp\/v2\/etheme_brands?post=121845"},{"taxonomy":"product_brand","embeddable":true,"href":"https:\/\/www.argensend.com\/en\/wp-json\/wp\/v2\/product_brand?post=121845"},{"taxonomy":"product_cat","embeddable":true,"href":"https:\/\/www.argensend.com\/en\/wp-json\/wp\/v2\/product_cat?post=121845"},{"taxonomy":"product_tag","embeddable":true,"href":"https:\/\/www.argensend.com\/en\/wp-json\/wp\/v2\/product_tag?post=121845"}],"curies":[{"name":"wp","href":"https:\/\/api.w.org\/{rel}","templated":true}]}}