{"id":121848,"date":"2025-07-03T15:36:18","date_gmt":"2025-07-03T18:36:18","guid":{"rendered":"https:\/\/www.argensend.com\/?post_type=product&#038;p=121848"},"modified":"2025-07-03T15:55:59","modified_gmt":"2025-07-03T18:55:59","slug":"loreal-paris-hidra-total-5-expert-crema-antiarrugas-35-50gr-x2-unidades","status":"publish","type":"product","link":"https:\/\/www.argensend.com\/en\/product\/loreal-paris-hidra-total-5-expert-crema-antiarrugas-35-50gr-x2-unidades\/","title":{"rendered":"Loreal Paris &#8211; Hidra Total 5 Expert Crema Antiarrugas +35 &#8211; 50gr x2 Unidades"},"content":{"rendered":"<p>Crema antiarrugas para +35 a\u00f1os, reduce primeras arrugas, piel m\u00e1s el\u00e1stica y suave. Despu\u00e9s de los 35 a\u00f1os, la disminuci\u00f3n de col\u00e1geno en la piel puede causar una p\u00e9rdida de elasticidad, y las lineas de expresi\u00f3n y arrugas empiezan a aparecer.<\/p>","protected":false},"excerpt":{"rendered":"<p>Crema antiarrugas para +35 a\u00f1os, reduce primeras arrugas, piel m\u00e1s el\u00e1stica y suave. Despu\u00e9s de los 35 a\u00f1os, la disminuci\u00f3n de col\u00e1geno en la piel&#8230;<\/p>","protected":false},"featured_media":121849,"comment_status":"closed","ping_status":"closed","template":"","meta":{"_acf_changed":false,"om_disable_all_campaigns":false,"_monsterinsights_skip_tracking":false,"_monsterinsights_sitenote_active":false,"_monsterinsights_sitenote_note":"","_monsterinsights_sitenote_category":0},"etheme_brands":[],"product_brand":[],"product_cat":[8935,8819],"product_tag":[10786,2855,10805,456,10847,4489,10846],"class_list":{"0":"post-121848","1":"product","2":"type-product","3":"status-publish","4":"has-post-thumbnail","6":"product_cat-belleza-y-salud","7":"product_cat-farmacia","8":"product_tag-100ml","9":"product_tag-2855","10":"product_tag-anti-arrugas","11":"product_tag-crema","12":"product_tag-hidra-total-5","13":"product_tag-humectante","14":"product_tag-loreal-paris","16":"first","17":"instock","18":"taxable","19":"shipping-taxable","20":"purchasable","21":"product-type-simple"},"acf":[],"aioseo_notices":[],"_links":{"self":[{"href":"https:\/\/www.argensend.com\/en\/wp-json\/wp\/v2\/product\/121848","targetHints":{"allow":["GET"]}}],"collection":[{"href":"https:\/\/www.argensend.com\/en\/wp-json\/wp\/v2\/product"}],"about":[{"href":"https:\/\/www.argensend.com\/en\/wp-json\/wp\/v2\/types\/product"}],"replies":[{"embeddable":true,"href":"https:\/\/www.argensend.com\/en\/wp-json\/wp\/v2\/comments?post=121848"}],"version-history":[{"count":1,"href":"https:\/\/www.argensend.com\/en\/wp-json\/wp\/v2\/product\/121848\/revisions"}],"predecessor-version":[{"id":121850,"href":"https:\/\/www.argensend.com\/en\/wp-json\/wp\/v2\/product\/121848\/revisions\/121850"}],"wp:featuredmedia":[{"embeddable":true,"href":"https:\/\/www.argensend.com\/en\/wp-json\/wp\/v2\/media\/121849"}],"wp:attachment":[{"href":"https:\/\/www.argensend.com\/en\/wp-json\/wp\/v2\/media?parent=121848"}],"wp:term":[{"taxonomy":"brand","embeddable":true,"href":"https:\/\/www.argensend.com\/en\/wp-json\/wp\/v2\/etheme_brands?post=121848"},{"taxonomy":"product_brand","embeddable":true,"href":"https:\/\/www.argensend.com\/en\/wp-json\/wp\/v2\/product_brand?post=121848"},{"taxonomy":"product_cat","embeddable":true,"href":"https:\/\/www.argensend.com\/en\/wp-json\/wp\/v2\/product_cat?post=121848"},{"taxonomy":"product_tag","embeddable":true,"href":"https:\/\/www.argensend.com\/en\/wp-json\/wp\/v2\/product_tag?post=121848"}],"curies":[{"name":"wp","href":"https:\/\/api.w.org\/{rel}","templated":true}]}}