{"id":121873,"date":"2025-07-04T14:01:18","date_gmt":"2025-07-04T17:01:18","guid":{"rendered":"https:\/\/www.argensend.com\/?post_type=product&#038;p=121873"},"modified":"2025-07-04T14:05:30","modified_gmt":"2025-07-04T17:05:30","slug":"cerave-locion-hidratante-de-rostro-fps30-para-pieles-normales-a-secas-52ml-x1-unidad","status":"publish","type":"product","link":"https:\/\/www.argensend.com\/en\/product\/cerave-locion-hidratante-de-rostro-fps30-para-pieles-normales-a-secas-52ml-x1-unidad\/","title":{"rendered":"Cerave &#8211; Loci\u00f3n Hidratante De Rostro Fps30 Para Pieles Normales A Secas &#8211; 52ml x1 Unidad"},"content":{"rendered":"<p>Loci\u00f3n hidratante de rostro con FPS 30 formulada para hidratar y reparar la barrera protectora de la piel, mientras brinda una protecci\u00f3n eficaz contra los da\u00f1inos rayos UV. Proporcionar una hidrataci\u00f3n continua de 24 horas. Ideal para piel normal a seca.<\/p>","protected":false},"excerpt":{"rendered":"<p>Loci\u00f3n hidratante de rostro con FPS 30 formulada para hidratar y reparar la barrera protectora de la piel, mientras brinda una protecci\u00f3n eficaz contra los&#8230;<\/p>","protected":false},"featured_media":121874,"comment_status":"closed","ping_status":"closed","template":"","meta":{"_acf_changed":false,"om_disable_all_campaigns":false,"_monsterinsights_skip_tracking":false,"_monsterinsights_sitenote_active":false,"_monsterinsights_sitenote_note":"","_monsterinsights_sitenote_category":0},"etheme_brands":[],"product_brand":[],"product_cat":[8935,8819],"product_tag":[10851,10850,10852,10853,6513],"class_list":{"0":"post-121873","1":"product","2":"type-product","3":"status-publish","4":"has-post-thumbnail","6":"product_cat-belleza-y-salud","7":"product_cat-farmacia","8":"product_tag-52ml","9":"product_tag-cerave","10":"product_tag-locion-hidratante","11":"product_tag-pieles-normales-a-secas","12":"product_tag-protector-solar","14":"first","15":"instock","16":"taxable","17":"shipping-taxable","18":"purchasable","19":"product-type-simple"},"acf":[],"aioseo_notices":[],"_links":{"self":[{"href":"https:\/\/www.argensend.com\/en\/wp-json\/wp\/v2\/product\/121873","targetHints":{"allow":["GET"]}}],"collection":[{"href":"https:\/\/www.argensend.com\/en\/wp-json\/wp\/v2\/product"}],"about":[{"href":"https:\/\/www.argensend.com\/en\/wp-json\/wp\/v2\/types\/product"}],"replies":[{"embeddable":true,"href":"https:\/\/www.argensend.com\/en\/wp-json\/wp\/v2\/comments?post=121873"}],"version-history":[{"count":1,"href":"https:\/\/www.argensend.com\/en\/wp-json\/wp\/v2\/product\/121873\/revisions"}],"predecessor-version":[{"id":121875,"href":"https:\/\/www.argensend.com\/en\/wp-json\/wp\/v2\/product\/121873\/revisions\/121875"}],"wp:featuredmedia":[{"embeddable":true,"href":"https:\/\/www.argensend.com\/en\/wp-json\/wp\/v2\/media\/121874"}],"wp:attachment":[{"href":"https:\/\/www.argensend.com\/en\/wp-json\/wp\/v2\/media?parent=121873"}],"wp:term":[{"taxonomy":"brand","embeddable":true,"href":"https:\/\/www.argensend.com\/en\/wp-json\/wp\/v2\/etheme_brands?post=121873"},{"taxonomy":"product_brand","embeddable":true,"href":"https:\/\/www.argensend.com\/en\/wp-json\/wp\/v2\/product_brand?post=121873"},{"taxonomy":"product_cat","embeddable":true,"href":"https:\/\/www.argensend.com\/en\/wp-json\/wp\/v2\/product_cat?post=121873"},{"taxonomy":"product_tag","embeddable":true,"href":"https:\/\/www.argensend.com\/en\/wp-json\/wp\/v2\/product_tag?post=121873"}],"curies":[{"name":"wp","href":"https:\/\/api.w.org\/{rel}","templated":true}]}}