{"id":121884,"date":"2025-07-04T14:22:18","date_gmt":"2025-07-04T17:22:18","guid":{"rendered":"https:\/\/www.argensend.com\/?post_type=product&#038;p=121884"},"modified":"2025-08-19T13:31:57","modified_gmt":"2025-08-19T16:31:57","slug":"hawaiian-tropic-ozono-duo-defense-fps50-locion-180ml-x1-unidad","status":"publish","type":"product","link":"https:\/\/www.argensend.com\/en\/product\/hawaiian-tropic-ozono-duo-defense-fps50-locion-180ml-x1-unidad\/","title":{"rendered":"Hawaiian &#8211; Tropic Ozono Duo Defense Fps50 Loci\u00f3n &#8211; 180ml x1 Unidad"},"content":{"rendered":"<p>Sum\u00e9rgete en el placer de proteger y consentir tu piel con nuestra l\u00ed\u00adnea Ozono, que te brinda muy alta protecci\u00f3n para prevenir las quemaduras causadas por el sol. Ayuda a prevenir el envejecimiento prematuro de la piel.<\/p>","protected":false},"excerpt":{"rendered":"<p>Sum\u00e9rgete en el placer de proteger y consentir tu piel con nuestra l\u00ed\u00adnea Ozono, que te brinda muy alta protecci\u00f3n para prevenir las quemaduras causadas&#8230;<\/p>","protected":false},"featured_media":121882,"comment_status":"closed","ping_status":"closed","template":"","meta":{"_acf_changed":false,"om_disable_all_campaigns":false,"_monsterinsights_skip_tracking":false,"_monsterinsights_sitenote_active":false,"_monsterinsights_sitenote_note":"","_monsterinsights_sitenote_category":0},"etheme_brands":[],"product_brand":[],"product_cat":[8935,8819],"product_tag":[10855,10858,10857,10854,1849,10856],"class_list":{"0":"post-121884","1":"product","2":"type-product","3":"status-publish","4":"has-post-thumbnail","6":"product_cat-belleza-y-salud","7":"product_cat-farmacia","8":"product_tag-180ml","9":"product_tag-50fps","10":"product_tag-duo-defense","11":"product_tag-hawaiian","12":"product_tag-locion","13":"product_tag-tropic-ozono","15":"first","16":"instock","17":"taxable","18":"shipping-taxable","19":"purchasable","20":"product-type-simple"},"acf":[],"aioseo_notices":[],"_links":{"self":[{"href":"https:\/\/www.argensend.com\/en\/wp-json\/wp\/v2\/product\/121884","targetHints":{"allow":["GET"]}}],"collection":[{"href":"https:\/\/www.argensend.com\/en\/wp-json\/wp\/v2\/product"}],"about":[{"href":"https:\/\/www.argensend.com\/en\/wp-json\/wp\/v2\/types\/product"}],"replies":[{"embeddable":true,"href":"https:\/\/www.argensend.com\/en\/wp-json\/wp\/v2\/comments?post=121884"}],"version-history":[{"count":1,"href":"https:\/\/www.argensend.com\/en\/wp-json\/wp\/v2\/product\/121884\/revisions"}],"predecessor-version":[{"id":121885,"href":"https:\/\/www.argensend.com\/en\/wp-json\/wp\/v2\/product\/121884\/revisions\/121885"}],"wp:featuredmedia":[{"embeddable":true,"href":"https:\/\/www.argensend.com\/en\/wp-json\/wp\/v2\/media\/121882"}],"wp:attachment":[{"href":"https:\/\/www.argensend.com\/en\/wp-json\/wp\/v2\/media?parent=121884"}],"wp:term":[{"taxonomy":"brand","embeddable":true,"href":"https:\/\/www.argensend.com\/en\/wp-json\/wp\/v2\/etheme_brands?post=121884"},{"taxonomy":"product_brand","embeddable":true,"href":"https:\/\/www.argensend.com\/en\/wp-json\/wp\/v2\/product_brand?post=121884"},{"taxonomy":"product_cat","embeddable":true,"href":"https:\/\/www.argensend.com\/en\/wp-json\/wp\/v2\/product_cat?post=121884"},{"taxonomy":"product_tag","embeddable":true,"href":"https:\/\/www.argensend.com\/en\/wp-json\/wp\/v2\/product_tag?post=121884"}],"curies":[{"name":"wp","href":"https:\/\/api.w.org\/{rel}","templated":true}]}}