{"id":121910,"date":"2025-07-04T16:38:35","date_gmt":"2025-07-04T19:38:35","guid":{"rendered":"https:\/\/www.argensend.com\/?post_type=product&#038;p=121910"},"modified":"2025-07-21T11:01:33","modified_gmt":"2025-07-21T14:01:33","slug":"biferdil-nutri-cream-mascara-reparadora-150ml-x3-unidades","status":"publish","type":"product","link":"https:\/\/www.argensend.com\/en\/product\/biferdil-nutri-cream-mascara-reparadora-150ml-x3-unidades\/","title":{"rendered":"Biferdil &#8211; Nutri Cream Mascara Reparadora &#8211; 150ml x3 Unidades"},"content":{"rendered":"<p>Es la soluci\u00f3n perfecta para cabellos con puntas abiertas, secas y castigadas. Enriquecida con Vitamina E, proporciona nutrici\u00f3n profunda, reponiendo la hidrataci\u00f3n y suavidad mientras protege el cabello de futuras agresiones.<\/p>","protected":false},"excerpt":{"rendered":"<p>Es la soluci\u00f3n perfecta para cabellos con puntas abiertas, secas y castigadas. Enriquecida con Vitamina E, proporciona nutrici\u00f3n profunda, reponiendo la hidrataci\u00f3n y suavidad mientras&#8230;<\/p>","protected":false},"featured_media":121911,"comment_status":"closed","ping_status":"closed","template":"","meta":{"_acf_changed":false,"om_disable_all_campaigns":false,"_monsterinsights_skip_tracking":false,"_monsterinsights_sitenote_active":false,"_monsterinsights_sitenote_note":"","_monsterinsights_sitenote_category":0},"etheme_brands":[],"product_brand":[],"product_cat":[8935,8819],"product_tag":[10794,5425,10871,10870,10869],"class_list":{"0":"post-121910","1":"product","2":"type-product","3":"status-publish","4":"has-post-thumbnail","6":"product_cat-belleza-y-salud","7":"product_cat-farmacia","8":"product_tag-150ml","9":"product_tag-biferdil","10":"product_tag-mascara-reparadora","11":"product_tag-nutri-cream","12":"product_tag-reparador-de-puntas","14":"first","15":"instock","16":"taxable","17":"shipping-taxable","18":"purchasable","19":"product-type-simple"},"acf":[],"aioseo_notices":[],"_links":{"self":[{"href":"https:\/\/www.argensend.com\/en\/wp-json\/wp\/v2\/product\/121910","targetHints":{"allow":["GET"]}}],"collection":[{"href":"https:\/\/www.argensend.com\/en\/wp-json\/wp\/v2\/product"}],"about":[{"href":"https:\/\/www.argensend.com\/en\/wp-json\/wp\/v2\/types\/product"}],"replies":[{"embeddable":true,"href":"https:\/\/www.argensend.com\/en\/wp-json\/wp\/v2\/comments?post=121910"}],"version-history":[{"count":1,"href":"https:\/\/www.argensend.com\/en\/wp-json\/wp\/v2\/product\/121910\/revisions"}],"predecessor-version":[{"id":121912,"href":"https:\/\/www.argensend.com\/en\/wp-json\/wp\/v2\/product\/121910\/revisions\/121912"}],"wp:featuredmedia":[{"embeddable":true,"href":"https:\/\/www.argensend.com\/en\/wp-json\/wp\/v2\/media\/121911"}],"wp:attachment":[{"href":"https:\/\/www.argensend.com\/en\/wp-json\/wp\/v2\/media?parent=121910"}],"wp:term":[{"taxonomy":"brand","embeddable":true,"href":"https:\/\/www.argensend.com\/en\/wp-json\/wp\/v2\/etheme_brands?post=121910"},{"taxonomy":"product_brand","embeddable":true,"href":"https:\/\/www.argensend.com\/en\/wp-json\/wp\/v2\/product_brand?post=121910"},{"taxonomy":"product_cat","embeddable":true,"href":"https:\/\/www.argensend.com\/en\/wp-json\/wp\/v2\/product_cat?post=121910"},{"taxonomy":"product_tag","embeddable":true,"href":"https:\/\/www.argensend.com\/en\/wp-json\/wp\/v2\/product_tag?post=121910"}],"curies":[{"name":"wp","href":"https:\/\/api.w.org\/{rel}","templated":true}]}}