{"id":121944,"date":"2025-07-07T17:20:51","date_gmt":"2025-07-07T20:20:51","guid":{"rendered":"https:\/\/www.argensend.com\/?post_type=product&#038;p=121944"},"modified":"2025-07-07T17:22:18","modified_gmt":"2025-07-07T20:22:18","slug":"arcor-caramelos-menthoplus-zero-sabor-menta-y-eucalipto-2-cajas-x12-unidades","status":"publish","type":"product","link":"https:\/\/www.argensend.com\/en\/product\/arcor-caramelos-menthoplus-zero-sabor-menta-y-eucalipto-2-cajas-x12-unidades\/","title":{"rendered":"Arcor &#8211; Caramelos Menthoplus Zero sabor Menta y Eucalipto &#8211; 2 Cajas x12 Unidades"},"content":{"rendered":"<p>Descubre el delicioso y refrescante sabor de los caramelos Menthoplus Zero Strong. Estos caramelos sin az\u00facar son perfectos para aquellos que buscan una opci\u00f3n m\u00e1s saludable sin sacrificar el sabor. Cada caja contiene 12 unidades de caramelos Menthoplus Zero Strong, con un peso total de 26,6 gramos. No te pierdas la oportunidad de probar estos deliciosos caramelos Menthoplus Zero Strong y disfrutar de su sabor refrescante en cualquier momento del d\u00eda.<\/p>","protected":false},"excerpt":{"rendered":"<p>Descubre el delicioso y refrescante sabor de los caramelos Menthoplus Zero Strong. Estos caramelos sin az\u00facar son perfectos para aquellos que buscan una opci\u00f3n m\u00e1s&#8230;<\/p>","protected":false},"featured_media":121945,"comment_status":"closed","ping_status":"closed","template":"","meta":{"_acf_changed":false,"om_disable_all_campaigns":false,"_monsterinsights_skip_tracking":false,"_monsterinsights_sitenote_active":false,"_monsterinsights_sitenote_note":"","_monsterinsights_sitenote_category":0},"etheme_brands":[],"product_brand":[],"product_cat":[2115,78],"product_tag":[10886,300,357,4135,259,10885],"class_list":{"0":"post-121944","1":"product","2":"type-product","3":"status-publish","4":"has-post-thumbnail","6":"product_cat-caramelos-duros","7":"product_cat-golosinas","8":"product_tag-2-cajas","9":"product_tag-arcor","10":"product_tag-caramelos","11":"product_tag-eucaliptus","12":"product_tag-menta","13":"product_tag-menthoplus-zero","15":"first","16":"instock","17":"taxable","18":"shipping-taxable","19":"purchasable","20":"product-type-simple"},"acf":[],"aioseo_notices":[],"_links":{"self":[{"href":"https:\/\/www.argensend.com\/en\/wp-json\/wp\/v2\/product\/121944","targetHints":{"allow":["GET"]}}],"collection":[{"href":"https:\/\/www.argensend.com\/en\/wp-json\/wp\/v2\/product"}],"about":[{"href":"https:\/\/www.argensend.com\/en\/wp-json\/wp\/v2\/types\/product"}],"replies":[{"embeddable":true,"href":"https:\/\/www.argensend.com\/en\/wp-json\/wp\/v2\/comments?post=121944"}],"version-history":[{"count":1,"href":"https:\/\/www.argensend.com\/en\/wp-json\/wp\/v2\/product\/121944\/revisions"}],"predecessor-version":[{"id":121946,"href":"https:\/\/www.argensend.com\/en\/wp-json\/wp\/v2\/product\/121944\/revisions\/121946"}],"wp:featuredmedia":[{"embeddable":true,"href":"https:\/\/www.argensend.com\/en\/wp-json\/wp\/v2\/media\/121945"}],"wp:attachment":[{"href":"https:\/\/www.argensend.com\/en\/wp-json\/wp\/v2\/media?parent=121944"}],"wp:term":[{"taxonomy":"brand","embeddable":true,"href":"https:\/\/www.argensend.com\/en\/wp-json\/wp\/v2\/etheme_brands?post=121944"},{"taxonomy":"product_brand","embeddable":true,"href":"https:\/\/www.argensend.com\/en\/wp-json\/wp\/v2\/product_brand?post=121944"},{"taxonomy":"product_cat","embeddable":true,"href":"https:\/\/www.argensend.com\/en\/wp-json\/wp\/v2\/product_cat?post=121944"},{"taxonomy":"product_tag","embeddable":true,"href":"https:\/\/www.argensend.com\/en\/wp-json\/wp\/v2\/product_tag?post=121944"}],"curies":[{"name":"wp","href":"https:\/\/api.w.org\/{rel}","templated":true}]}}