{"id":121957,"date":"2025-07-11T10:00:52","date_gmt":"2025-07-11T13:00:52","guid":{"rendered":"https:\/\/www.argensend.com\/?post_type=product&#038;p=121957"},"modified":"2025-09-24T12:26:03","modified_gmt":"2025-09-24T15:26:03","slug":"alfajor-havanna-dubai-de-pistacho-y-chocolate-negro-alfajor-mar-del-plata-de-chocolate-negro-y-sal-marina-155-gr-547-oz-caja-de-2-maridaje-de-edicion-limitada","status":"publish","type":"product","link":"https:\/\/www.argensend.com\/en\/product\/alfajor-havanna-dubai-de-pistacho-y-chocolate-negro-alfajor-mar-del-plata-de-chocolate-negro-y-sal-marina-155-gr-547-oz-caja-de-2-maridaje-de-edicion-limitada\/","title":{"rendered":"Alfajor Havanna Dubai de Pistacho y Chocolate Negro + Alfajor Mar del Plata de chocolate negro y sal marina 155 gr \/ 5,47 oz (Caja de 2, maridaje de Edici\u00f3n Limitada)"},"content":{"rendered":"<p><strong><span class=\"selected\">\u00a1El Alfajor Havanna Dubai de Pistacho es un \u00c9xito Rotundo!<\/span><\/strong><\/p>\n<p><span class=\"selected\">Estamos orgullosos de presentarte el <\/span><strong><span class=\"selected\">alfajor Havanna Dubai<\/span><\/strong><span class=\"selected\">, la \u00faltima sensaci\u00f3n que ha conquistado paladares en todo el mundo. Este producto exclusivo, con su inconfundible sabor a <\/span><strong><span class=\"selected\">pistacho<\/span><\/strong><span class=\"selected\">, ha superado todas las expectativas desde su lanzamiento.<\/span><\/p>\n<p><span class=\"selected\">Hemos sido testigos del entusiasmo y el cari\u00f1o con el que este alfajor ha sido recibido. Las filas, las rese\u00f1as y el agotamiento de stock en varios puntos de venta confirman que el <\/span><strong><span class=\"selected\">alfajor Havanna Dubai de pistacho<\/span><\/strong><span class=\"selected\"> es una verdadera joya gastron\u00f3mica.<\/span><\/p>\n<p><span class=\"selected\">Desde el primer bocado, supimos que ten\u00edamos que traer esta experiencia \u00fanica a nuestros clientes de <\/span><strong><span class=\"selected\">ArgenSend<\/span><\/strong><span class=\"selected\">. La combinaci\u00f3n de ingredientes naturales y el exquisito pistacho, un ingrediente tan valorado y a veces escaso, hacen de este alfajor una delicia incomparable.<\/span><\/p>\n<p><strong><span class=\"selected\">\u00bfPor qu\u00e9 el Alfajor Havanna Dubai es tan especial?<\/span><\/strong><\/p>\n<ul>\n<li><strong><span class=\"selected\">Sabor \u00danico:<\/span><\/strong><span class=\"selected\"> La perfecta armon\u00eda entre el dulce de leche, el chocolate y el intenso sabor del pistacho.<\/span><\/li>\n<li><strong><span class=\"selected\">Ingredientes de Calidad:<\/span><\/strong><span class=\"selected\"> Havanna prioriza los ingredientes naturales, garantizando una experiencia premium.<\/span><\/li>\n<li><strong><span class=\"selected\">\u00c9xito Global:<\/span><\/strong><span class=\"selected\"> Un producto que ha generado furor y se ha agotado r\u00e1pidamente en diversos mercados.<\/span><\/li>\n<\/ul>\n<p><span class=\"selected\">El viaje de sabor de Havanna contin\u00faa, y nos aseguramos de que puedas ser parte de \u00e9l. Si buscas <\/span><strong><span class=\"selected\">comprar alfajor Havanna Dubai<\/span><\/strong><span class=\"selected\"> o enviar productos argentinos a cualquier parte del mundo, \u00a1est\u00e1s en el lugar correcto!<\/span><\/p>\n<p><strong><span class=\"selected\">\u00a1No te quedes sin el tuyo!<\/span><\/strong><span class=\"selected\"> A<\/span><span class=\"selected\">\u00f1ade este exquisito <\/span><strong><span class=\"selected\">alfajor de pistacho<\/span><\/strong><span class=\"selected\"> a tu carrito. Disfruta de la comodidad de nuestro <\/span><strong><span class=\"selected\">env\u00edo internacional<\/span><\/strong><span class=\"selected\"> y lleva un pedazo de Argentina a tu hogar.<\/span><\/p>","protected":false},"excerpt":{"rendered":"<p>\u00a1El Alfajor Havanna Dubai de Pistacho es un \u00c9xito Rotundo! Estamos orgullosos de presentarte el alfajor Havanna Dubai, la \u00faltima sensaci\u00f3n que ha conquistado paladares&#8230;<\/p>","protected":false},"featured_media":121960,"comment_status":"open","ping_status":"closed","template":"","meta":{"_acf_changed":false,"om_disable_all_campaigns":false,"_monsterinsights_skip_tracking":false,"_monsterinsights_sitenote_active":false,"_monsterinsights_sitenote_note":"","_monsterinsights_sitenote_category":0},"etheme_brands":[],"product_brand":[],"product_cat":[83],"product_tag":[156,159,10887,1627,3983,9287,1689],"class_list":{"0":"post-121957","1":"product","2":"type-product","3":"status-publish","4":"has-post-thumbnail","6":"product_cat-alfajores-conitos","7":"product_tag-alfajor","8":"product_tag-chocolate","9":"product_tag-dubai","10":"product_tag-havanna","11":"product_tag-mar-del-plata","12":"product_tag-pistacho","13":"product_tag-sal-marina","15":"first","16":"instock","17":"featured","18":"taxable","19":"shipping-taxable","20":"purchasable","21":"product-type-simple"},"acf":[],"aioseo_notices":[],"_links":{"self":[{"href":"https:\/\/www.argensend.com\/en\/wp-json\/wp\/v2\/product\/121957","targetHints":{"allow":["GET"]}}],"collection":[{"href":"https:\/\/www.argensend.com\/en\/wp-json\/wp\/v2\/product"}],"about":[{"href":"https:\/\/www.argensend.com\/en\/wp-json\/wp\/v2\/types\/product"}],"replies":[{"embeddable":true,"href":"https:\/\/www.argensend.com\/en\/wp-json\/wp\/v2\/comments?post=121957"}],"version-history":[{"count":2,"href":"https:\/\/www.argensend.com\/en\/wp-json\/wp\/v2\/product\/121957\/revisions"}],"predecessor-version":[{"id":121965,"href":"https:\/\/www.argensend.com\/en\/wp-json\/wp\/v2\/product\/121957\/revisions\/121965"}],"wp:featuredmedia":[{"embeddable":true,"href":"https:\/\/www.argensend.com\/en\/wp-json\/wp\/v2\/media\/121960"}],"wp:attachment":[{"href":"https:\/\/www.argensend.com\/en\/wp-json\/wp\/v2\/media?parent=121957"}],"wp:term":[{"taxonomy":"brand","embeddable":true,"href":"https:\/\/www.argensend.com\/en\/wp-json\/wp\/v2\/etheme_brands?post=121957"},{"taxonomy":"product_brand","embeddable":true,"href":"https:\/\/www.argensend.com\/en\/wp-json\/wp\/v2\/product_brand?post=121957"},{"taxonomy":"product_cat","embeddable":true,"href":"https:\/\/www.argensend.com\/en\/wp-json\/wp\/v2\/product_cat?post=121957"},{"taxonomy":"product_tag","embeddable":true,"href":"https:\/\/www.argensend.com\/en\/wp-json\/wp\/v2\/product_tag?post=121957"}],"curies":[{"name":"wp","href":"https:\/\/api.w.org\/{rel}","templated":true}]}}