{"id":12408,"date":"2020-11-06T20:45:25","date_gmt":"2020-11-06T23:45:25","guid":{"rendered":"https:\/\/www.argensend.com\/?post_type=product&#038;p=12408"},"modified":"2024-12-06T15:56:00","modified_gmt":"2024-12-06T18:56:00","slug":"dermaglos-emulsion-post-solar-hidratante-con-dosificador-dermaglos-x-300-ml","status":"publish","type":"product","link":"https:\/\/www.argensend.com\/en\/product\/dermaglos-emulsion-post-solar-hidratante-con-dosificador-dermaglos-x-300-ml\/","title":{"rendered":"Dermagl\u00f3s &#8211; Emulsi\u00f3n Post-Solar Hidratante con Dosificador 300ml"},"content":{"rendered":"<section class=\"product-description-container\">\n<div class=\"product-description active\">\n<div class=\"productDescription\">\n<h3>Descripci\u00f3n:<\/h3>\n<p>Emulsi\u00f3n con dosificador Dermagl\u00f3s Post Solar hidratante reparadora para piel deshidratada\u00a0x 300 ml.<\/p>\n<h3>Beneficios:<\/h3>\n<p>-La vitamina E brinda un efecto antioxidante y antiinflamatorio.<\/p>\n<p>-La vitamina A normaliza la piel seca y deshidratada a causa de la exposici\u00f3n solar.<\/p>\n<p>-La Alanto\u00edna brinda una acci\u00f3n queratol\u00edtica y regeneradora de la piel.<\/p>\n<h3>Modo de uso:<\/h3>\n<p>Aplicar en cuerpo y rostro tantas veces como sea necesario. Evitar el contacto con los ojos o mucosas. Uso externo.<\/p>\n<\/div>\n<\/div>\n<\/section>\n<p>&nbsp;<\/p>\n<p>&nbsp;<\/p>\n<p>Description:<\/p>\n<p>Dermagl\u00f3s Post Solar moisturizing repairing moisturizing emulsion with dispenser for dehydrated skin x 300 ml.<\/p>\n<p>Benefits:<\/p>\n<p>-Vitamin E provides an antioxidant and anti-inflammatory effect.<\/p>\n<p>-Vitamin A normalizes dry and dehydrated skin caused by sun exposure.<\/p>\n<p>-Allantoin provides a keratolytic and skin regenerating action.<\/p>\n<p>Directions for use:<\/p>\n<p>Apply on body and face as often as necessary. Avoid contact with eyes or mucous membranes. External use.<\/p>","protected":false},"excerpt":{"rendered":"<p>Descripci\u00f3n: Emulsi\u00f3n con dosificador Dermagl\u00f3s Post Solar hidratante reparadora para piel deshidratada\u00a0x 300 ml. Beneficios: -La vitamina E brinda un efecto antioxidante y antiinflamatorio. -La&#8230;<\/p>","protected":false},"featured_media":12410,"comment_status":"closed","ping_status":"closed","template":"","meta":{"_acf_changed":false,"om_disable_all_campaigns":false,"_monsterinsights_skip_tracking":false,"_monsterinsights_sitenote_active":false,"_monsterinsights_sitenote_note":"","_monsterinsights_sitenote_category":0},"etheme_brands":[],"product_brand":[],"product_cat":[8819],"product_tag":[465,607,609,608],"class_list":{"0":"post-12408","1":"product","2":"type-product","3":"status-publish","4":"has-post-thumbnail","6":"product_cat-farmacia","7":"product_tag-dermaglos","8":"product_tag-emulsion","9":"product_tag-post","10":"product_tag-solar","12":"first","13":"instock","14":"taxable","15":"shipping-taxable","16":"purchasable","17":"product-type-simple"},"acf":[],"aioseo_notices":[],"_links":{"self":[{"href":"https:\/\/www.argensend.com\/en\/wp-json\/wp\/v2\/product\/12408","targetHints":{"allow":["GET"]}}],"collection":[{"href":"https:\/\/www.argensend.com\/en\/wp-json\/wp\/v2\/product"}],"about":[{"href":"https:\/\/www.argensend.com\/en\/wp-json\/wp\/v2\/types\/product"}],"replies":[{"embeddable":true,"href":"https:\/\/www.argensend.com\/en\/wp-json\/wp\/v2\/comments?post=12408"}],"version-history":[{"count":3,"href":"https:\/\/www.argensend.com\/en\/wp-json\/wp\/v2\/product\/12408\/revisions"}],"predecessor-version":[{"id":98352,"href":"https:\/\/www.argensend.com\/en\/wp-json\/wp\/v2\/product\/12408\/revisions\/98352"}],"wp:featuredmedia":[{"embeddable":true,"href":"https:\/\/www.argensend.com\/en\/wp-json\/wp\/v2\/media\/12410"}],"wp:attachment":[{"href":"https:\/\/www.argensend.com\/en\/wp-json\/wp\/v2\/media?parent=12408"}],"wp:term":[{"taxonomy":"brand","embeddable":true,"href":"https:\/\/www.argensend.com\/en\/wp-json\/wp\/v2\/etheme_brands?post=12408"},{"taxonomy":"product_brand","embeddable":true,"href":"https:\/\/www.argensend.com\/en\/wp-json\/wp\/v2\/product_brand?post=12408"},{"taxonomy":"product_cat","embeddable":true,"href":"https:\/\/www.argensend.com\/en\/wp-json\/wp\/v2\/product_cat?post=12408"},{"taxonomy":"product_tag","embeddable":true,"href":"https:\/\/www.argensend.com\/en\/wp-json\/wp\/v2\/product_tag?post=12408"}],"curies":[{"name":"wp","href":"https:\/\/api.w.org\/{rel}","templated":true}]}}