{"id":126746,"date":"2025-10-01T14:47:12","date_gmt":"2025-10-01T17:47:12","guid":{"rendered":"https:\/\/www.argensend.com\/producto\/1-problemas-actuales-derechos-humanos-de-rey-sebastian-alejandro-bici\/"},"modified":"2025-10-01T14:47:12","modified_gmt":"2025-10-01T17:47:12","slug":"1-problemas-actuales-derechos-humanos-de-rey-sebastian-alejandro-bici","status":"publish","type":"product","link":"https:\/\/www.argensend.com\/en\/product\/1-problemas-actuales-derechos-humanos-de-rey-sebastian-alejandro-bici\/","title":{"rendered":"1 Problemas Actuales Derechos Humanos De Rey, Sebastian Alejandro; Bici"},"content":{"rendered":"","protected":false},"excerpt":{"rendered":"<p>Un estudio sobre los desaf\u00edos y controversias contempor\u00e1neas en la defensa y aplicaci\u00f3n de los Derechos Humanos.<\/p>","protected":false},"featured_media":124286,"comment_status":"closed","ping_status":"closed","template":"","meta":{"_acf_changed":false,"om_disable_all_campaigns":false,"_monsterinsights_skip_tracking":false,"_monsterinsights_sitenote_active":false,"_monsterinsights_sitenote_note":"","_monsterinsights_sitenote_category":0},"etheme_brands":[],"product_brand":[],"product_cat":[685],"product_tag":[],"class_list":{"0":"post-126746","1":"product","2":"type-product","3":"status-publish","4":"has-post-thumbnail","6":"product_cat-libros","8":"first","9":"instock","10":"sale","11":"taxable","12":"shipping-taxable","13":"purchasable","14":"product-type-simple"},"acf":[],"aioseo_notices":[],"_links":{"self":[{"href":"https:\/\/www.argensend.com\/en\/wp-json\/wp\/v2\/product\/126746","targetHints":{"allow":["GET"]}}],"collection":[{"href":"https:\/\/www.argensend.com\/en\/wp-json\/wp\/v2\/product"}],"about":[{"href":"https:\/\/www.argensend.com\/en\/wp-json\/wp\/v2\/types\/product"}],"replies":[{"embeddable":true,"href":"https:\/\/www.argensend.com\/en\/wp-json\/wp\/v2\/comments?post=126746"}],"version-history":[{"count":0,"href":"https:\/\/www.argensend.com\/en\/wp-json\/wp\/v2\/product\/126746\/revisions"}],"wp:featuredmedia":[{"embeddable":true,"href":"https:\/\/www.argensend.com\/en\/wp-json\/wp\/v2\/media\/124286"}],"wp:attachment":[{"href":"https:\/\/www.argensend.com\/en\/wp-json\/wp\/v2\/media?parent=126746"}],"wp:term":[{"taxonomy":"brand","embeddable":true,"href":"https:\/\/www.argensend.com\/en\/wp-json\/wp\/v2\/etheme_brands?post=126746"},{"taxonomy":"product_brand","embeddable":true,"href":"https:\/\/www.argensend.com\/en\/wp-json\/wp\/v2\/product_brand?post=126746"},{"taxonomy":"product_cat","embeddable":true,"href":"https:\/\/www.argensend.com\/en\/wp-json\/wp\/v2\/product_cat?post=126746"},{"taxonomy":"product_tag","embeddable":true,"href":"https:\/\/www.argensend.com\/en\/wp-json\/wp\/v2\/product_tag?post=126746"}],"curies":[{"name":"wp","href":"https:\/\/api.w.org\/{rel}","templated":true}]}}