{"id":126755,"date":"2025-10-01T14:47:14","date_gmt":"2025-10-01T17:47:14","guid":{"rendered":"https:\/\/www.argensend.com\/producto\/100-peliculas-sobre-historia-contemporanea-de-caparros-lera-jose-maria\/"},"modified":"2025-10-01T14:47:15","modified_gmt":"2025-10-01T17:47:15","slug":"100-peliculas-sobre-historia-contemporanea-de-caparros-lera-jose-maria","status":"publish","type":"product","link":"https:\/\/www.argensend.com\/en\/product\/100-peliculas-sobre-historia-contemporanea-de-caparros-lera-jose-maria\/","title":{"rendered":"100 Pel\u00edculas Sobre Historia Contempor\u00e1nea De Caparr\u00f3s Lera, Jos\u00e9 Mar\u00eda"},"content":{"rendered":"","protected":false},"excerpt":{"rendered":"<p>Una selecci\u00f3n y an\u00e1lisis de 100 pel\u00edculas esenciales para entender la historia contempor\u00e1nea mundial.<\/p>","protected":false},"featured_media":123642,"comment_status":"closed","ping_status":"closed","template":"","meta":{"_acf_changed":false,"om_disable_all_campaigns":false,"_monsterinsights_skip_tracking":false,"_monsterinsights_sitenote_active":false,"_monsterinsights_sitenote_note":"","_monsterinsights_sitenote_category":0},"etheme_brands":[],"product_brand":[],"product_cat":[685],"product_tag":[],"class_list":{"0":"post-126755","1":"product","2":"type-product","3":"status-publish","4":"has-post-thumbnail","6":"product_cat-libros","8":"first","9":"instock","10":"sale","11":"taxable","12":"shipping-taxable","13":"purchasable","14":"product-type-simple"},"acf":[],"aioseo_notices":[],"_links":{"self":[{"href":"https:\/\/www.argensend.com\/en\/wp-json\/wp\/v2\/product\/126755","targetHints":{"allow":["GET"]}}],"collection":[{"href":"https:\/\/www.argensend.com\/en\/wp-json\/wp\/v2\/product"}],"about":[{"href":"https:\/\/www.argensend.com\/en\/wp-json\/wp\/v2\/types\/product"}],"replies":[{"embeddable":true,"href":"https:\/\/www.argensend.com\/en\/wp-json\/wp\/v2\/comments?post=126755"}],"version-history":[{"count":0,"href":"https:\/\/www.argensend.com\/en\/wp-json\/wp\/v2\/product\/126755\/revisions"}],"wp:featuredmedia":[{"embeddable":true,"href":"https:\/\/www.argensend.com\/en\/wp-json\/wp\/v2\/media\/123642"}],"wp:attachment":[{"href":"https:\/\/www.argensend.com\/en\/wp-json\/wp\/v2\/media?parent=126755"}],"wp:term":[{"taxonomy":"brand","embeddable":true,"href":"https:\/\/www.argensend.com\/en\/wp-json\/wp\/v2\/etheme_brands?post=126755"},{"taxonomy":"product_brand","embeddable":true,"href":"https:\/\/www.argensend.com\/en\/wp-json\/wp\/v2\/product_brand?post=126755"},{"taxonomy":"product_cat","embeddable":true,"href":"https:\/\/www.argensend.com\/en\/wp-json\/wp\/v2\/product_cat?post=126755"},{"taxonomy":"product_tag","embeddable":true,"href":"https:\/\/www.argensend.com\/en\/wp-json\/wp\/v2\/product_tag?post=126755"}],"curies":[{"name":"wp","href":"https:\/\/api.w.org\/{rel}","templated":true}]}}