{"id":126793,"date":"2025-10-01T14:47:40","date_gmt":"2025-10-01T17:47:40","guid":{"rendered":"https:\/\/www.argensend.com\/producto\/20-habitos-para-una-alimentacion-saludable-de-gomez-ruiz-amparo\/"},"modified":"2025-10-01T14:47:40","modified_gmt":"2025-10-01T17:47:40","slug":"20-habitos-para-una-alimentacion-saludable-de-gomez-ruiz-amparo","status":"publish","type":"product","link":"https:\/\/www.argensend.com\/en\/product\/20-habitos-para-una-alimentacion-saludable-de-gomez-ruiz-amparo\/","title":{"rendered":"20 H\u00e1bitos Para Una Alimentaci\u00f3n Saludable De G\u00f3mez Ruiz, Amparo"},"content":{"rendered":"","protected":false},"excerpt":{"rendered":"<p>Una gu\u00eda pr\u00e1ctica con veinte rutinas sencillas para transformar y mejorar tus h\u00e1bitos de alimentaci\u00f3n.<\/p>","protected":false},"featured_media":124950,"comment_status":"closed","ping_status":"closed","template":"","meta":{"_acf_changed":false,"om_disable_all_campaigns":false,"_monsterinsights_skip_tracking":false,"_monsterinsights_sitenote_active":false,"_monsterinsights_sitenote_note":"","_monsterinsights_sitenote_category":0},"etheme_brands":[],"product_brand":[],"product_cat":[685],"product_tag":[],"class_list":{"0":"post-126793","1":"product","2":"type-product","3":"status-publish","4":"has-post-thumbnail","6":"product_cat-libros","8":"first","9":"instock","10":"sale","11":"taxable","12":"shipping-taxable","13":"purchasable","14":"product-type-simple"},"acf":[],"aioseo_notices":[],"_links":{"self":[{"href":"https:\/\/www.argensend.com\/en\/wp-json\/wp\/v2\/product\/126793","targetHints":{"allow":["GET"]}}],"collection":[{"href":"https:\/\/www.argensend.com\/en\/wp-json\/wp\/v2\/product"}],"about":[{"href":"https:\/\/www.argensend.com\/en\/wp-json\/wp\/v2\/types\/product"}],"replies":[{"embeddable":true,"href":"https:\/\/www.argensend.com\/en\/wp-json\/wp\/v2\/comments?post=126793"}],"version-history":[{"count":0,"href":"https:\/\/www.argensend.com\/en\/wp-json\/wp\/v2\/product\/126793\/revisions"}],"wp:featuredmedia":[{"embeddable":true,"href":"https:\/\/www.argensend.com\/en\/wp-json\/wp\/v2\/media\/124950"}],"wp:attachment":[{"href":"https:\/\/www.argensend.com\/en\/wp-json\/wp\/v2\/media?parent=126793"}],"wp:term":[{"taxonomy":"brand","embeddable":true,"href":"https:\/\/www.argensend.com\/en\/wp-json\/wp\/v2\/etheme_brands?post=126793"},{"taxonomy":"product_brand","embeddable":true,"href":"https:\/\/www.argensend.com\/en\/wp-json\/wp\/v2\/product_brand?post=126793"},{"taxonomy":"product_cat","embeddable":true,"href":"https:\/\/www.argensend.com\/en\/wp-json\/wp\/v2\/product_cat?post=126793"},{"taxonomy":"product_tag","embeddable":true,"href":"https:\/\/www.argensend.com\/en\/wp-json\/wp\/v2\/product_tag?post=126793"}],"curies":[{"name":"wp","href":"https:\/\/api.w.org\/{rel}","templated":true}]}}