{"id":126807,"date":"2025-10-01T14:47:50","date_gmt":"2025-10-01T17:47:50","guid":{"rendered":"https:\/\/www.argensend.com\/producto\/3-libros-y-alpargatas-civilizados-o-barbaros-polemicas-de-jauretche-arturo\/"},"modified":"2025-10-01T14:47:51","modified_gmt":"2025-10-01T17:47:51","slug":"3-libros-y-alpargatas-civilizados-o-barbaros-polemicas-de-jauretche-arturo","status":"publish","type":"product","link":"https:\/\/www.argensend.com\/en\/product\/3-libros-y-alpargatas-civilizados-o-barbaros-polemicas-de-jauretche-arturo\/","title":{"rendered":"3 Libros Y Alpargatas  Civilizados O B\u00e1rbaros  Pol\u00e9micas De Jauretche, Arturo"},"content":{"rendered":"","protected":false},"excerpt":{"rendered":"<p>Recopilaci\u00f3n de los ensayos y pol\u00e9micas de Arturo Jauretche sobre la dicotom\u00eda &#8220;Civilizaci\u00f3n o Barbarie&#8221;, analizando la identidad argentina.<\/p>","protected":false},"featured_media":124935,"comment_status":"closed","ping_status":"closed","template":"","meta":{"_acf_changed":false,"om_disable_all_campaigns":false,"_monsterinsights_skip_tracking":false,"_monsterinsights_sitenote_active":false,"_monsterinsights_sitenote_note":"","_monsterinsights_sitenote_category":0},"etheme_brands":[],"product_brand":[],"product_cat":[685],"product_tag":[],"class_list":{"0":"post-126807","1":"product","2":"type-product","3":"status-publish","4":"has-post-thumbnail","6":"product_cat-libros","8":"first","9":"instock","10":"sale","11":"taxable","12":"shipping-taxable","13":"purchasable","14":"product-type-simple"},"acf":[],"aioseo_notices":[],"_links":{"self":[{"href":"https:\/\/www.argensend.com\/en\/wp-json\/wp\/v2\/product\/126807","targetHints":{"allow":["GET"]}}],"collection":[{"href":"https:\/\/www.argensend.com\/en\/wp-json\/wp\/v2\/product"}],"about":[{"href":"https:\/\/www.argensend.com\/en\/wp-json\/wp\/v2\/types\/product"}],"replies":[{"embeddable":true,"href":"https:\/\/www.argensend.com\/en\/wp-json\/wp\/v2\/comments?post=126807"}],"version-history":[{"count":0,"href":"https:\/\/www.argensend.com\/en\/wp-json\/wp\/v2\/product\/126807\/revisions"}],"wp:featuredmedia":[{"embeddable":true,"href":"https:\/\/www.argensend.com\/en\/wp-json\/wp\/v2\/media\/124935"}],"wp:attachment":[{"href":"https:\/\/www.argensend.com\/en\/wp-json\/wp\/v2\/media?parent=126807"}],"wp:term":[{"taxonomy":"brand","embeddable":true,"href":"https:\/\/www.argensend.com\/en\/wp-json\/wp\/v2\/etheme_brands?post=126807"},{"taxonomy":"product_brand","embeddable":true,"href":"https:\/\/www.argensend.com\/en\/wp-json\/wp\/v2\/product_brand?post=126807"},{"taxonomy":"product_cat","embeddable":true,"href":"https:\/\/www.argensend.com\/en\/wp-json\/wp\/v2\/product_cat?post=126807"},{"taxonomy":"product_tag","embeddable":true,"href":"https:\/\/www.argensend.com\/en\/wp-json\/wp\/v2\/product_tag?post=126807"}],"curies":[{"name":"wp","href":"https:\/\/api.w.org\/{rel}","templated":true}]}}