{"id":126813,"date":"2025-10-01T14:47:55","date_gmt":"2025-10-01T17:47:55","guid":{"rendered":"https:\/\/www.argensend.com\/producto\/30-dias-la-trama-del-atentado-a-la-amia-de-rua-alejandro\/"},"modified":"2025-10-01T14:47:55","modified_gmt":"2025-10-01T17:47:55","slug":"30-dias-la-trama-del-atentado-a-la-amia-de-rua-alejandro","status":"publish","type":"product","link":"https:\/\/www.argensend.com\/en\/product\/30-dias-la-trama-del-atentado-a-la-amia-de-rua-alejandro\/","title":{"rendered":"30 D\u00edas: La Trama Del Atentado A La Amia De Rua, Alejandro"},"content":{"rendered":"","protected":false},"excerpt":{"rendered":"<p>Una cr\u00f3nica de investigaci\u00f3n que reconstruye la trama del atentado a la AMIA, centr\u00e1ndose en los cruciales 30 d\u00edas posteriores al ataque.<\/p>","protected":false},"featured_media":124334,"comment_status":"closed","ping_status":"closed","template":"","meta":{"_acf_changed":false,"om_disable_all_campaigns":false,"_monsterinsights_skip_tracking":false,"_monsterinsights_sitenote_active":false,"_monsterinsights_sitenote_note":"","_monsterinsights_sitenote_category":0},"etheme_brands":[],"product_brand":[],"product_cat":[685],"product_tag":[],"class_list":{"0":"post-126813","1":"product","2":"type-product","3":"status-publish","4":"has-post-thumbnail","6":"product_cat-libros","8":"first","9":"instock","10":"sale","11":"taxable","12":"shipping-taxable","13":"purchasable","14":"product-type-simple"},"acf":[],"aioseo_notices":[],"_links":{"self":[{"href":"https:\/\/www.argensend.com\/en\/wp-json\/wp\/v2\/product\/126813","targetHints":{"allow":["GET"]}}],"collection":[{"href":"https:\/\/www.argensend.com\/en\/wp-json\/wp\/v2\/product"}],"about":[{"href":"https:\/\/www.argensend.com\/en\/wp-json\/wp\/v2\/types\/product"}],"replies":[{"embeddable":true,"href":"https:\/\/www.argensend.com\/en\/wp-json\/wp\/v2\/comments?post=126813"}],"version-history":[{"count":0,"href":"https:\/\/www.argensend.com\/en\/wp-json\/wp\/v2\/product\/126813\/revisions"}],"wp:featuredmedia":[{"embeddable":true,"href":"https:\/\/www.argensend.com\/en\/wp-json\/wp\/v2\/media\/124334"}],"wp:attachment":[{"href":"https:\/\/www.argensend.com\/en\/wp-json\/wp\/v2\/media?parent=126813"}],"wp:term":[{"taxonomy":"brand","embeddable":true,"href":"https:\/\/www.argensend.com\/en\/wp-json\/wp\/v2\/etheme_brands?post=126813"},{"taxonomy":"product_brand","embeddable":true,"href":"https:\/\/www.argensend.com\/en\/wp-json\/wp\/v2\/product_brand?post=126813"},{"taxonomy":"product_cat","embeddable":true,"href":"https:\/\/www.argensend.com\/en\/wp-json\/wp\/v2\/product_cat?post=126813"},{"taxonomy":"product_tag","embeddable":true,"href":"https:\/\/www.argensend.com\/en\/wp-json\/wp\/v2\/product_tag?post=126813"}],"curies":[{"name":"wp","href":"https:\/\/api.w.org\/{rel}","templated":true}]}}