{"id":126843,"date":"2025-10-01T14:48:13","date_gmt":"2025-10-01T17:48:13","guid":{"rendered":"https:\/\/www.argensend.com\/producto\/7-anos-de-entrenamiento-de-futbol-juvenil-de-borzi-carlos\/"},"modified":"2025-10-01T14:48:14","modified_gmt":"2025-10-01T17:48:14","slug":"7-anos-de-entrenamiento-de-futbol-juvenil-de-borzi-carlos","status":"publish","type":"product","link":"https:\/\/www.argensend.com\/en\/product\/7-anos-de-entrenamiento-de-futbol-juvenil-de-borzi-carlos\/","title":{"rendered":"7 A\u00f1os De Entrenamiento De F\u00fatbol Juvenil De Borzi, Carlos"},"content":{"rendered":"","protected":false},"excerpt":{"rendered":"<p>Gu\u00eda pr\u00e1ctica con planes y m\u00e9todos de entrenamiento especializados para el desarrollo t\u00e9cnico y t\u00e1ctico de futbolistas j\u00f3venes.<\/p>","protected":false},"featured_media":125094,"comment_status":"closed","ping_status":"closed","template":"","meta":{"_acf_changed":false,"om_disable_all_campaigns":false,"_monsterinsights_skip_tracking":false,"_monsterinsights_sitenote_active":false,"_monsterinsights_sitenote_note":"","_monsterinsights_sitenote_category":0},"etheme_brands":[],"product_brand":[],"product_cat":[685],"product_tag":[],"class_list":{"0":"post-126843","1":"product","2":"type-product","3":"status-publish","4":"has-post-thumbnail","6":"product_cat-libros","8":"first","9":"instock","10":"sale","11":"taxable","12":"shipping-taxable","13":"purchasable","14":"product-type-simple"},"acf":[],"aioseo_notices":[],"_links":{"self":[{"href":"https:\/\/www.argensend.com\/en\/wp-json\/wp\/v2\/product\/126843","targetHints":{"allow":["GET"]}}],"collection":[{"href":"https:\/\/www.argensend.com\/en\/wp-json\/wp\/v2\/product"}],"about":[{"href":"https:\/\/www.argensend.com\/en\/wp-json\/wp\/v2\/types\/product"}],"replies":[{"embeddable":true,"href":"https:\/\/www.argensend.com\/en\/wp-json\/wp\/v2\/comments?post=126843"}],"version-history":[{"count":0,"href":"https:\/\/www.argensend.com\/en\/wp-json\/wp\/v2\/product\/126843\/revisions"}],"wp:featuredmedia":[{"embeddable":true,"href":"https:\/\/www.argensend.com\/en\/wp-json\/wp\/v2\/media\/125094"}],"wp:attachment":[{"href":"https:\/\/www.argensend.com\/en\/wp-json\/wp\/v2\/media?parent=126843"}],"wp:term":[{"taxonomy":"brand","embeddable":true,"href":"https:\/\/www.argensend.com\/en\/wp-json\/wp\/v2\/etheme_brands?post=126843"},{"taxonomy":"product_brand","embeddable":true,"href":"https:\/\/www.argensend.com\/en\/wp-json\/wp\/v2\/product_brand?post=126843"},{"taxonomy":"product_cat","embeddable":true,"href":"https:\/\/www.argensend.com\/en\/wp-json\/wp\/v2\/product_cat?post=126843"},{"taxonomy":"product_tag","embeddable":true,"href":"https:\/\/www.argensend.com\/en\/wp-json\/wp\/v2\/product_tag?post=126843"}],"curies":[{"name":"wp","href":"https:\/\/api.w.org\/{rel}","templated":true}]}}