{"id":126875,"date":"2025-10-01T14:48:32","date_gmt":"2025-10-01T17:48:32","guid":{"rendered":"https:\/\/www.argensend.com\/producto\/ajedrez-resuelve-ingeniosos-problemas-de-gil-gonzalez-jose-manuel\/"},"modified":"2025-10-01T14:48:32","modified_gmt":"2025-10-01T17:48:32","slug":"ajedrez-resuelve-ingeniosos-problemas-de-gil-gonzalez-jose-manuel","status":"publish","type":"product","link":"https:\/\/www.argensend.com\/en\/product\/ajedrez-resuelve-ingeniosos-problemas-de-gil-gonzalez-jose-manuel\/","title":{"rendered":"Ajedrez: Resuelve Ingeniosos Problemas De Gil Gonz\u00e1lez, Jos\u00e9 Manuel"},"content":{"rendered":"","protected":false},"excerpt":{"rendered":"<p>Ejercicios y problemas de ajedrez estrat\u00e9gicos para entrenar la mente y perfeccionar tu juego en cualquier nivel.<\/p>","protected":false},"featured_media":124088,"comment_status":"closed","ping_status":"closed","template":"","meta":{"_acf_changed":false,"om_disable_all_campaigns":false,"_monsterinsights_skip_tracking":false,"_monsterinsights_sitenote_active":false,"_monsterinsights_sitenote_note":"","_monsterinsights_sitenote_category":0},"etheme_brands":[],"product_brand":[],"product_cat":[685],"product_tag":[],"class_list":{"0":"post-126875","1":"product","2":"type-product","3":"status-publish","4":"has-post-thumbnail","6":"product_cat-libros","8":"first","9":"instock","10":"sale","11":"taxable","12":"shipping-taxable","13":"purchasable","14":"product-type-simple"},"acf":[],"aioseo_notices":[],"_links":{"self":[{"href":"https:\/\/www.argensend.com\/en\/wp-json\/wp\/v2\/product\/126875","targetHints":{"allow":["GET"]}}],"collection":[{"href":"https:\/\/www.argensend.com\/en\/wp-json\/wp\/v2\/product"}],"about":[{"href":"https:\/\/www.argensend.com\/en\/wp-json\/wp\/v2\/types\/product"}],"replies":[{"embeddable":true,"href":"https:\/\/www.argensend.com\/en\/wp-json\/wp\/v2\/comments?post=126875"}],"version-history":[{"count":0,"href":"https:\/\/www.argensend.com\/en\/wp-json\/wp\/v2\/product\/126875\/revisions"}],"wp:featuredmedia":[{"embeddable":true,"href":"https:\/\/www.argensend.com\/en\/wp-json\/wp\/v2\/media\/124088"}],"wp:attachment":[{"href":"https:\/\/www.argensend.com\/en\/wp-json\/wp\/v2\/media?parent=126875"}],"wp:term":[{"taxonomy":"brand","embeddable":true,"href":"https:\/\/www.argensend.com\/en\/wp-json\/wp\/v2\/etheme_brands?post=126875"},{"taxonomy":"product_brand","embeddable":true,"href":"https:\/\/www.argensend.com\/en\/wp-json\/wp\/v2\/product_brand?post=126875"},{"taxonomy":"product_cat","embeddable":true,"href":"https:\/\/www.argensend.com\/en\/wp-json\/wp\/v2\/product_cat?post=126875"},{"taxonomy":"product_tag","embeddable":true,"href":"https:\/\/www.argensend.com\/en\/wp-json\/wp\/v2\/product_tag?post=126875"}],"curies":[{"name":"wp","href":"https:\/\/api.w.org\/{rel}","templated":true}]}}