{"id":126899,"date":"2025-10-01T14:48:45","date_gmt":"2025-10-01T17:48:45","guid":{"rendered":"https:\/\/www.argensend.com\/producto\/analisis-y-produccion-de-vino-de-zoecklein-bruce-w-fugelsang\/"},"modified":"2025-10-01T14:48:45","modified_gmt":"2025-10-01T17:48:45","slug":"analisis-y-produccion-de-vino-de-zoecklein-bruce-w-fugelsang","status":"publish","type":"product","link":"https:\/\/www.argensend.com\/en\/product\/analisis-y-produccion-de-vino-de-zoecklein-bruce-w-fugelsang\/","title":{"rendered":"An\u00e1lisis Y Producci\u00f3n De Vino De Zoecklein, Bruce W.; Fugelsang"},"content":{"rendered":"","protected":false},"excerpt":{"rendered":"<p>Manual t\u00e9cnico avanzado sobre los procesos de an\u00e1lisis qu\u00edmico y microbiol\u00f3gico esenciales en la producci\u00f3n de vino.<\/p>","protected":false},"featured_media":124946,"comment_status":"closed","ping_status":"closed","template":"","meta":{"_acf_changed":false,"om_disable_all_campaigns":false,"_monsterinsights_skip_tracking":false,"_monsterinsights_sitenote_active":false,"_monsterinsights_sitenote_note":"","_monsterinsights_sitenote_category":0},"etheme_brands":[],"product_brand":[],"product_cat":[685],"product_tag":[],"class_list":{"0":"post-126899","1":"product","2":"type-product","3":"status-publish","4":"has-post-thumbnail","6":"product_cat-libros","8":"first","9":"instock","10":"sale","11":"taxable","12":"shipping-taxable","13":"purchasable","14":"product-type-simple"},"acf":[],"aioseo_notices":[],"_links":{"self":[{"href":"https:\/\/www.argensend.com\/en\/wp-json\/wp\/v2\/product\/126899","targetHints":{"allow":["GET"]}}],"collection":[{"href":"https:\/\/www.argensend.com\/en\/wp-json\/wp\/v2\/product"}],"about":[{"href":"https:\/\/www.argensend.com\/en\/wp-json\/wp\/v2\/types\/product"}],"replies":[{"embeddable":true,"href":"https:\/\/www.argensend.com\/en\/wp-json\/wp\/v2\/comments?post=126899"}],"version-history":[{"count":0,"href":"https:\/\/www.argensend.com\/en\/wp-json\/wp\/v2\/product\/126899\/revisions"}],"wp:featuredmedia":[{"embeddable":true,"href":"https:\/\/www.argensend.com\/en\/wp-json\/wp\/v2\/media\/124946"}],"wp:attachment":[{"href":"https:\/\/www.argensend.com\/en\/wp-json\/wp\/v2\/media?parent=126899"}],"wp:term":[{"taxonomy":"brand","embeddable":true,"href":"https:\/\/www.argensend.com\/en\/wp-json\/wp\/v2\/etheme_brands?post=126899"},{"taxonomy":"product_brand","embeddable":true,"href":"https:\/\/www.argensend.com\/en\/wp-json\/wp\/v2\/product_brand?post=126899"},{"taxonomy":"product_cat","embeddable":true,"href":"https:\/\/www.argensend.com\/en\/wp-json\/wp\/v2\/product_cat?post=126899"},{"taxonomy":"product_tag","embeddable":true,"href":"https:\/\/www.argensend.com\/en\/wp-json\/wp\/v2\/product_tag?post=126899"}],"curies":[{"name":"wp","href":"https:\/\/api.w.org\/{rel}","templated":true}]}}