{"id":126907,"date":"2025-10-01T14:48:53","date_gmt":"2025-10-01T17:48:53","guid":{"rendered":"https:\/\/www.argensend.com\/producto\/arco-iris-musica-y-filosofia-en-los-inicios-del-rock-argentino-1969-1975-de-scaturchio-fabio\/"},"modified":"2025-10-01T14:48:53","modified_gmt":"2025-10-01T17:48:53","slug":"arco-iris-musica-y-filosofia-en-los-inicios-del-rock-argentino-1969-1975-de-scaturchio-fabio","status":"publish","type":"product","link":"https:\/\/www.argensend.com\/en\/product\/arco-iris-musica-y-filosofia-en-los-inicios-del-rock-argentino-1969-1975-de-scaturchio-fabio\/","title":{"rendered":"Arco Iris Musica Y Filosofia En Los Inicios Del Rock Argentino 1969-1975 De Scaturchio, Fabio"},"content":{"rendered":"","protected":false},"excerpt":{"rendered":"<p>Un estudio sobre la banda Arco Iris, su influencia y la conexi\u00f3n entre m\u00fasica y filosof\u00eda en el rock argentino temprano.<\/p>","protected":false},"featured_media":124866,"comment_status":"closed","ping_status":"closed","template":"","meta":{"_acf_changed":false,"om_disable_all_campaigns":false,"_monsterinsights_skip_tracking":false,"_monsterinsights_sitenote_active":false,"_monsterinsights_sitenote_note":"","_monsterinsights_sitenote_category":0},"etheme_brands":[],"product_brand":[],"product_cat":[685],"product_tag":[],"class_list":{"0":"post-126907","1":"product","2":"type-product","3":"status-publish","4":"has-post-thumbnail","6":"product_cat-libros","8":"first","9":"instock","10":"sale","11":"taxable","12":"shipping-taxable","13":"purchasable","14":"product-type-simple"},"acf":[],"aioseo_notices":[],"_links":{"self":[{"href":"https:\/\/www.argensend.com\/en\/wp-json\/wp\/v2\/product\/126907","targetHints":{"allow":["GET"]}}],"collection":[{"href":"https:\/\/www.argensend.com\/en\/wp-json\/wp\/v2\/product"}],"about":[{"href":"https:\/\/www.argensend.com\/en\/wp-json\/wp\/v2\/types\/product"}],"replies":[{"embeddable":true,"href":"https:\/\/www.argensend.com\/en\/wp-json\/wp\/v2\/comments?post=126907"}],"version-history":[{"count":0,"href":"https:\/\/www.argensend.com\/en\/wp-json\/wp\/v2\/product\/126907\/revisions"}],"wp:featuredmedia":[{"embeddable":true,"href":"https:\/\/www.argensend.com\/en\/wp-json\/wp\/v2\/media\/124866"}],"wp:attachment":[{"href":"https:\/\/www.argensend.com\/en\/wp-json\/wp\/v2\/media?parent=126907"}],"wp:term":[{"taxonomy":"brand","embeddable":true,"href":"https:\/\/www.argensend.com\/en\/wp-json\/wp\/v2\/etheme_brands?post=126907"},{"taxonomy":"product_brand","embeddable":true,"href":"https:\/\/www.argensend.com\/en\/wp-json\/wp\/v2\/product_brand?post=126907"},{"taxonomy":"product_cat","embeddable":true,"href":"https:\/\/www.argensend.com\/en\/wp-json\/wp\/v2\/product_cat?post=126907"},{"taxonomy":"product_tag","embeddable":true,"href":"https:\/\/www.argensend.com\/en\/wp-json\/wp\/v2\/product_tag?post=126907"}],"curies":[{"name":"wp","href":"https:\/\/api.w.org\/{rel}","templated":true}]}}