{"id":127075,"date":"2025-10-01T14:51:54","date_gmt":"2025-10-01T17:51:54","guid":{"rendered":"https:\/\/www.argensend.com\/producto\/campeones-argentina-en-las-copas-del-mundo-una-historia-de-gloria-de-falcciani-nestor\/"},"modified":"2025-10-01T14:51:54","modified_gmt":"2025-10-01T17:51:54","slug":"campeones-argentina-en-las-copas-del-mundo-una-historia-de-gloria-de-falcciani-nestor","status":"publish","type":"product","link":"https:\/\/www.argensend.com\/en\/product\/campeones-argentina-en-las-copas-del-mundo-una-historia-de-gloria-de-falcciani-nestor\/","title":{"rendered":"Campeones! Argentina En Las Copas Del Mundo Una Historia De Gloria De Falcciani, N\u00e9stor"},"content":{"rendered":"","protected":false},"excerpt":{"rendered":"<p>Una vibrante revisi\u00f3n de todas las participaciones de Argentina en los Mundiales, con foco en los t\u00edtulos de 1978, 1986 y el m\u00e1s reciente.<\/p>","protected":false},"featured_media":125058,"comment_status":"closed","ping_status":"closed","template":"","meta":{"_acf_changed":false,"om_disable_all_campaigns":false,"_monsterinsights_skip_tracking":false,"_monsterinsights_sitenote_active":false,"_monsterinsights_sitenote_note":"","_monsterinsights_sitenote_category":0},"etheme_brands":[],"product_brand":[],"product_cat":[685],"product_tag":[],"class_list":{"0":"post-127075","1":"product","2":"type-product","3":"status-publish","4":"has-post-thumbnail","6":"product_cat-libros","8":"first","9":"instock","10":"sale","11":"taxable","12":"shipping-taxable","13":"purchasable","14":"product-type-simple"},"acf":[],"aioseo_notices":[],"_links":{"self":[{"href":"https:\/\/www.argensend.com\/en\/wp-json\/wp\/v2\/product\/127075","targetHints":{"allow":["GET"]}}],"collection":[{"href":"https:\/\/www.argensend.com\/en\/wp-json\/wp\/v2\/product"}],"about":[{"href":"https:\/\/www.argensend.com\/en\/wp-json\/wp\/v2\/types\/product"}],"replies":[{"embeddable":true,"href":"https:\/\/www.argensend.com\/en\/wp-json\/wp\/v2\/comments?post=127075"}],"version-history":[{"count":0,"href":"https:\/\/www.argensend.com\/en\/wp-json\/wp\/v2\/product\/127075\/revisions"}],"wp:featuredmedia":[{"embeddable":true,"href":"https:\/\/www.argensend.com\/en\/wp-json\/wp\/v2\/media\/125058"}],"wp:attachment":[{"href":"https:\/\/www.argensend.com\/en\/wp-json\/wp\/v2\/media?parent=127075"}],"wp:term":[{"taxonomy":"brand","embeddable":true,"href":"https:\/\/www.argensend.com\/en\/wp-json\/wp\/v2\/etheme_brands?post=127075"},{"taxonomy":"product_brand","embeddable":true,"href":"https:\/\/www.argensend.com\/en\/wp-json\/wp\/v2\/product_brand?post=127075"},{"taxonomy":"product_cat","embeddable":true,"href":"https:\/\/www.argensend.com\/en\/wp-json\/wp\/v2\/product_cat?post=127075"},{"taxonomy":"product_tag","embeddable":true,"href":"https:\/\/www.argensend.com\/en\/wp-json\/wp\/v2\/product_tag?post=127075"}],"curies":[{"name":"wp","href":"https:\/\/api.w.org\/{rel}","templated":true}]}}