{"id":127115,"date":"2025-10-01T14:52:29","date_gmt":"2025-10-01T17:52:29","guid":{"rendered":"https:\/\/www.argensend.com\/producto\/charly-en-el-pais-de-las-alegorias-ed-2022-de-favoretto-mara\/"},"modified":"2025-10-01T14:52:30","modified_gmt":"2025-10-01T17:52:30","slug":"charly-en-el-pais-de-las-alegorias-ed-2022-de-favoretto-mara","status":"publish","type":"product","link":"https:\/\/www.argensend.com\/en\/product\/charly-en-el-pais-de-las-alegorias-ed-2022-de-favoretto-mara\/","title":{"rendered":"Charly En El Pa\u00eds De Las Alegor\u00edas (Ed 2022) De Favoretto, Mara"},"content":{"rendered":"","protected":false},"excerpt":{"rendered":"<p>Un viaje anal\u00edtico por la obra de Charly Garc\u00eda, desentra\u00f1ando las met\u00e1foras y alegor\u00edas de sus letras y su impacto cultural hasta la edici\u00f3n de 2022.<\/p>","protected":false},"featured_media":123468,"comment_status":"closed","ping_status":"closed","template":"","meta":{"_acf_changed":false,"om_disable_all_campaigns":false,"_monsterinsights_skip_tracking":false,"_monsterinsights_sitenote_active":false,"_monsterinsights_sitenote_note":"","_monsterinsights_sitenote_category":0},"etheme_brands":[],"product_brand":[],"product_cat":[685],"product_tag":[],"class_list":{"0":"post-127115","1":"product","2":"type-product","3":"status-publish","4":"has-post-thumbnail","6":"product_cat-libros","8":"first","9":"instock","10":"sale","11":"taxable","12":"shipping-taxable","13":"purchasable","14":"product-type-simple"},"acf":[],"aioseo_notices":[],"_links":{"self":[{"href":"https:\/\/www.argensend.com\/en\/wp-json\/wp\/v2\/product\/127115","targetHints":{"allow":["GET"]}}],"collection":[{"href":"https:\/\/www.argensend.com\/en\/wp-json\/wp\/v2\/product"}],"about":[{"href":"https:\/\/www.argensend.com\/en\/wp-json\/wp\/v2\/types\/product"}],"replies":[{"embeddable":true,"href":"https:\/\/www.argensend.com\/en\/wp-json\/wp\/v2\/comments?post=127115"}],"version-history":[{"count":0,"href":"https:\/\/www.argensend.com\/en\/wp-json\/wp\/v2\/product\/127115\/revisions"}],"wp:featuredmedia":[{"embeddable":true,"href":"https:\/\/www.argensend.com\/en\/wp-json\/wp\/v2\/media\/123468"}],"wp:attachment":[{"href":"https:\/\/www.argensend.com\/en\/wp-json\/wp\/v2\/media?parent=127115"}],"wp:term":[{"taxonomy":"brand","embeddable":true,"href":"https:\/\/www.argensend.com\/en\/wp-json\/wp\/v2\/etheme_brands?post=127115"},{"taxonomy":"product_brand","embeddable":true,"href":"https:\/\/www.argensend.com\/en\/wp-json\/wp\/v2\/product_brand?post=127115"},{"taxonomy":"product_cat","embeddable":true,"href":"https:\/\/www.argensend.com\/en\/wp-json\/wp\/v2\/product_cat?post=127115"},{"taxonomy":"product_tag","embeddable":true,"href":"https:\/\/www.argensend.com\/en\/wp-json\/wp\/v2\/product_tag?post=127115"}],"curies":[{"name":"wp","href":"https:\/\/api.w.org\/{rel}","templated":true}]}}