{"id":127116,"date":"2025-10-01T14:52:30","date_gmt":"2025-10-01T17:52:30","guid":{"rendered":"https:\/\/www.argensend.com\/producto\/charly-queer-todavia-sigo-siendo-un-anormal-de-soto-facu\/"},"modified":"2025-10-01T14:52:30","modified_gmt":"2025-10-01T17:52:30","slug":"charly-queer-todavia-sigo-siendo-un-anormal-de-soto-facu","status":"publish","type":"product","link":"https:\/\/www.argensend.com\/en\/product\/charly-queer-todavia-sigo-siendo-un-anormal-de-soto-facu\/","title":{"rendered":"Charly Queer Todav\u00eda Sigo Siendo Un Anormal De Soto, Facu"},"content":{"rendered":"","protected":false},"excerpt":{"rendered":"<p>Un ensayo que aborda la figura de Charly Garc\u00eda desde una perspectiva de g\u00e9nero y disidencia, analizando c\u00f3mo su excentricidad desafi\u00f3 las normas sociales.<\/p>","protected":false},"featured_media":124845,"comment_status":"closed","ping_status":"closed","template":"","meta":{"_acf_changed":false,"om_disable_all_campaigns":false,"_monsterinsights_skip_tracking":false,"_monsterinsights_sitenote_active":false,"_monsterinsights_sitenote_note":"","_monsterinsights_sitenote_category":0},"etheme_brands":[],"product_brand":[],"product_cat":[685],"product_tag":[],"class_list":{"0":"post-127116","1":"product","2":"type-product","3":"status-publish","4":"has-post-thumbnail","6":"product_cat-libros","8":"first","9":"instock","10":"sale","11":"taxable","12":"shipping-taxable","13":"purchasable","14":"product-type-simple"},"acf":[],"aioseo_notices":[],"_links":{"self":[{"href":"https:\/\/www.argensend.com\/en\/wp-json\/wp\/v2\/product\/127116","targetHints":{"allow":["GET"]}}],"collection":[{"href":"https:\/\/www.argensend.com\/en\/wp-json\/wp\/v2\/product"}],"about":[{"href":"https:\/\/www.argensend.com\/en\/wp-json\/wp\/v2\/types\/product"}],"replies":[{"embeddable":true,"href":"https:\/\/www.argensend.com\/en\/wp-json\/wp\/v2\/comments?post=127116"}],"version-history":[{"count":0,"href":"https:\/\/www.argensend.com\/en\/wp-json\/wp\/v2\/product\/127116\/revisions"}],"wp:featuredmedia":[{"embeddable":true,"href":"https:\/\/www.argensend.com\/en\/wp-json\/wp\/v2\/media\/124845"}],"wp:attachment":[{"href":"https:\/\/www.argensend.com\/en\/wp-json\/wp\/v2\/media?parent=127116"}],"wp:term":[{"taxonomy":"brand","embeddable":true,"href":"https:\/\/www.argensend.com\/en\/wp-json\/wp\/v2\/etheme_brands?post=127116"},{"taxonomy":"product_brand","embeddable":true,"href":"https:\/\/www.argensend.com\/en\/wp-json\/wp\/v2\/product_brand?post=127116"},{"taxonomy":"product_cat","embeddable":true,"href":"https:\/\/www.argensend.com\/en\/wp-json\/wp\/v2\/product_cat?post=127116"},{"taxonomy":"product_tag","embeddable":true,"href":"https:\/\/www.argensend.com\/en\/wp-json\/wp\/v2\/product_tag?post=127116"}],"curies":[{"name":"wp","href":"https:\/\/api.w.org\/{rel}","templated":true}]}}