{"id":127266,"date":"2025-10-01T14:54:41","date_gmt":"2025-10-01T17:54:41","guid":{"rendered":"https:\/\/www.argensend.com\/producto\/educacion-superior-y-calidad-en-america-latina-y-argentina-de-fernandez-lamarra-norberto\/"},"modified":"2025-10-01T14:54:41","modified_gmt":"2025-10-01T17:54:41","slug":"educacion-superior-y-calidad-en-america-latina-y-argentina-de-fernandez-lamarra-norberto","status":"publish","type":"product","link":"https:\/\/www.argensend.com\/en\/product\/educacion-superior-y-calidad-en-america-latina-y-argentina-de-fernandez-lamarra-norberto\/","title":{"rendered":"Educaci\u00f3n Superior Y Calidad En Am\u00e9rica Latina Y Argentina De Fern\u00e1ndez Lamarra, Norberto"},"content":{"rendered":"","protected":false},"excerpt":{"rendered":"<p>Un estudio sobre los desaf\u00edos y modelos de calidad en la educaci\u00f3n universitaria y superior en Am\u00e9rica Latina.<\/p>","protected":false},"featured_media":124502,"comment_status":"closed","ping_status":"closed","template":"","meta":{"_acf_changed":false,"om_disable_all_campaigns":false,"_monsterinsights_skip_tracking":false,"_monsterinsights_sitenote_active":false,"_monsterinsights_sitenote_note":"","_monsterinsights_sitenote_category":0},"etheme_brands":[],"product_brand":[],"product_cat":[685],"product_tag":[],"class_list":{"0":"post-127266","1":"product","2":"type-product","3":"status-publish","4":"has-post-thumbnail","6":"product_cat-libros","8":"first","9":"instock","10":"sale","11":"taxable","12":"shipping-taxable","13":"purchasable","14":"product-type-simple"},"acf":[],"aioseo_notices":[],"_links":{"self":[{"href":"https:\/\/www.argensend.com\/en\/wp-json\/wp\/v2\/product\/127266","targetHints":{"allow":["GET"]}}],"collection":[{"href":"https:\/\/www.argensend.com\/en\/wp-json\/wp\/v2\/product"}],"about":[{"href":"https:\/\/www.argensend.com\/en\/wp-json\/wp\/v2\/types\/product"}],"replies":[{"embeddable":true,"href":"https:\/\/www.argensend.com\/en\/wp-json\/wp\/v2\/comments?post=127266"}],"version-history":[{"count":0,"href":"https:\/\/www.argensend.com\/en\/wp-json\/wp\/v2\/product\/127266\/revisions"}],"wp:featuredmedia":[{"embeddable":true,"href":"https:\/\/www.argensend.com\/en\/wp-json\/wp\/v2\/media\/124502"}],"wp:attachment":[{"href":"https:\/\/www.argensend.com\/en\/wp-json\/wp\/v2\/media?parent=127266"}],"wp:term":[{"taxonomy":"brand","embeddable":true,"href":"https:\/\/www.argensend.com\/en\/wp-json\/wp\/v2\/etheme_brands?post=127266"},{"taxonomy":"product_brand","embeddable":true,"href":"https:\/\/www.argensend.com\/en\/wp-json\/wp\/v2\/product_brand?post=127266"},{"taxonomy":"product_cat","embeddable":true,"href":"https:\/\/www.argensend.com\/en\/wp-json\/wp\/v2\/product_cat?post=127266"},{"taxonomy":"product_tag","embeddable":true,"href":"https:\/\/www.argensend.com\/en\/wp-json\/wp\/v2\/product_tag?post=127266"}],"curies":[{"name":"wp","href":"https:\/\/api.w.org\/{rel}","templated":true}]}}