{"id":127268,"date":"2025-10-01T14:54:46","date_gmt":"2025-10-01T17:54:46","guid":{"rendered":"https:\/\/www.argensend.com\/producto\/el-17-de-octubre-de-1945-de-torre-juan-carlos\/"},"modified":"2025-10-01T14:54:46","modified_gmt":"2025-10-01T17:54:46","slug":"el-17-de-octubre-de-1945-de-torre-juan-carlos","status":"publish","type":"product","link":"https:\/\/www.argensend.com\/en\/product\/el-17-de-octubre-de-1945-de-torre-juan-carlos\/","title":{"rendered":"El 17 De Octubre De 1945 De Torre, Juan Carlos"},"content":{"rendered":"","protected":false},"excerpt":{"rendered":"<p>An\u00e1lisis de la jornada hist\u00f3rica del 17 de octubre de 1945, d\u00eda fundacional del movimiento peronista.<\/p>","protected":false},"featured_media":124827,"comment_status":"closed","ping_status":"closed","template":"","meta":{"_acf_changed":false,"om_disable_all_campaigns":false,"_monsterinsights_skip_tracking":false,"_monsterinsights_sitenote_active":false,"_monsterinsights_sitenote_note":"","_monsterinsights_sitenote_category":0},"etheme_brands":[],"product_brand":[],"product_cat":[685],"product_tag":[],"class_list":{"0":"post-127268","1":"product","2":"type-product","3":"status-publish","4":"has-post-thumbnail","6":"product_cat-libros","8":"first","9":"instock","10":"sale","11":"taxable","12":"shipping-taxable","13":"purchasable","14":"product-type-simple"},"acf":[],"aioseo_notices":[],"_links":{"self":[{"href":"https:\/\/www.argensend.com\/en\/wp-json\/wp\/v2\/product\/127268","targetHints":{"allow":["GET"]}}],"collection":[{"href":"https:\/\/www.argensend.com\/en\/wp-json\/wp\/v2\/product"}],"about":[{"href":"https:\/\/www.argensend.com\/en\/wp-json\/wp\/v2\/types\/product"}],"replies":[{"embeddable":true,"href":"https:\/\/www.argensend.com\/en\/wp-json\/wp\/v2\/comments?post=127268"}],"version-history":[{"count":0,"href":"https:\/\/www.argensend.com\/en\/wp-json\/wp\/v2\/product\/127268\/revisions"}],"wp:featuredmedia":[{"embeddable":true,"href":"https:\/\/www.argensend.com\/en\/wp-json\/wp\/v2\/media\/124827"}],"wp:attachment":[{"href":"https:\/\/www.argensend.com\/en\/wp-json\/wp\/v2\/media?parent=127268"}],"wp:term":[{"taxonomy":"brand","embeddable":true,"href":"https:\/\/www.argensend.com\/en\/wp-json\/wp\/v2\/etheme_brands?post=127268"},{"taxonomy":"product_brand","embeddable":true,"href":"https:\/\/www.argensend.com\/en\/wp-json\/wp\/v2\/product_brand?post=127268"},{"taxonomy":"product_cat","embeddable":true,"href":"https:\/\/www.argensend.com\/en\/wp-json\/wp\/v2\/product_cat?post=127268"},{"taxonomy":"product_tag","embeddable":true,"href":"https:\/\/www.argensend.com\/en\/wp-json\/wp\/v2\/product_tag?post=127268"}],"curies":[{"name":"wp","href":"https:\/\/api.w.org\/{rel}","templated":true}]}}