{"id":127272,"date":"2025-10-01T14:54:53","date_gmt":"2025-10-01T17:54:53","guid":{"rendered":"https:\/\/www.argensend.com\/producto\/el-adversario-periodistas-y-politica-en-la-era-kirchnerista-de-palma-dante-augusto\/"},"modified":"2025-10-01T14:54:54","modified_gmt":"2025-10-01T17:54:54","slug":"el-adversario-periodistas-y-politica-en-la-era-kirchnerista-de-palma-dante-augusto","status":"publish","type":"product","link":"https:\/\/www.argensend.com\/en\/product\/el-adversario-periodistas-y-politica-en-la-era-kirchnerista-de-palma-dante-augusto\/","title":{"rendered":"El Adversario Periodistas Y Pol\u00edtica En La Era Kirchnerista De Palma, Dante Augusto"},"content":{"rendered":"","protected":false},"excerpt":{"rendered":"<p>An\u00e1lisis sobre la relaci\u00f3n tensa y conflictiva entre el periodismo y el poder pol\u00edtico durante la era Kirchnerista.<\/p>","protected":false},"featured_media":123788,"comment_status":"closed","ping_status":"closed","template":"","meta":{"_acf_changed":false,"om_disable_all_campaigns":false,"_monsterinsights_skip_tracking":false,"_monsterinsights_sitenote_active":false,"_monsterinsights_sitenote_note":"","_monsterinsights_sitenote_category":0},"etheme_brands":[],"product_brand":[],"product_cat":[685],"product_tag":[],"class_list":{"0":"post-127272","1":"product","2":"type-product","3":"status-publish","4":"has-post-thumbnail","6":"product_cat-libros","8":"first","9":"instock","10":"sale","11":"taxable","12":"shipping-taxable","13":"purchasable","14":"product-type-simple"},"acf":[],"aioseo_notices":[],"_links":{"self":[{"href":"https:\/\/www.argensend.com\/en\/wp-json\/wp\/v2\/product\/127272","targetHints":{"allow":["GET"]}}],"collection":[{"href":"https:\/\/www.argensend.com\/en\/wp-json\/wp\/v2\/product"}],"about":[{"href":"https:\/\/www.argensend.com\/en\/wp-json\/wp\/v2\/types\/product"}],"replies":[{"embeddable":true,"href":"https:\/\/www.argensend.com\/en\/wp-json\/wp\/v2\/comments?post=127272"}],"version-history":[{"count":0,"href":"https:\/\/www.argensend.com\/en\/wp-json\/wp\/v2\/product\/127272\/revisions"}],"wp:featuredmedia":[{"embeddable":true,"href":"https:\/\/www.argensend.com\/en\/wp-json\/wp\/v2\/media\/123788"}],"wp:attachment":[{"href":"https:\/\/www.argensend.com\/en\/wp-json\/wp\/v2\/media?parent=127272"}],"wp:term":[{"taxonomy":"brand","embeddable":true,"href":"https:\/\/www.argensend.com\/en\/wp-json\/wp\/v2\/etheme_brands?post=127272"},{"taxonomy":"product_brand","embeddable":true,"href":"https:\/\/www.argensend.com\/en\/wp-json\/wp\/v2\/product_brand?post=127272"},{"taxonomy":"product_cat","embeddable":true,"href":"https:\/\/www.argensend.com\/en\/wp-json\/wp\/v2\/product_cat?post=127272"},{"taxonomy":"product_tag","embeddable":true,"href":"https:\/\/www.argensend.com\/en\/wp-json\/wp\/v2\/product_tag?post=127272"}],"curies":[{"name":"wp","href":"https:\/\/api.w.org\/{rel}","templated":true}]}}