{"id":127383,"date":"2025-10-01T14:56:12","date_gmt":"2025-10-01T17:56:12","guid":{"rendered":"https:\/\/www.argensend.com\/producto\/el-otro-el-mismo-para-las-seis-cuerdas-elogio-de-la-sombra-de-borges-jorge-luis-2\/"},"modified":"2025-10-01T14:56:13","modified_gmt":"2025-10-01T17:56:13","slug":"el-otro-el-mismo-para-las-seis-cuerdas-elogio-de-la-sombra-de-borges-jorge-luis-2","status":"publish","type":"product","link":"https:\/\/www.argensend.com\/en\/product\/el-otro-el-mismo-para-las-seis-cuerdas-elogio-de-la-sombra-de-borges-jorge-luis-2\/","title":{"rendered":"El Otro, El Mismo \/ Para Las Seis Cuerdas \/ Elogio De La Sombra De Borges, Jorge Luis"},"content":{"rendered":"","protected":false},"excerpt":{"rendered":"<p>La novela esencial de Gabriel Garc\u00eda M\u00e1rquez que narra el delirante y solitario poder de un dictador caribe\u00f1o.<\/p>","protected":false},"featured_media":123834,"comment_status":"closed","ping_status":"closed","template":"","meta":{"_acf_changed":false,"om_disable_all_campaigns":false,"_monsterinsights_skip_tracking":false,"_monsterinsights_sitenote_active":false,"_monsterinsights_sitenote_note":"","_monsterinsights_sitenote_category":0},"etheme_brands":[],"product_brand":[],"product_cat":[685],"product_tag":[],"class_list":{"0":"post-127383","1":"product","2":"type-product","3":"status-publish","4":"has-post-thumbnail","6":"product_cat-libros","8":"first","9":"instock","10":"sale","11":"taxable","12":"shipping-taxable","13":"purchasable","14":"product-type-simple"},"acf":[],"aioseo_notices":[],"_links":{"self":[{"href":"https:\/\/www.argensend.com\/en\/wp-json\/wp\/v2\/product\/127383","targetHints":{"allow":["GET"]}}],"collection":[{"href":"https:\/\/www.argensend.com\/en\/wp-json\/wp\/v2\/product"}],"about":[{"href":"https:\/\/www.argensend.com\/en\/wp-json\/wp\/v2\/types\/product"}],"replies":[{"embeddable":true,"href":"https:\/\/www.argensend.com\/en\/wp-json\/wp\/v2\/comments?post=127383"}],"version-history":[{"count":0,"href":"https:\/\/www.argensend.com\/en\/wp-json\/wp\/v2\/product\/127383\/revisions"}],"wp:featuredmedia":[{"embeddable":true,"href":"https:\/\/www.argensend.com\/en\/wp-json\/wp\/v2\/media\/123834"}],"wp:attachment":[{"href":"https:\/\/www.argensend.com\/en\/wp-json\/wp\/v2\/media?parent=127383"}],"wp:term":[{"taxonomy":"brand","embeddable":true,"href":"https:\/\/www.argensend.com\/en\/wp-json\/wp\/v2\/etheme_brands?post=127383"},{"taxonomy":"product_brand","embeddable":true,"href":"https:\/\/www.argensend.com\/en\/wp-json\/wp\/v2\/product_brand?post=127383"},{"taxonomy":"product_cat","embeddable":true,"href":"https:\/\/www.argensend.com\/en\/wp-json\/wp\/v2\/product_cat?post=127383"},{"taxonomy":"product_tag","embeddable":true,"href":"https:\/\/www.argensend.com\/en\/wp-json\/wp\/v2\/product_tag?post=127383"}],"curies":[{"name":"wp","href":"https:\/\/api.w.org\/{rel}","templated":true}]}}