{"id":127425,"date":"2025-10-01T14:56:36","date_gmt":"2025-10-01T17:56:36","guid":{"rendered":"https:\/\/www.argensend.com\/producto\/el-rio-de-la-musica-del-jazz-y-blues-al-rock-de-jurado-miquel\/"},"modified":"2025-10-01T14:56:37","modified_gmt":"2025-10-01T17:56:37","slug":"el-rio-de-la-musica-del-jazz-y-blues-al-rock-de-jurado-miquel","status":"publish","type":"product","link":"https:\/\/www.argensend.com\/en\/product\/el-rio-de-la-musica-del-jazz-y-blues-al-rock-de-jurado-miquel\/","title":{"rendered":"El R\u00edo De La M\u00fasica: Del Jazz Y Blues Al Rock De Jurado, Miquel"},"content":{"rendered":"","protected":false},"excerpt":{"rendered":"<p>Un recorrido hist\u00f3rico por los g\u00e9neros musicales que forjaron la m\u00fasica moderna, desde las ra\u00edces del Jazz y el Blues hasta la explosi\u00f3n del Rock and Roll.<\/p>","protected":false},"featured_media":123812,"comment_status":"closed","ping_status":"closed","template":"","meta":{"_acf_changed":false,"om_disable_all_campaigns":false,"_monsterinsights_skip_tracking":false,"_monsterinsights_sitenote_active":false,"_monsterinsights_sitenote_note":"","_monsterinsights_sitenote_category":0,"jetpack_post_was_ever_published":false},"etheme_brands":[],"product_brand":[],"product_cat":[685],"product_tag":[],"class_list":{"0":"post-127425","1":"product","2":"type-product","3":"status-publish","4":"has-post-thumbnail","6":"product_cat-libros","8":"first","9":"instock","10":"sale","11":"taxable","12":"shipping-taxable","13":"purchasable","14":"product-type-simple"},"acf":[],"aioseo_notices":[],"jetpack_sharing_enabled":true,"_links":{"self":[{"href":"https:\/\/www.argensend.com\/en\/wp-json\/wp\/v2\/product\/127425","targetHints":{"allow":["GET"]}}],"collection":[{"href":"https:\/\/www.argensend.com\/en\/wp-json\/wp\/v2\/product"}],"about":[{"href":"https:\/\/www.argensend.com\/en\/wp-json\/wp\/v2\/types\/product"}],"replies":[{"embeddable":true,"href":"https:\/\/www.argensend.com\/en\/wp-json\/wp\/v2\/comments?post=127425"}],"version-history":[{"count":0,"href":"https:\/\/www.argensend.com\/en\/wp-json\/wp\/v2\/product\/127425\/revisions"}],"wp:featuredmedia":[{"embeddable":true,"href":"https:\/\/www.argensend.com\/en\/wp-json\/wp\/v2\/media\/123812"}],"wp:attachment":[{"href":"https:\/\/www.argensend.com\/en\/wp-json\/wp\/v2\/media?parent=127425"}],"wp:term":[{"taxonomy":"brand","embeddable":true,"href":"https:\/\/www.argensend.com\/en\/wp-json\/wp\/v2\/etheme_brands?post=127425"},{"taxonomy":"product_brand","embeddable":true,"href":"https:\/\/www.argensend.com\/en\/wp-json\/wp\/v2\/product_brand?post=127425"},{"taxonomy":"product_cat","embeddable":true,"href":"https:\/\/www.argensend.com\/en\/wp-json\/wp\/v2\/product_cat?post=127425"},{"taxonomy":"product_tag","embeddable":true,"href":"https:\/\/www.argensend.com\/en\/wp-json\/wp\/v2\/product_tag?post=127425"}],"curies":[{"name":"wp","href":"https:\/\/api.w.org\/{rel}","templated":true}]}}