{"id":127446,"date":"2025-10-01T14:56:49","date_gmt":"2025-10-01T17:56:49","guid":{"rendered":"https:\/\/www.argensend.com\/producto\/elaboracion-artesanal-de-mantequilla-yogur-y-queso-de-schmidt-k-f\/"},"modified":"2025-10-01T14:56:49","modified_gmt":"2025-10-01T17:56:49","slug":"elaboracion-artesanal-de-mantequilla-yogur-y-queso-de-schmidt-k-f","status":"publish","type":"product","link":"https:\/\/www.argensend.com\/en\/product\/elaboracion-artesanal-de-mantequilla-yogur-y-queso-de-schmidt-k-f\/","title":{"rendered":"Elaboracion Artesanal De Mantequilla, Yogur Y Queso De Schmidt, K.F."},"content":{"rendered":"","protected":false},"excerpt":{"rendered":"<p>Gu\u00eda pr\u00e1ctica para elaborar productos l\u00e1cteos b\u00e1sicos (mantequilla, yogur, queso) de forma artesanal en casa.<\/p>","protected":false},"featured_media":124118,"comment_status":"closed","ping_status":"closed","template":"","meta":{"_acf_changed":false,"om_disable_all_campaigns":false,"_monsterinsights_skip_tracking":false,"_monsterinsights_sitenote_active":false,"_monsterinsights_sitenote_note":"","_monsterinsights_sitenote_category":0},"etheme_brands":[],"product_brand":[],"product_cat":[685],"product_tag":[],"class_list":{"0":"post-127446","1":"product","2":"type-product","3":"status-publish","4":"has-post-thumbnail","6":"product_cat-libros","8":"first","9":"instock","10":"sale","11":"taxable","12":"shipping-taxable","13":"purchasable","14":"product-type-simple"},"acf":[],"aioseo_notices":[],"_links":{"self":[{"href":"https:\/\/www.argensend.com\/en\/wp-json\/wp\/v2\/product\/127446","targetHints":{"allow":["GET"]}}],"collection":[{"href":"https:\/\/www.argensend.com\/en\/wp-json\/wp\/v2\/product"}],"about":[{"href":"https:\/\/www.argensend.com\/en\/wp-json\/wp\/v2\/types\/product"}],"replies":[{"embeddable":true,"href":"https:\/\/www.argensend.com\/en\/wp-json\/wp\/v2\/comments?post=127446"}],"version-history":[{"count":0,"href":"https:\/\/www.argensend.com\/en\/wp-json\/wp\/v2\/product\/127446\/revisions"}],"wp:featuredmedia":[{"embeddable":true,"href":"https:\/\/www.argensend.com\/en\/wp-json\/wp\/v2\/media\/124118"}],"wp:attachment":[{"href":"https:\/\/www.argensend.com\/en\/wp-json\/wp\/v2\/media?parent=127446"}],"wp:term":[{"taxonomy":"brand","embeddable":true,"href":"https:\/\/www.argensend.com\/en\/wp-json\/wp\/v2\/etheme_brands?post=127446"},{"taxonomy":"product_brand","embeddable":true,"href":"https:\/\/www.argensend.com\/en\/wp-json\/wp\/v2\/product_brand?post=127446"},{"taxonomy":"product_cat","embeddable":true,"href":"https:\/\/www.argensend.com\/en\/wp-json\/wp\/v2\/product_cat?post=127446"},{"taxonomy":"product_tag","embeddable":true,"href":"https:\/\/www.argensend.com\/en\/wp-json\/wp\/v2\/product_tag?post=127446"}],"curies":[{"name":"wp","href":"https:\/\/api.w.org\/{rel}","templated":true}]}}