{"id":127451,"date":"2025-10-01T14:56:50","date_gmt":"2025-10-01T17:56:50","guid":{"rendered":"https:\/\/www.argensend.com\/producto\/en-agosto-nos-vemos-de-garcia-marquez-gabriel\/"},"modified":"2025-10-01T14:56:51","modified_gmt":"2025-10-01T17:56:51","slug":"en-agosto-nos-vemos-de-garcia-marquez-gabriel","status":"publish","type":"product","link":"https:\/\/www.argensend.com\/en\/product\/en-agosto-nos-vemos-de-garcia-marquez-gabriel\/","title":{"rendered":"En Agosto Nos Vemos De Garcia Marquez, Gabriel"},"content":{"rendered":"","protected":false},"excerpt":{"rendered":"<p>La novela p\u00f3stuma de Gabriel Garc\u00eda M\u00e1rquez sobre una mujer que viaja a una isla para visitar la tumba de su madre.<\/p>","protected":false},"featured_media":124235,"comment_status":"closed","ping_status":"closed","template":"","meta":{"_acf_changed":false,"om_disable_all_campaigns":false,"_monsterinsights_skip_tracking":false,"_monsterinsights_sitenote_active":false,"_monsterinsights_sitenote_note":"","_monsterinsights_sitenote_category":0},"etheme_brands":[],"product_brand":[],"product_cat":[685],"product_tag":[],"class_list":{"0":"post-127451","1":"product","2":"type-product","3":"status-publish","4":"has-post-thumbnail","6":"product_cat-libros","8":"first","9":"instock","10":"sale","11":"taxable","12":"shipping-taxable","13":"purchasable","14":"product-type-simple"},"acf":[],"aioseo_notices":[],"_links":{"self":[{"href":"https:\/\/www.argensend.com\/en\/wp-json\/wp\/v2\/product\/127451","targetHints":{"allow":["GET"]}}],"collection":[{"href":"https:\/\/www.argensend.com\/en\/wp-json\/wp\/v2\/product"}],"about":[{"href":"https:\/\/www.argensend.com\/en\/wp-json\/wp\/v2\/types\/product"}],"replies":[{"embeddable":true,"href":"https:\/\/www.argensend.com\/en\/wp-json\/wp\/v2\/comments?post=127451"}],"version-history":[{"count":0,"href":"https:\/\/www.argensend.com\/en\/wp-json\/wp\/v2\/product\/127451\/revisions"}],"wp:featuredmedia":[{"embeddable":true,"href":"https:\/\/www.argensend.com\/en\/wp-json\/wp\/v2\/media\/124235"}],"wp:attachment":[{"href":"https:\/\/www.argensend.com\/en\/wp-json\/wp\/v2\/media?parent=127451"}],"wp:term":[{"taxonomy":"brand","embeddable":true,"href":"https:\/\/www.argensend.com\/en\/wp-json\/wp\/v2\/etheme_brands?post=127451"},{"taxonomy":"product_brand","embeddable":true,"href":"https:\/\/www.argensend.com\/en\/wp-json\/wp\/v2\/product_brand?post=127451"},{"taxonomy":"product_cat","embeddable":true,"href":"https:\/\/www.argensend.com\/en\/wp-json\/wp\/v2\/product_cat?post=127451"},{"taxonomy":"product_tag","embeddable":true,"href":"https:\/\/www.argensend.com\/en\/wp-json\/wp\/v2\/product_tag?post=127451"}],"curies":[{"name":"wp","href":"https:\/\/api.w.org\/{rel}","templated":true}]}}