{"id":127475,"date":"2025-10-01T14:57:14","date_gmt":"2025-10-01T17:57:14","guid":{"rendered":"https:\/\/www.argensend.com\/producto\/eso-no-estaba-en-mi-libro-de-los-beatles-de-castro-veloso-francisco\/"},"modified":"2025-10-01T14:57:14","modified_gmt":"2025-10-01T17:57:14","slug":"eso-no-estaba-en-mi-libro-de-los-beatles-de-castro-veloso-francisco","status":"publish","type":"product","link":"https:\/\/www.argensend.com\/en\/product\/eso-no-estaba-en-mi-libro-de-los-beatles-de-castro-veloso-francisco\/","title":{"rendered":"Eso No Estaba En Mi Libro De Los Beatles De Castro Veloso, Francisco"},"content":{"rendered":"","protected":false},"excerpt":{"rendered":"<p>Un recorrido por las curiosidades, an\u00e9cdotas in\u00e9ditas y los mitos menos conocidos de The Beatles, ofreciendo una perspectiva fresca m\u00e1s all\u00e1 de su historia oficial.<\/p>","protected":false},"featured_media":125166,"comment_status":"closed","ping_status":"closed","template":"","meta":{"_acf_changed":false,"om_disable_all_campaigns":false,"_monsterinsights_skip_tracking":false,"_monsterinsights_sitenote_active":false,"_monsterinsights_sitenote_note":"","_monsterinsights_sitenote_category":0},"etheme_brands":[],"product_brand":[],"product_cat":[685],"product_tag":[],"class_list":{"0":"post-127475","1":"product","2":"type-product","3":"status-publish","4":"has-post-thumbnail","6":"product_cat-libros","8":"first","9":"instock","10":"sale","11":"taxable","12":"shipping-taxable","13":"purchasable","14":"product-type-simple"},"acf":[],"aioseo_notices":[],"_links":{"self":[{"href":"https:\/\/www.argensend.com\/en\/wp-json\/wp\/v2\/product\/127475","targetHints":{"allow":["GET"]}}],"collection":[{"href":"https:\/\/www.argensend.com\/en\/wp-json\/wp\/v2\/product"}],"about":[{"href":"https:\/\/www.argensend.com\/en\/wp-json\/wp\/v2\/types\/product"}],"replies":[{"embeddable":true,"href":"https:\/\/www.argensend.com\/en\/wp-json\/wp\/v2\/comments?post=127475"}],"version-history":[{"count":0,"href":"https:\/\/www.argensend.com\/en\/wp-json\/wp\/v2\/product\/127475\/revisions"}],"wp:featuredmedia":[{"embeddable":true,"href":"https:\/\/www.argensend.com\/en\/wp-json\/wp\/v2\/media\/125166"}],"wp:attachment":[{"href":"https:\/\/www.argensend.com\/en\/wp-json\/wp\/v2\/media?parent=127475"}],"wp:term":[{"taxonomy":"brand","embeddable":true,"href":"https:\/\/www.argensend.com\/en\/wp-json\/wp\/v2\/etheme_brands?post=127475"},{"taxonomy":"product_brand","embeddable":true,"href":"https:\/\/www.argensend.com\/en\/wp-json\/wp\/v2\/product_brand?post=127475"},{"taxonomy":"product_cat","embeddable":true,"href":"https:\/\/www.argensend.com\/en\/wp-json\/wp\/v2\/product_cat?post=127475"},{"taxonomy":"product_tag","embeddable":true,"href":"https:\/\/www.argensend.com\/en\/wp-json\/wp\/v2\/product_tag?post=127475"}],"curies":[{"name":"wp","href":"https:\/\/api.w.org\/{rel}","templated":true}]}}