{"id":127486,"date":"2025-10-01T14:57:23","date_gmt":"2025-10-01T17:57:23","guid":{"rendered":"https:\/\/www.argensend.com\/producto\/esta-noche-toca-charlyun-viaje-por-los-recitales-de-charly-garcia-tomo-2-de-di-pietro-roque\/"},"modified":"2025-10-01T14:57:23","modified_gmt":"2025-10-01T17:57:23","slug":"esta-noche-toca-charlyun-viaje-por-los-recitales-de-charly-garcia-tomo-2-de-di-pietro-roque","status":"publish","type":"product","link":"https:\/\/www.argensend.com\/en\/product\/esta-noche-toca-charlyun-viaje-por-los-recitales-de-charly-garcia-tomo-2-de-di-pietro-roque\/","title":{"rendered":"Est\u00e1 Noche Toca Charlyun Viaje Por Los Recitales De Charly Garc\u00eda Tomo 2: De Di Pietro, Roque"},"content":{"rendered":"","protected":false},"excerpt":{"rendered":"<p>La continuaci\u00f3n del viaje a trav\u00e9s de los conciertos de Charly Garc\u00eda, documentando sus presentaciones y su evoluci\u00f3n art\u00edstica en la segunda etapa de su carrera.<\/p>","protected":false},"featured_media":124543,"comment_status":"closed","ping_status":"closed","template":"","meta":{"_acf_changed":false,"om_disable_all_campaigns":false,"_monsterinsights_skip_tracking":false,"_monsterinsights_sitenote_active":false,"_monsterinsights_sitenote_note":"","_monsterinsights_sitenote_category":0},"etheme_brands":[],"product_brand":[],"product_cat":[685],"product_tag":[],"class_list":{"0":"post-127486","1":"product","2":"type-product","3":"status-publish","4":"has-post-thumbnail","6":"product_cat-libros","8":"first","9":"instock","10":"sale","11":"taxable","12":"shipping-taxable","13":"purchasable","14":"product-type-simple"},"acf":[],"aioseo_notices":[],"_links":{"self":[{"href":"https:\/\/www.argensend.com\/en\/wp-json\/wp\/v2\/product\/127486","targetHints":{"allow":["GET"]}}],"collection":[{"href":"https:\/\/www.argensend.com\/en\/wp-json\/wp\/v2\/product"}],"about":[{"href":"https:\/\/www.argensend.com\/en\/wp-json\/wp\/v2\/types\/product"}],"replies":[{"embeddable":true,"href":"https:\/\/www.argensend.com\/en\/wp-json\/wp\/v2\/comments?post=127486"}],"version-history":[{"count":0,"href":"https:\/\/www.argensend.com\/en\/wp-json\/wp\/v2\/product\/127486\/revisions"}],"wp:featuredmedia":[{"embeddable":true,"href":"https:\/\/www.argensend.com\/en\/wp-json\/wp\/v2\/media\/124543"}],"wp:attachment":[{"href":"https:\/\/www.argensend.com\/en\/wp-json\/wp\/v2\/media?parent=127486"}],"wp:term":[{"taxonomy":"brand","embeddable":true,"href":"https:\/\/www.argensend.com\/en\/wp-json\/wp\/v2\/etheme_brands?post=127486"},{"taxonomy":"product_brand","embeddable":true,"href":"https:\/\/www.argensend.com\/en\/wp-json\/wp\/v2\/product_brand?post=127486"},{"taxonomy":"product_cat","embeddable":true,"href":"https:\/\/www.argensend.com\/en\/wp-json\/wp\/v2\/product_cat?post=127486"},{"taxonomy":"product_tag","embeddable":true,"href":"https:\/\/www.argensend.com\/en\/wp-json\/wp\/v2\/product_tag?post=127486"}],"curies":[{"name":"wp","href":"https:\/\/api.w.org\/{rel}","templated":true}]}}