{"id":127490,"date":"2025-10-01T14:57:24","date_gmt":"2025-10-01T17:57:24","guid":{"rendered":"https:\/\/www.argensend.com\/producto\/esto-no-esta-pasando-el-kid-a-de-radiohead-y-el-comienzo-del-siglo-xxi-de-hyden-steven\/"},"modified":"2025-10-01T14:57:25","modified_gmt":"2025-10-01T17:57:25","slug":"esto-no-esta-pasando-el-kid-a-de-radiohead-y-el-comienzo-del-siglo-xxi-de-hyden-steven","status":"publish","type":"product","link":"https:\/\/www.argensend.com\/en\/product\/esto-no-esta-pasando-el-kid-a-de-radiohead-y-el-comienzo-del-siglo-xxi-de-hyden-steven\/","title":{"rendered":"Esto No Est\u00e1 Pasando El Kid A De Radiohead Y El Comienzo Del Siglo Xxi De Hyden, Steven"},"content":{"rendered":"","protected":false},"excerpt":{"rendered":"<p>Un an\u00e1lisis del ic\u00f3nico \u00e1lbum Kid A de Radiohead y su papel como banda sonora de la incertidumbre y el cambio cultural a principios del Siglo XXI.<\/p>","protected":false},"featured_media":124108,"comment_status":"closed","ping_status":"closed","template":"","meta":{"_acf_changed":false,"om_disable_all_campaigns":false,"_monsterinsights_skip_tracking":false,"_monsterinsights_sitenote_active":false,"_monsterinsights_sitenote_note":"","_monsterinsights_sitenote_category":0},"etheme_brands":[],"product_brand":[],"product_cat":[685],"product_tag":[],"class_list":{"0":"post-127490","1":"product","2":"type-product","3":"status-publish","4":"has-post-thumbnail","6":"product_cat-libros","8":"first","9":"instock","10":"sale","11":"taxable","12":"shipping-taxable","13":"purchasable","14":"product-type-simple"},"acf":[],"aioseo_notices":[],"_links":{"self":[{"href":"https:\/\/www.argensend.com\/en\/wp-json\/wp\/v2\/product\/127490","targetHints":{"allow":["GET"]}}],"collection":[{"href":"https:\/\/www.argensend.com\/en\/wp-json\/wp\/v2\/product"}],"about":[{"href":"https:\/\/www.argensend.com\/en\/wp-json\/wp\/v2\/types\/product"}],"replies":[{"embeddable":true,"href":"https:\/\/www.argensend.com\/en\/wp-json\/wp\/v2\/comments?post=127490"}],"version-history":[{"count":0,"href":"https:\/\/www.argensend.com\/en\/wp-json\/wp\/v2\/product\/127490\/revisions"}],"wp:featuredmedia":[{"embeddable":true,"href":"https:\/\/www.argensend.com\/en\/wp-json\/wp\/v2\/media\/124108"}],"wp:attachment":[{"href":"https:\/\/www.argensend.com\/en\/wp-json\/wp\/v2\/media?parent=127490"}],"wp:term":[{"taxonomy":"brand","embeddable":true,"href":"https:\/\/www.argensend.com\/en\/wp-json\/wp\/v2\/etheme_brands?post=127490"},{"taxonomy":"product_brand","embeddable":true,"href":"https:\/\/www.argensend.com\/en\/wp-json\/wp\/v2\/product_brand?post=127490"},{"taxonomy":"product_cat","embeddable":true,"href":"https:\/\/www.argensend.com\/en\/wp-json\/wp\/v2\/product_cat?post=127490"},{"taxonomy":"product_tag","embeddable":true,"href":"https:\/\/www.argensend.com\/en\/wp-json\/wp\/v2\/product_tag?post=127490"}],"curies":[{"name":"wp","href":"https:\/\/api.w.org\/{rel}","templated":true}]}}